{"id":162611,"date":"2019-02-02T14:20:50","date_gmt":"2019-02-02T13:20:50","guid":{"rendered":"https:\/\/www.moskito.cz\/?post_type=product&#038;p=162611"},"modified":"2025-07-11T07:48:04","modified_gmt":"2025-07-11T06:48:04","slug":"microtech-ludt-tactical-automatic-knife-3-4-black-135-1t","status":"publish","type":"product","link":"https:\/\/www.moskito.cz\/de\/produkt\/microtech-ludt-tactical-automatic-knife-3-4-black-135-1t\/","title":{"rendered":"Vyst\u0159elovac\u00ed N\u016f\u017e Microtech LUDT 135-1T"},"content":{"rendered":"<p>Vyst\u0159elovac\u00ed N\u016f\u017e <strong>Microtech LUDT<\/strong> 135-1T<\/p>\n<p>Vyst\u0159elovac\u00ed n\u016f\u017e.<\/p>\n<p>LUDT je \u200b\u200bvelk\u00e1 verze no\u017ee Underwater Demolition Team. V polovin\u011b 90. let se dostal na trh no\u017e\u016f a rychle se stal jedn\u00edm z nejrychleji prod\u00e1van\u00fdch no\u017e\u016f v historii Microtechu. V pr\u016fb\u011bhu let byl LUDT tvarov\u00e1n a m\u011bn\u011bn tak, aby vyhovoval neust\u00e1le se m\u011bn\u00edc\u00edmu trhu. LUDT byl na ur\u010ditou dobu p\u0159eru\u0161en z \u0159ady Microtech, tak\u017ee jsme pot\u011b\u0161eni, \u017ee se k n\u00e1m dostal.<\/p>\n<p>\u010cepel 135-1 LUDT m\u00e1 korunovan\u00fd h\u0159bet, n\u00e1b\u011bh na palec a zes\u00edlenou \u0161pi\u010dku pro maxim\u00e1ln\u00ed \u00fa\u010dinnost pr\u016fniku, ani\u017e by byla ohro\u017eena \u0161pi\u010dka. \u010cern\u00fd povrch \u010depele a rukojeti je extr\u00e9mn\u011b odoln\u00fd a d\u011bl\u00e1 z n\u011bj ide\u00e1ln\u00ed slo\u017eku pro taktick\u00e9 operace. Ve\u0161ker\u00fd hardware tohoto no\u017ee v\u010detn\u011b spou\u0161t\u011bc\u00edho tla\u010d\u00edtka a kapesn\u00ed spony je \u010dern\u00fd, co\u017e je model Tactical LUDT. Rukoje\u0165 je vyrobena z fr\u00e9zovan\u00e9ho leteck\u00e9ho hlin\u00edku pro pevnost a udr\u017een\u00ed n\u00edzk\u00e9 hmotnosti. Je ergonomick\u00e1, bleskurychl\u00e1 a prost\u011b \u00fa\u017easn\u00e1 \u010depel. Tento n\u016f\u017e je opakovan\u011b osv\u011bd\u010den\u00fd a jsme velmi r\u00e1di, \u017ee se k n\u011bmu op\u011bt vrac\u00edme. Obsahuje \u0161\u0148\u016frku na \u0161\u0148\u016frku a \u0161rouby odoln\u00e9 proti neopr\u00e1vn\u011bn\u00e9 manipulaci.<\/p>\n<p><strong>Microtech<\/strong> LUDT je \u200b\u200bzp\u011bt a lep\u0161\u00ed ne\u017e kdy jindy! V\u00fdrazn\u00e9 zm\u011bny automatick\u00e9ho no\u017ee LUDT lze vid\u011bt v cel\u00e9 jeho kr\u00e1se, ale nejv\u00fdrazn\u011bj\u0161\u00edm je rozd\u00edl v revidovan\u00e9m profilu, se zvednutou palcovou rampou a hladkou korunovanou p\u00e1te\u0159\u00ed. Nov\u00fd hardware Tri-Angle a vestav\u011bn\u00e1 oto\u010dn\u00e1 sestava poskytuj\u00ed jemn\u00fd dotek spolu s p\u0159id\u00e1n\u00edm otvoru pro upevn\u011bn\u00ed lanyard.<\/p>\n<p>Tvar zp\u011btn\u00e9ho chodu je vid\u011bt v fr\u00e9zovan\u00fdch dr\u00e1\u017ek\u00e1ch z ku\u017eelov\u00e9 hlin\u00edkov\u00e9 rukojeti 6061-T6, kter\u00e1 se datuje od model\u016f z po\u010d\u00e1tku roku 2000. LUDT je \u200b\u200bto, co pova\u017eujeme za \u201ecenovou dokonalost\u201c. Kombinuje p\u0159esn\u00e9 zpracov\u00e1n\u00ed, pr\u00e9miov\u00e9 materi\u00e1ly a nad\u010dasov\u00fd design.<\/p>\n<p>P\u0159ed v\u00edce ne\u017e 20 lety p\u0159edstavil Anthony Marfione U.D.T. (Underwater Demolition Team), kompaktn\u00ed automatick\u00e1 n\u016f\u017e, kter\u00fd byl okam\u017eit\u00fdm hitem mezi nad\u0161enci no\u017e\u016f. Velk\u00fd UDT, nebo LUDT, n\u00e1sledoval brzy pot\u00e9 a od t\u00e9 doby je p\u0159eru\u0161ovan\u011b vyr\u00e1b\u011bn.<\/p>\n<p><span class=\"tlid-translation translation\"><span class=\"\" title=\"\">Celkov\u00e1 d\u00e9lka: 20cm<\/span><br \/>\n<span class=\"\" title=\"\">D\u00e9lka \u010depele: 8.5 cm<\/span><br \/>\n<span class=\"\" title=\"\">Tlou\u0161\u0165ka \u010depele: 0,33 cm<\/span><br \/>\n<span class=\"\" title=\"\">Materi\u00e1l \u010depele: M390<\/span><br \/>\n<span title=\"\">Styl \u010depel\u00ed: Drop Point<\/span><br \/>\n<span title=\"\">B\u0159itov\u00e9 desti\u010dky: Ploch\u00e9<\/span><br \/>\n<span title=\"\">Dokon\u010den\u00ed: \u010cern\u00e9<\/span><br \/>\n<span title=\"\">Typ okraje: oby\u010dejn\u00fd<\/span><br \/>\n<span title=\"\">Materi\u00e1l rukojeti: hlin\u00edk<\/span><br \/>\n<span title=\"\">\u010cern\u00e1 barva<\/span><br \/>\n<span title=\"\">Hmotnost: 3,62 oz.<\/span><br \/>\n<span title=\"\">U\u017eivatel: Prav\u00e1 ruka<\/span><br \/>\n<span title=\"\">Pocket Clip: Tip-Up<\/span><br \/>\n<span title=\"\">Typ no\u017ee: Automatick\u00fd<\/span><br \/>\n<span title=\"\">Otv\u00edra\u010d: Tla\u010d\u00edtko<\/span><br \/>\n<span title=\"\">Typ z\u00e1mku: Blokovac\u00ed z\u00e1mek<\/span><br \/>\n<span title=\"\">Zna\u010dka: Microtech<\/span><br \/>\n<span title=\"\">Model: LUDT<\/span><br \/>\n<span title=\"\">\u010c\u00edslo modelu: 135-1T<\/span><br \/>\n<span title=\"\">Zem\u011b p\u016fvodu: USA<\/span><br \/>\n<span class=\"\" title=\"\">Nejlep\u0161\u00ed vyu\u017eit\u00ed: Taktick\u00e9<\/span><\/span><span class=\"tlid-translation translation\">\u00a0<\/span><\/p>\n<p>The L.U.D.T. is the large version of the Underwater Demolition Team knife. It led its way into the knife market in the mid-1990s and quickly became one of the fastest selling knives in <strong>Microtech&#8217;s<\/strong> history. Over the years the L.U.D.T. has been shaped and changed to fit in the ever-changing market. The L.U.D.T. was discontinued from <strong>Microtech&#8217;s <\/strong>lineup not too long ago and now it is back and better than before. An excellent choice for an EDC!<\/p>\n<p>This model has a grooved black anodized 6061-T6 aluminum handle. Black finished CTS-204P stainless steel drop point blade. Lanyard hole with nylon lanyard. Black tactical finished hardware and pocket clip. The blade is marked with the model information and <strong>Microtech<\/strong> logo. The pocket clip is also marked with the <strong>Microtech <\/strong>logo. Brand new in box.<\/p>\n","protected":false},"excerpt":{"rendered":"<p><strong>V pr\u016fb\u011bhu let\u00a0Microtech\u00ae\u00a0Knives naplnil v\u00e1\u0161n\u00ed a dovednost\u00ed v\u00fdrobu no\u017e\u016f, a\u017e z nich vytvo\u0159il t\u00e9m\u011b\u0159 um\u011bleck\u00e1 d\u00edla,kter\u00e9 jsou vrcholem funk\u010dnosti.V\u0161echny d\u00edly jsou vyrobeny v USA.<\/strong><br \/>\n<strong>Na v\u0161echny no\u017ee Microtech je do\u017eivotn\u00ed z\u00e1ruka ( min. 80 000 cykl\u016f, otev\u0159en\u00ed a zav\u0159en\u00ed)<\/strong><\/p>\n<p><strong>Doprava zdarma.<\/strong><\/p>\n","protected":false},"featured_media":256474,"comment_status":"open","ping_status":"closed","template":"","meta":[],"pwb-brand":[431],"product_brand":[],"product_cat":[2019,17],"product_tag":[],"class_list":{"0":"post-162611","1":"product","2":"type-product","3":"status-publish","4":"has-post-thumbnail","6":"pwb-brand-microtech","7":"product_cat-vystrelovaci-noze","8":"product_cat-noze","10":"first","11":"outofstock","12":"taxable","13":"shipping-taxable","14":"purchasable","15":"product-type-simple"},"brands":[{"id":431,"name":"Microtech","slug":"microtech"}],"_links":{"self":[{"href":"https:\/\/www.moskito.cz\/de\/wp-json\/wp\/v2\/product\/162611","targetHints":{"allow":["GET"]}}],"collection":[{"href":"https:\/\/www.moskito.cz\/de\/wp-json\/wp\/v2\/product"}],"about":[{"href":"https:\/\/www.moskito.cz\/de\/wp-json\/wp\/v2\/types\/product"}],"replies":[{"embeddable":true,"href":"https:\/\/www.moskito.cz\/de\/wp-json\/wp\/v2\/comments?post=162611"}],"wp:featuredmedia":[{"embeddable":true,"href":"https:\/\/www.moskito.cz\/de\/wp-json\/wp\/v2\/media\/256474"}],"wp:attachment":[{"href":"https:\/\/www.moskito.cz\/de\/wp-json\/wp\/v2\/media?parent=162611"}],"wp:term":[{"taxonomy":"pwb-brand","embeddable":true,"href":"https:\/\/www.moskito.cz\/de\/wp-json\/wp\/v2\/pwb-brand?post=162611"},{"taxonomy":"product_brand","embeddable":true,"href":"https:\/\/www.moskito.cz\/de\/wp-json\/wp\/v2\/product_brand?post=162611"},{"taxonomy":"product_cat","embeddable":true,"href":"https:\/\/www.moskito.cz\/de\/wp-json\/wp\/v2\/product_cat?post=162611"},{"taxonomy":"product_tag","embeddable":true,"href":"https:\/\/www.moskito.cz\/de\/wp-json\/wp\/v2\/product_tag?post=162611"}],"curies":[{"name":"wp","href":"https:\/\/api.w.org\/{rel}","templated":true}]}}