{"id":162627,"date":"2019-02-02T16:30:20","date_gmt":"2019-02-02T15:30:20","guid":{"rendered":"https:\/\/www.moskito.cz\/?post_type=product&#038;p=162627"},"modified":"2025-07-11T07:48:06","modified_gmt":"2025-07-11T06:48:06","slug":"microtech-troodon-se-otf-automatic-knife-tan-3-satin-139-4-ta","status":"publish","type":"product","link":"https:\/\/www.moskito.cz\/de\/produkt\/microtech-troodon-se-otf-automatic-knife-tan-3-satin-139-4-ta\/","title":{"rendered":"Vyst\u0159elovac\u00ed N\u016f\u017e Microtech Troodon 139-4 TA"},"content":{"rendered":"<p><span class=\"tlid-translation translation\"><span class=\"\" title=\"\">Vyst\u0159elovac\u00ed N\u016f\u017e Microtech Troodon 139-4 TA<\/span><\/span><\/p>\n<p><span class=\"tlid-translation translation\"><span class=\"\" title=\"\">Vyst\u0159elovac\u00ed N\u016f\u017e Microtech Troodon 139-4 TA &#8211; Tento model Microtech Troodon je dod\u00e1v\u00e1n se sat\u00e9novou \u010depel\u00ed M390 a hlin\u00edkovou rukojet\u00ed z nerezav\u011bj\u00edc\u00ed oceli.<\/span><\/span><\/p>\n<p><span title=\"\">Microtech Troodon je men\u0161\u00ed verze slavn\u00e9ho Combat Troodonu;<\/span> <span title=\"\">O 25% men\u0161\u00ed.<\/span> <span title=\"\">Vyzna\u010duje se stejn\u00fdm designem, jako je to v\u011bt\u0161\u00ed bratr, ale je mnohem p\u0159\u00edjemn\u011bj\u0161\u00ed.<\/span> <span title=\"\">Pojmenov\u00e1n po dinosaurusu Troodon, co\u017e znamen\u00e1 slovo &#8222;zran\u011bn\u00ed zub\u016f&#8220; v \u0159e\u010dtin\u011b, tento n\u016f\u017e jist\u011b spln\u00ed jeho jm\u00e9no.<\/span><\/p>\n<p><span class=\"tlid-translation translation\"><span class=\"\" title=\"\">Celkov\u00e1 d\u00e9lka: 19.12 cm<\/span><br \/>\n<span class=\"\" title=\"\">D\u00e9lka \u010depele: 7.5 cm<\/span><br \/>\n<span class=\"\" title=\"\">\u0160\u00ed\u0159ka \u010depele: 1.58 cm<\/span><br \/>\n<span class=\"\" title=\"\">Materi\u00e1l \u010depele: Bohler M390<\/span><br \/>\n<span class=\"\" title=\"\">Styl \u010depel\u00ed: Drop Point<\/span><br \/>\n<span class=\"\" title=\"\">B\u0159itov\u00e9 desti\u010dky: Ploch\u00e9<\/span><br \/>\n<span title=\"\">Typ okraje: oby\u010dejn\u00fd<\/span><br \/>\n<span title=\"\">Finish: Satin<\/span><br \/>\n<span title=\"\">D\u00e9lka rukojeti: 10.62 cm<\/span><br \/>\n<span title=\"\">\u0160\u00ed\u0159ka rukojeti: 2.2 cm<\/span><br \/>\n<span title=\"\">Tlou\u0161\u0165ka rukojeti: 1.12 cm<\/span><br \/>\n<span title=\"\">Materi\u00e1l rukojeti: hlin\u00edk<\/span><br \/>\n<span title=\"\">Barva: Tan<\/span><br \/>\n<span title=\"\">Hmotnost: 2,87 oz.<\/span><br \/>\n<span title=\"\">U\u017eivatel: Prav\u00e1 ruka<\/span><br \/>\n<span title=\"\">Pocket Clip: Tip-Down<\/span><br \/>\n<span title=\"\">Typ no\u017ee: Double-Action OTF Automatic<\/span><br \/>\n<span title=\"\">Otv\u00edra\u010d: Thumb Slide<\/span><br \/>\n<span title=\"\">Zna\u010dka: Microtech<\/span><br \/>\n<span title=\"\">Model: Troodon<\/span><br \/>\n<span title=\"\">\u010c\u00edslo modelu: 139-4 TA<\/span><br \/>\n<span title=\"\">Zem\u011b p\u016fvodu: USA<\/span><br \/>\n<span title=\"\">Nejlep\u0161\u00ed vyu\u017eit\u00ed: ka\u017edodenn\u00ed nosen\u00ed, taktick\u00e9<\/span><\/span><\/p>\n","protected":false},"excerpt":{"rendered":"<p>Vyst\u0159elovac\u00ed n\u016f\u017e.<\/p>\n","protected":false},"featured_media":164376,"comment_status":"open","ping_status":"closed","template":"","meta":[],"pwb-brand":[431],"product_brand":[],"product_cat":[2019,17],"product_tag":[],"class_list":{"0":"post-162627","1":"product","2":"type-product","3":"status-publish","4":"has-post-thumbnail","6":"pwb-brand-microtech","7":"product_cat-vystrelovaci-noze","8":"product_cat-noze","10":"first","11":"outofstock","12":"taxable","13":"shipping-taxable","14":"purchasable","15":"product-type-simple"},"brands":[{"id":431,"name":"Microtech","slug":"microtech"}],"_links":{"self":[{"href":"https:\/\/www.moskito.cz\/de\/wp-json\/wp\/v2\/product\/162627","targetHints":{"allow":["GET"]}}],"collection":[{"href":"https:\/\/www.moskito.cz\/de\/wp-json\/wp\/v2\/product"}],"about":[{"href":"https:\/\/www.moskito.cz\/de\/wp-json\/wp\/v2\/types\/product"}],"replies":[{"embeddable":true,"href":"https:\/\/www.moskito.cz\/de\/wp-json\/wp\/v2\/comments?post=162627"}],"wp:featuredmedia":[{"embeddable":true,"href":"https:\/\/www.moskito.cz\/de\/wp-json\/wp\/v2\/media\/164376"}],"wp:attachment":[{"href":"https:\/\/www.moskito.cz\/de\/wp-json\/wp\/v2\/media?parent=162627"}],"wp:term":[{"taxonomy":"pwb-brand","embeddable":true,"href":"https:\/\/www.moskito.cz\/de\/wp-json\/wp\/v2\/pwb-brand?post=162627"},{"taxonomy":"product_brand","embeddable":true,"href":"https:\/\/www.moskito.cz\/de\/wp-json\/wp\/v2\/product_brand?post=162627"},{"taxonomy":"product_cat","embeddable":true,"href":"https:\/\/www.moskito.cz\/de\/wp-json\/wp\/v2\/product_cat?post=162627"},{"taxonomy":"product_tag","embeddable":true,"href":"https:\/\/www.moskito.cz\/de\/wp-json\/wp\/v2\/product_tag?post=162627"}],"curies":[{"name":"wp","href":"https:\/\/api.w.org\/{rel}","templated":true}]}}