{"id":162629,"date":"2019-02-02T16:42:51","date_gmt":"2019-02-02T15:42:51","guid":{"rendered":"https:\/\/www.moskito.cz\/?post_type=product&#038;p=162629"},"modified":"2025-07-11T07:48:06","modified_gmt":"2025-07-11T06:48:06","slug":"microtech-cypher-mk7-se-otf-automatic-knife-black-4-tan-241m-1tnb","status":"publish","type":"product","link":"https:\/\/www.moskito.cz\/de\/produkt\/microtech-cypher-mk7-se-otf-automatic-knife-black-4-tan-241m-1tnb\/","title":{"rendered":"Vyst\u0159elovac\u00ed N\u016f\u017e Microtech Cypher MK7 241M-1TNB"},"content":{"rendered":"<p><span class=\"tlid-translation translation\"><span class=\"\" title=\"\">Vyst\u0159elovac\u00ed N\u016f\u017e Microtech Cypher MK7 241M-1TNB<\/span><\/span><\/p>\n<p><span class=\"tlid-translation translation\"><span class=\"\" title=\"\">Z p\u0159edu vyst\u0159elovac\u00ed n\u016f\u017e model Cypher MK7.<\/span><\/span><\/p>\n<p><span class=\"tlid-translation translation\"><span class=\"\" title=\"\">Vyst\u0159elovac\u00ed N\u016f\u017e Microtech Cypher MK7 241M-1TNB\u00a0 je produk\u010dn\u00ed verze obl\u00edben\u00e9 spolupr\u00e1ce z\u00e1kazn\u00edka A. Marfione \/ D.C. Munroe.<\/span> <span class=\"\" title=\"\">Dod\u00e1v\u00e1 se s \u010depel\u00ed <span class=\"attValue\">Bohler M390<\/span> a s lehkou hlin\u00edkovou rukojet\u00ed.<\/span> <span class=\"\" title=\"\">Jedine\u010dn\u00e9 je\u00a0 pro model Cypher MK7\u00a0 dr\u00e1\u017ekovan\u00e9 vzory na obou stran\u00e1ch rukojeti a titanov\u00e1 rukoje\u0165ov\u00e1 vlo\u017eka s otvory pro lano.<\/span><br \/>\n<span class=\"\" title=\"\">\u010cepel\u00a0 Bohler M390 z nerezov\u00e9 oceli poskytuje vysoce v\u00fdkonn\u00fd b\u0159it.<\/span><\/span><\/p>\n<p><span class=\"\" title=\"\">Celkov\u00e1 d\u00e9lka: 24.37 cm<\/span><br \/>\n<span title=\"\">D\u00e9lka \u010depele: 10 cm<\/span><br \/>\n<span title=\"\">\u0158ezn\u00e1 hrana: 9.37 cm<\/span><br \/>\n<span title=\"\">\u0160\u00ed\u0159ka \u010depele: 1.87 cm<\/span><br \/>\n<span title=\"\">Tlou\u0161\u0165ka \u010depele: 0.33 cm<\/span><br \/>\n<span title=\"\">Materi\u00e1l \u010depele: Bohler M390<\/span><br \/>\n<span title=\"\">Styl \u010depele: Wharncliffe<\/span><br \/>\n<span title=\"\">B\u0159itov\u00e9 desti\u010dky: Ploch\u00e9<\/span><br \/>\n<span title=\"\">Finish: Tan<\/span><br \/>\n<span class=\"\" title=\"\">Typ okraje: oby\u010dejn\u00fd<\/span><br \/>\n<span title=\"\">D\u00e9lka rukojeti: 14.37 cm<\/span><br \/>\n<span title=\"\">\u0160\u00ed\u0159ka rukojeti: 2.8 cm<\/span><br \/>\n<span title=\"\">Tlou\u0161\u0165ka rukojeti: 1.17 cm<\/span><br \/>\n<span title=\"\">Materi\u00e1l rukojeti: hlin\u00edk<\/span><br \/>\n<span title=\"\">\u010cern\u00e1 barva<\/span><br \/>\n<span title=\"\">Hmotnost: 4,33 oz.<\/span><br \/>\n<span title=\"\">U\u017eivatel: Prav\u00e1 ruka<\/span><br \/>\n<span title=\"\">Pocket Clip: Tip-Down<\/span><br \/>\n<span title=\"\">Typ no\u017ee: Double-Action OTF Automatic<\/span><br \/>\n<span title=\"\">Otv\u00edra\u010d: Thumb Slide<\/span><br \/>\n<span title=\"\">Zna\u010dka: Microtech<\/span><br \/>\n<span title=\"\">Model: Cypher MK7<\/span><br \/>\n<span title=\"\">\u010c\u00edslo modelu: 241M-1TNB<\/span><br \/>\n<span title=\"\">Zem\u011b p\u016fvodu: USA<\/span><br \/>\n<span title=\"\">Nejlep\u0161\u00ed vyu\u017eit\u00ed: Taktick\u00e9<\/span><\/p>\n","protected":false},"excerpt":{"rendered":"<p>Vyst\u0159elovac\u00ed N\u016f\u017e Microtech Cypher MK7 241M-1TNB je produk\u010dn\u00ed verze obl\u00edben\u00e9<br \/>\nspolupr\u00e1ce z\u00e1kazn\u00edka A. Marfione \/ D.C. Munroe. Dod\u00e1v\u00e1 se s \u010depel\u00ed Bohler M390<br \/>\na s lehkou hlin\u00edkovou rukojet\u00ed.<br \/>\nV\u0161echny d\u00edly jsou vyrodeny v USA.<br \/>\n<strong>Na v\u0161echny no\u017ee Microtech je do\u017eivotn\u00ed z\u00e1ruka.<\/strong><\/p>\n","protected":false},"featured_media":164302,"comment_status":"open","ping_status":"closed","template":"","meta":[],"pwb-brand":[431],"product_brand":[],"product_cat":[2019,17],"product_tag":[],"class_list":{"0":"post-162629","1":"product","2":"type-product","3":"status-publish","4":"has-post-thumbnail","6":"pwb-brand-microtech","7":"product_cat-vystrelovaci-noze","8":"product_cat-noze","10":"first","11":"outofstock","12":"taxable","13":"shipping-taxable","14":"purchasable","15":"product-type-simple"},"brands":[{"id":431,"name":"Microtech","slug":"microtech"}],"_links":{"self":[{"href":"https:\/\/www.moskito.cz\/de\/wp-json\/wp\/v2\/product\/162629","targetHints":{"allow":["GET"]}}],"collection":[{"href":"https:\/\/www.moskito.cz\/de\/wp-json\/wp\/v2\/product"}],"about":[{"href":"https:\/\/www.moskito.cz\/de\/wp-json\/wp\/v2\/types\/product"}],"replies":[{"embeddable":true,"href":"https:\/\/www.moskito.cz\/de\/wp-json\/wp\/v2\/comments?post=162629"}],"wp:featuredmedia":[{"embeddable":true,"href":"https:\/\/www.moskito.cz\/de\/wp-json\/wp\/v2\/media\/164302"}],"wp:attachment":[{"href":"https:\/\/www.moskito.cz\/de\/wp-json\/wp\/v2\/media?parent=162629"}],"wp:term":[{"taxonomy":"pwb-brand","embeddable":true,"href":"https:\/\/www.moskito.cz\/de\/wp-json\/wp\/v2\/pwb-brand?post=162629"},{"taxonomy":"product_brand","embeddable":true,"href":"https:\/\/www.moskito.cz\/de\/wp-json\/wp\/v2\/product_brand?post=162629"},{"taxonomy":"product_cat","embeddable":true,"href":"https:\/\/www.moskito.cz\/de\/wp-json\/wp\/v2\/product_cat?post=162629"},{"taxonomy":"product_tag","embeddable":true,"href":"https:\/\/www.moskito.cz\/de\/wp-json\/wp\/v2\/product_tag?post=162629"}],"curies":[{"name":"wp","href":"https:\/\/api.w.org\/{rel}","templated":true}]}}