{"id":162641,"date":"2019-02-02T18:54:11","date_gmt":"2019-02-02T17:54:11","guid":{"rendered":"https:\/\/www.moskito.cz\/?post_type=product&#038;p=162641"},"modified":"2025-07-11T07:48:08","modified_gmt":"2025-07-11T06:48:08","slug":"microtech-utx-85-te-otf-automatic-knife-black-3-125-satin-233-4","status":"publish","type":"product","link":"https:\/\/www.moskito.cz\/de\/produkt\/microtech-utx-85-te-otf-automatic-knife-black-3-125-satin-233-4\/","title":{"rendered":"Vyst\u0159elovac\u00ed N\u016f\u017e Microtech UTX-85 233-4"},"content":{"rendered":"<p><span class=\"tlid-translation translation\"><span class=\"\" title=\"\">Vyst\u0159elovac\u00ed N\u016f\u017e <strong>Microtech UTX-85<\/strong> 233-4<\/span><\/span><\/p>\n<p><span class=\"tlid-translation translation\"><span class=\"\" title=\"\">Z p\u0159edu vyst\u0159elovac\u00ed n\u016f\u017e.<\/span><\/span><\/p>\n<p><span class=\"tlid-translation translation\"><span class=\"\" title=\"\">Vyst\u0159elovac\u00ed N\u016f\u017e <strong>Microtech UTX-85<\/strong> 233-4 je vybaven tanto \u010depel\u00ed s\u00a0 jednoduchou \u0159eznou hranou.<\/span> <span class=\"\" title=\"\">M\u00e1 tvarovanou hlin\u00edkovou rukoje\u0165 z eloxovan\u00e9ho hlin\u00edku 6061-T6 s kuli\u010dkov\u00fdm hrotem, kter\u00fd je z u\u0161lechtil\u00e9 oceli.<\/span><\/span><\/p>\n<p><span title=\"\"><strong>Microtech<\/strong> vybavil tuto verzi\u00a0 s hladk\u00fdm konturovan\u00fdm designem rukojeti, kter\u00fd zvy\u0161uje komfort p\u0159i pou\u017e\u00edv\u00e1n\u00ed.<\/span> <span title=\"\">Tento aktualizovan\u00fd model poskytuje stejn\u00e9 rozm\u011bry, hardware a trvanlivost nab\u00edzen\u00e9 variantou \u201eTri-Grip\u201c, ale jde jednodu\u0161eji do ruky a do kapsy.<\/span><\/p>\n<p><span title=\"\">Pro ty, kte\u0159\u00ed nejsou obezn\u00e1meni s technologi\u00ed , je to pln\u011b automatick\u00fd n\u016f\u017e s dvojit\u00fdm mechanismem mimo p\u0159edn\u00ed stranu, co\u017e znamen\u00e1, \u017ee \u010depel se pomoc\u00ed palce se\u00a0 sklop\u00ed\u00a0 a zasune.<\/span> <span title=\"\">N\u016f\u017e spole\u010dnosti <strong>Microtech<\/strong> nastavil la\u0165ku pro v\u0161echny no\u017ee OTF.<\/span><\/p>\n<p><span class=\"tlid-translation translation\"><span class=\"\" title=\"\">Celkov\u00e1 d\u00e9lka: 18.75 cm<\/span><br \/>\n<span class=\"\" title=\"\">D\u00e9lka \u010depele: 7.81 cm<\/span><br \/>\n<span class=\"\" title=\"\">\u0158ezn\u00e1 hrana: 7.17 cm<\/span><br \/>\n<span class=\"\" title=\"\">Tlou\u0161\u0165ka \u010depele: 0.32cm<\/span><br \/>\n<span class=\"\" title=\"\">Materi\u00e1l \u010depele: Bohler M390<\/span><br \/>\n<span title=\"\">Styl \u010depele: Tanto<\/span><br \/>\n<span title=\"\">B\u0159itov\u00e9 desti\u010dky: Ploch\u00e9<\/span><br \/>\n<span title=\"\">Typ okraje: oby\u010dejn\u00fd<\/span><br \/>\n<span title=\"\">D\u00e9lka rukojeti: 10.92 cm<\/span><br \/>\n<span class=\"\" title=\"\">Tlou\u0161\u0165ka rukojeti: 1.17 cm<\/span><br \/>\n<span title=\"\">Materi\u00e1l rukojeti: hlin\u00edk<\/span><br \/>\n<span title=\"\">Hmotnost: 3,06 oz.<\/span><br \/>\n<span title=\"\">U\u017eivatel: Prav\u00e1 ruka<\/span><br \/>\n<span title=\"\">Pocket Clip: Tip-Down<\/span><br \/>\n<span title=\"\">Typ no\u017ee: Double-Action OTF Automatic<\/span><br \/>\n<span title=\"\">Otv\u00edra\u010d: Thumb Slide<\/span><br \/>\n<span title=\"\">Zna\u010dka: Microtech<\/span><br \/>\n<span title=\"\">Model: UTX-85<\/span><br \/>\n<span title=\"\">\u010c\u00edslo modelu: 233-4<\/span><br \/>\n<span title=\"\">Zem\u011b p\u016fvodu: USA<\/span><br \/>\n<span title=\"\">Nejlep\u0161\u00ed vyu\u017eit\u00ed: Taktick\u00e9<\/span><\/span><\/p>\n<div class=\"description-content\">\n<p>The radically redesigned <strong>Microtech UTX-85<\/strong> out the front knife now features a new contoured handle, updated tri-angle hardware, a redesigned thumb slide and the glass breaker that now includes a press fitted ball bearing for a more comfortable, but still functional, user experience. This fantastic dual action knife is the ideal size and as the name exhibits, the UTX-85 is 85% the size of the flagship Ultratech knife but with 100% of the capability. This model boasts a black anodized handle complete with standard bead blasted hardware and an integrated glass breaker function along with a tanto style blade in a satin finish. Made in the USA.<\/p>\n<p><strong>SPECIFICATIONS:<\/strong><\/p>\n<ul>\n<li>Blade Length: 3.125&#8243;<\/li>\n<li>Overall Length: 7.625&#8243;<\/li>\n<li>Blade Material: CTS-204P Stainless Steel<\/li>\n<li>Blade Finish: Satin<\/li>\n<li>Handle Length: 4.5&#8243;<\/li>\n<li>Handle Material: 6061-T6 Aluminum<\/li>\n<li>Weight: 3.1 oz.<\/li>\n<\/ul>\n<\/div>\n","protected":false},"excerpt":{"rendered":"<p>V pr\u016fb\u011bhu let <strong>Microtech\u00ae Knives <\/strong>naplnil v\u00e1\u0161n\u00ed a dovednost\u00ed v\u00fdrobu no\u017e\u016f, a\u017e z nich vytvo\u0159il t\u00e9m\u011b\u0159 um\u011bleck\u00e1 d\u00edla,kter\u00e9 jsou vrcholem funk\u010dnosti.V\u0161echny d\u00edly jsou vyrodeny v USA.<br \/>\n<strong>Na v\u0161echny no\u017ee Microtech je do\u017eivotn\u00ed z\u00e1ruka.<\/strong><\/p>\n","protected":false},"featured_media":177685,"comment_status":"open","ping_status":"closed","template":"","meta":[],"pwb-brand":[431],"product_brand":[],"product_cat":[2019,17],"product_tag":[],"class_list":{"0":"post-162641","1":"product","2":"type-product","3":"status-publish","4":"has-post-thumbnail","6":"pwb-brand-microtech","7":"product_cat-vystrelovaci-noze","8":"product_cat-noze","10":"first","11":"outofstock","12":"taxable","13":"shipping-taxable","14":"purchasable","15":"product-type-simple"},"brands":[{"id":431,"name":"Microtech","slug":"microtech"}],"_links":{"self":[{"href":"https:\/\/www.moskito.cz\/de\/wp-json\/wp\/v2\/product\/162641","targetHints":{"allow":["GET"]}}],"collection":[{"href":"https:\/\/www.moskito.cz\/de\/wp-json\/wp\/v2\/product"}],"about":[{"href":"https:\/\/www.moskito.cz\/de\/wp-json\/wp\/v2\/types\/product"}],"replies":[{"embeddable":true,"href":"https:\/\/www.moskito.cz\/de\/wp-json\/wp\/v2\/comments?post=162641"}],"wp:featuredmedia":[{"embeddable":true,"href":"https:\/\/www.moskito.cz\/de\/wp-json\/wp\/v2\/media\/177685"}],"wp:attachment":[{"href":"https:\/\/www.moskito.cz\/de\/wp-json\/wp\/v2\/media?parent=162641"}],"wp:term":[{"taxonomy":"pwb-brand","embeddable":true,"href":"https:\/\/www.moskito.cz\/de\/wp-json\/wp\/v2\/pwb-brand?post=162641"},{"taxonomy":"product_brand","embeddable":true,"href":"https:\/\/www.moskito.cz\/de\/wp-json\/wp\/v2\/product_brand?post=162641"},{"taxonomy":"product_cat","embeddable":true,"href":"https:\/\/www.moskito.cz\/de\/wp-json\/wp\/v2\/product_cat?post=162641"},{"taxonomy":"product_tag","embeddable":true,"href":"https:\/\/www.moskito.cz\/de\/wp-json\/wp\/v2\/product_tag?post=162641"}],"curies":[{"name":"wp","href":"https:\/\/api.w.org\/{rel}","templated":true}]}}