{"id":165422,"date":"2019-09-15T10:52:59","date_gmt":"2019-09-15T09:52:59","guid":{"rendered":"https:\/\/www.moskito.cz\/?post_type=product&#038;p=165422"},"modified":"2025-07-11T07:49:53","modified_gmt":"2025-07-11T06:49:53","slug":"socom-elite-s-e-champagne-gold-carbon-fiber-inlays-standard-160-1-cgcfi","status":"publish","type":"product","link":"https:\/\/www.moskito.cz\/de\/produkt\/socom-elite-s-e-champagne-gold-carbon-fiber-inlays-standard-160-1-cgcfi\/","title":{"rendered":"Zav\u00edrac\u00ed N\u016f\u017e Microtech Socom Champagne 161-1 CGCFI"},"content":{"rendered":"<p>Zav\u00edrac\u00ed N\u016f\u017e Microtech Socom Champagne 161-1 CGCFI<\/p>\n<p>Zav\u00edrac\u00ed N\u016f\u017e Microtech Socom Champagne 161-1 CGCFI nastavuje standard pro taktick\u00e9 no\u017ee. Od zalo\u017een\u00ed p\u016fvodn\u00edho Socomu v roce 1996 byl pr\u016fkopn\u00edkem cel\u00e9 na\u0161\u00ed \u0159ady zav\u00edrac\u00edch no\u017e\u016f. V pr\u016fb\u011bhu let do\u0161lo k vylep\u0161en\u00ed, d\u00edky kter\u00fdm se Socom p\u0159izp\u016fsobil r\u016fzn\u00fdm prost\u0159ed\u00edm. Ru\u010dn\u00ed nebo automobilov\u00e9 Socom m\u00e1 jedine\u010dn\u00fd tvar rukojeti, kter\u00fd padne do va\u0161\u00ed ruky. Ihned pozn\u00e1te \u017ee kupujete ten nejlep\u0161\u00ed n\u016f\u017e na trhu bez ohledu na to, kter\u00fd druh \u010depele si vyberete.<br \/>\nD\u00e9lka \u010depele 10 cm, celkov\u00e1 d\u00e9lka 23 cm, \u010depel ocel CTS 204 P, materi\u00e1l rukojeti je hlin\u00edk 6061 T6.<br \/>\nSocom Elite 160-1 CGCFI je s tanto \u010depel\u00ed, pozor na obr\u00e1zku je klasick\u00e1 \u010depel, jinak proveden\u00ed je stejn\u00e9!<\/p>\n<p>The Socom Elite sets the standard for tactical\/utility cutlery. Since the inception of the original Socom in 1996, it has been the pioneer for our entire folding knife line. Over the years, improvements have been made, making the Socom more adaptable to different environments. The manual or auto Socom has a unique handle shape that molds to your hand. You know you are buying the best tool on the market no matter which one-of-a-kind blade you choose.<br \/>\nBlade Length 3.98\u2033, Overall Length 9.17\u2033, Blade Steel* CTS 204 P, Handle Material 6061 T6, Full Weight (OZ) 5.4<br \/>\n*Blade steel for 2019 will be Carpenter CTS 204 P.<\/p>\n","protected":false},"excerpt":{"rendered":"<p>Zav\u00edrac\u00ed n\u016f\u017e.<\/p>\n","protected":false},"featured_media":165423,"comment_status":"open","ping_status":"closed","template":"","meta":[],"pwb-brand":[431],"product_brand":[],"product_cat":[2019,17],"product_tag":[],"class_list":{"0":"post-165422","1":"product","2":"type-product","3":"status-publish","4":"has-post-thumbnail","6":"pwb-brand-microtech","7":"product_cat-vystrelovaci-noze","8":"product_cat-noze","10":"first","11":"outofstock","12":"featured","13":"taxable","14":"shipping-taxable","15":"purchasable","16":"product-type-simple"},"brands":[{"id":431,"name":"Microtech","slug":"microtech"}],"_links":{"self":[{"href":"https:\/\/www.moskito.cz\/de\/wp-json\/wp\/v2\/product\/165422","targetHints":{"allow":["GET"]}}],"collection":[{"href":"https:\/\/www.moskito.cz\/de\/wp-json\/wp\/v2\/product"}],"about":[{"href":"https:\/\/www.moskito.cz\/de\/wp-json\/wp\/v2\/types\/product"}],"replies":[{"embeddable":true,"href":"https:\/\/www.moskito.cz\/de\/wp-json\/wp\/v2\/comments?post=165422"}],"wp:featuredmedia":[{"embeddable":true,"href":"https:\/\/www.moskito.cz\/de\/wp-json\/wp\/v2\/media\/165423"}],"wp:attachment":[{"href":"https:\/\/www.moskito.cz\/de\/wp-json\/wp\/v2\/media?parent=165422"}],"wp:term":[{"taxonomy":"pwb-brand","embeddable":true,"href":"https:\/\/www.moskito.cz\/de\/wp-json\/wp\/v2\/pwb-brand?post=165422"},{"taxonomy":"product_brand","embeddable":true,"href":"https:\/\/www.moskito.cz\/de\/wp-json\/wp\/v2\/product_brand?post=165422"},{"taxonomy":"product_cat","embeddable":true,"href":"https:\/\/www.moskito.cz\/de\/wp-json\/wp\/v2\/product_cat?post=165422"},{"taxonomy":"product_tag","embeddable":true,"href":"https:\/\/www.moskito.cz\/de\/wp-json\/wp\/v2\/product_tag?post=165422"}],"curies":[{"name":"wp","href":"https:\/\/api.w.org\/{rel}","templated":true}]}}