{"id":175416,"date":"2020-11-30T20:12:58","date_gmt":"2020-11-30T19:12:58","guid":{"rendered":"https:\/\/www.moskito.cz\/?post_type=product&#038;p=175416"},"modified":"2025-10-09T10:53:19","modified_gmt":"2025-10-09T09:53:19","slug":"pevny-nuz-joker-co04","status":"publish","type":"product","link":"https:\/\/www.moskito.cz\/de\/produkt\/pevny-nuz-joker-co04\/","title":{"rendered":"Pevn\u00fd n\u016f\u017e Joker CO04"},"content":{"rendered":"<p>Pevn\u00fd n\u016f\u017e Joker CO04.<br \/>\nNo\u017ee Joker poch\u00e1zej\u00ed ze \u0160pan\u011blsk\u00e9ho m\u011bsta Albacete, kter\u00e9 je zn\u00e1m\u00e9 tradi\u010dn\u00ed v\u00fdrobou no\u017e\u016f a d\u00fdk.<br \/>\nOcel: molybden-vanad<br \/>\nTvrdost: 56 &#8211; 58 HRC<br \/>\nRukoje\u0165: Olivov\u00e1<br \/>\nFerrule: Inox<br \/>\nTip \u010depele: Bod sk\u00e1pnut\u00ed<br \/>\n\u010cepel se sat\u00e9nov\u00fdm povrchem<br \/>\nD\u00e9lka \u010depele: 12 cm<br \/>\nVelikost rukojeti: 12,5 cm<br \/>\nCelkov\u00e1 d\u00e9lka: 24,5 cm<br \/>\n\u0160\u00ed\u0159ka \u010depele: 3 cm<br \/>\nTlou\u0161\u0165ka plechu: 3,5 mm<br \/>\nHmotnost no\u017ee: 205 gr<br \/>\nHmotnost pl\u00e1\u0161t\u011b: 70 gr<br \/>\nCelkov\u00e1 hmotnost: 275 gr<br \/>\nPouzdro: Hn\u011bd\u00e1 k\u016f\u017ee<\/p>\n","protected":false},"excerpt":{"rendered":"<p>No\u017ee <strong>Joker<\/strong> poch\u00e1zej\u00ed ze \u0160pan\u011blsk\u00e9ho m\u011bsta Albacete, kter\u00e9 je zn\u00e1m\u00e9 tradi\u010dn\u00ed v\u00fdrobou no\u017e\u016f a d\u00fdk.<br \/>\n<strong>Navr\u017eeno a vyrobeno ve \u0160pan\u011blsku (Albacete)<\/strong><\/p>\n","protected":false},"featured_media":192441,"comment_status":"open","ping_status":"closed","template":"","meta":[],"pwb-brand":[359],"product_brand":[],"product_cat":[23,17],"product_tag":[],"class_list":{"0":"post-175416","1":"product","2":"type-product","3":"status-publish","4":"has-post-thumbnail","6":"pwb-brand-joker","7":"product_cat-pevne-noze","8":"product_cat-noze","10":"first","11":"outofstock","12":"taxable","13":"shipping-taxable","14":"purchasable","15":"product-type-simple"},"brands":[{"id":359,"name":"Joker","slug":"joker"}],"_links":{"self":[{"href":"https:\/\/www.moskito.cz\/de\/wp-json\/wp\/v2\/product\/175416","targetHints":{"allow":["GET"]}}],"collection":[{"href":"https:\/\/www.moskito.cz\/de\/wp-json\/wp\/v2\/product"}],"about":[{"href":"https:\/\/www.moskito.cz\/de\/wp-json\/wp\/v2\/types\/product"}],"replies":[{"embeddable":true,"href":"https:\/\/www.moskito.cz\/de\/wp-json\/wp\/v2\/comments?post=175416"}],"wp:featuredmedia":[{"embeddable":true,"href":"https:\/\/www.moskito.cz\/de\/wp-json\/wp\/v2\/media\/192441"}],"wp:attachment":[{"href":"https:\/\/www.moskito.cz\/de\/wp-json\/wp\/v2\/media?parent=175416"}],"wp:term":[{"taxonomy":"pwb-brand","embeddable":true,"href":"https:\/\/www.moskito.cz\/de\/wp-json\/wp\/v2\/pwb-brand?post=175416"},{"taxonomy":"product_brand","embeddable":true,"href":"https:\/\/www.moskito.cz\/de\/wp-json\/wp\/v2\/product_brand?post=175416"},{"taxonomy":"product_cat","embeddable":true,"href":"https:\/\/www.moskito.cz\/de\/wp-json\/wp\/v2\/product_cat?post=175416"},{"taxonomy":"product_tag","embeddable":true,"href":"https:\/\/www.moskito.cz\/de\/wp-json\/wp\/v2\/product_tag?post=175416"}],"curies":[{"name":"wp","href":"https:\/\/api.w.org\/{rel}","templated":true}]}}