{"id":175517,"date":"2020-12-01T22:59:08","date_gmt":"2020-12-01T21:59:08","guid":{"rendered":"https:\/\/www.moskito.cz\/?post_type=product&#038;p=175517"},"modified":"2025-07-19T10:12:26","modified_gmt":"2025-07-19T09:12:26","slug":"zaviraci-lovecky-nuz-joker-laguiole","status":"publish","type":"product","link":"https:\/\/www.moskito.cz\/de\/produkt\/zaviraci-lovecky-nuz-joker-laguiole\/","title":{"rendered":"Zav\u00edrac\u00ed Loveck\u00fd N\u016f\u017e Joker LAGUIOLE"},"content":{"rendered":"<p>Zav\u00edrac\u00ed Loveck\u00fd N\u016f\u017e <strong>Joker <\/strong>LAGUIOLE .<br \/>\nNo\u017ee Joker poch\u00e1zej\u00ed ze \u0160pan\u011blsk\u00e9ho m\u011bsta Albacete, kter\u00e9 je zn\u00e1m\u00e9 tradi\u010dn\u00ed v\u00fdrobou no\u017e\u016f a d\u00fdk.<br \/>\nLoveck\u00fd n\u016f\u017e Joker Laguiole je n\u016f\u017e vyroben\u00fd ru\u010dn\u011b ve \u0160pan\u011blsku v Albacete.<\/p>\n<p>Jedn\u00e1 se o speci\u00e1ln\u00ed kapesn\u00ed n\u016f\u017e pro ty, kte\u0159\u00ed hledaj\u00ed kapesn\u00ed n\u016f\u017e velk\u00e9 velikosti s bezpe\u010dnost\u00ed typu backlock a perfektn\u00ed jak pro lov, tak pro sport nebo pro bushcraft.<br \/>\nLoveck\u00fd n\u016f\u017e<\/p>\n<p>\u010cepel: ocel 440<\/p>\n<p>Ocel: Inox<\/p>\n<p>Rukoje\u0165: Olivov\u00e1<\/p>\n<p>Velikost: \u010depel 9,5 cm &#8211; 135 g<\/p>\n","protected":false},"excerpt":{"rendered":"<p>No\u017ee <strong>Joker <\/strong>poch\u00e1zej\u00ed ze \u0160pan\u011blsk\u00e9ho m\u011bsta Albacete, kter\u00e9 je zn\u00e1m\u00e9 tradi\u010dn\u00ed v\u00fdrobou no\u017e\u016f a d\u00fdk.<br \/>\n<strong>Navr\u017eeno a vyrobeno ve \u0160pan\u011blsku (Albacete)<\/strong><\/p>\n<p>HUNTING FOLDING KNIFE LAGUIOLE WITH OLIVE WOOD HANDLE S.S. BOLSTER AND BLADE LENGTH 9.5 CM.<\/p>\n","protected":false},"featured_media":192404,"comment_status":"open","ping_status":"closed","template":"","meta":[],"pwb-brand":[359],"product_brand":[],"product_cat":[22,17],"product_tag":[],"class_list":{"0":"post-175517","1":"product","2":"type-product","3":"status-publish","4":"has-post-thumbnail","6":"pwb-brand-joker","7":"product_cat-zaviraci-noze","8":"product_cat-noze","10":"first","11":"outofstock","12":"taxable","13":"shipping-taxable","14":"purchasable","15":"product-type-simple"},"brands":[{"id":359,"name":"Joker","slug":"joker"}],"_links":{"self":[{"href":"https:\/\/www.moskito.cz\/de\/wp-json\/wp\/v2\/product\/175517","targetHints":{"allow":["GET"]}}],"collection":[{"href":"https:\/\/www.moskito.cz\/de\/wp-json\/wp\/v2\/product"}],"about":[{"href":"https:\/\/www.moskito.cz\/de\/wp-json\/wp\/v2\/types\/product"}],"replies":[{"embeddable":true,"href":"https:\/\/www.moskito.cz\/de\/wp-json\/wp\/v2\/comments?post=175517"}],"wp:featuredmedia":[{"embeddable":true,"href":"https:\/\/www.moskito.cz\/de\/wp-json\/wp\/v2\/media\/192404"}],"wp:attachment":[{"href":"https:\/\/www.moskito.cz\/de\/wp-json\/wp\/v2\/media?parent=175517"}],"wp:term":[{"taxonomy":"pwb-brand","embeddable":true,"href":"https:\/\/www.moskito.cz\/de\/wp-json\/wp\/v2\/pwb-brand?post=175517"},{"taxonomy":"product_brand","embeddable":true,"href":"https:\/\/www.moskito.cz\/de\/wp-json\/wp\/v2\/product_brand?post=175517"},{"taxonomy":"product_cat","embeddable":true,"href":"https:\/\/www.moskito.cz\/de\/wp-json\/wp\/v2\/product_cat?post=175517"},{"taxonomy":"product_tag","embeddable":true,"href":"https:\/\/www.moskito.cz\/de\/wp-json\/wp\/v2\/product_tag?post=175517"}],"curies":[{"name":"wp","href":"https:\/\/api.w.org\/{rel}","templated":true}]}}