{"id":190270,"date":"2021-02-16T20:43:07","date_gmt":"2021-02-16T19:43:07","guid":{"rendered":"https:\/\/www.moskito.cz\/?post_type=product&#038;p=190270"},"modified":"2025-07-11T07:53:36","modified_gmt":"2025-07-11T06:53:36","slug":"damaskovy-spear-wood-handle","status":"publish","type":"product","link":"https:\/\/www.moskito.cz\/de\/produkt\/damaskovy-spear-wood-handle\/","title":{"rendered":"Dama\u0161kov\u00fd Spear Wood Handle"},"content":{"rendered":"<p><strong>Dama\u0161kov\u00fd<\/strong> Spear Wood Handle.<br \/>\nCelkov\u00e1 d\u00e9lka je 53 cm. 20 cm dlouh\u00e1 \u010depel je z dama\u0161kov\u00e9 oceli. H\u016fl je z hn\u011bd\u00e9ho d\u0159eva. \u010cepel m\u00e1 dvojit\u00fd b\u0159it. Pouzdro na opasek z hn\u011bd\u00e9 k\u016f\u017ee je sou\u010d\u00e1st\u00ed.<br \/>\nZem\u011b p\u016fvodu: P\u00e1kist\u00e1n<\/p>\n<p>21&#8243; overall. 8&#8243; Damascus steel blade. Brown wood handle. Double edge blade. Brown leather belt sheath. Boxed.<br \/>\nWeight:1.22lbs<br \/>\nCountry of Origin:Pakistan<\/p>\n","protected":false},"excerpt":{"rendered":"<p><strong>Dama\u0161kov\u00fd<\/strong> Spear s pouzdrem.<br \/>\n<strong>Doprava zdarma<\/strong>.<\/p>\n","protected":false},"featured_media":190271,"comment_status":"open","ping_status":"closed","template":"","meta":[],"pwb-brand":[133],"product_brand":[],"product_cat":[25,17],"product_tag":[],"class_list":{"0":"post-190270","1":"product","2":"type-product","3":"status-publish","4":"has-post-thumbnail","6":"pwb-brand-damascus","7":"product_cat-damascenske-noze","8":"product_cat-noze","10":"first","11":"instock","12":"taxable","13":"shipping-taxable","14":"purchasable","15":"product-type-simple"},"brands":[{"id":133,"name":"Damascus","slug":"damascus"}],"_links":{"self":[{"href":"https:\/\/www.moskito.cz\/de\/wp-json\/wp\/v2\/product\/190270","targetHints":{"allow":["GET"]}}],"collection":[{"href":"https:\/\/www.moskito.cz\/de\/wp-json\/wp\/v2\/product"}],"about":[{"href":"https:\/\/www.moskito.cz\/de\/wp-json\/wp\/v2\/types\/product"}],"replies":[{"embeddable":true,"href":"https:\/\/www.moskito.cz\/de\/wp-json\/wp\/v2\/comments?post=190270"}],"wp:featuredmedia":[{"embeddable":true,"href":"https:\/\/www.moskito.cz\/de\/wp-json\/wp\/v2\/media\/190271"}],"wp:attachment":[{"href":"https:\/\/www.moskito.cz\/de\/wp-json\/wp\/v2\/media?parent=190270"}],"wp:term":[{"taxonomy":"pwb-brand","embeddable":true,"href":"https:\/\/www.moskito.cz\/de\/wp-json\/wp\/v2\/pwb-brand?post=190270"},{"taxonomy":"product_brand","embeddable":true,"href":"https:\/\/www.moskito.cz\/de\/wp-json\/wp\/v2\/product_brand?post=190270"},{"taxonomy":"product_cat","embeddable":true,"href":"https:\/\/www.moskito.cz\/de\/wp-json\/wp\/v2\/product_cat?post=190270"},{"taxonomy":"product_tag","embeddable":true,"href":"https:\/\/www.moskito.cz\/de\/wp-json\/wp\/v2\/product_tag?post=190270"}],"curies":[{"name":"wp","href":"https:\/\/api.w.org\/{rel}","templated":true}]}}