{"id":190388,"date":"2021-02-17T21:16:04","date_gmt":"2021-02-17T20:16:04","guid":{"rendered":"https:\/\/www.moskito.cz\/?post_type=product&#038;p=190388"},"modified":"2025-07-11T07:53:37","modified_gmt":"2025-07-11T06:53:37","slug":"damascus-hunter-buffalo-horn","status":"publish","type":"product","link":"https:\/\/www.moskito.cz\/de\/produkt\/damascus-hunter-buffalo-horn\/","title":{"rendered":"Damascus Hunter Buffalo Horn"},"content":{"rendered":"<p><strong>Damascus<\/strong> Hunter Buffalo Horn.<br \/>\n21,59 cm je celkov\u00e1 d\u00e9lka no\u017ee. 10,8 cm m\u011b\u0159\u00ed \u010depel z dama\u0161kov\u00e9 oceli. Rukoje\u0165 je vyrobena z buvol\u00edho rohu. Pouzdro na opasek z hn\u011bd\u00e9 k\u016f\u017ee je sou\u010d\u00e1st\u00ed no\u017ee.<br \/>\nZem\u011b p\u016fvodu: P\u00e1kist\u00e1n<\/p>\n<p>Chipaway. 8.5&#8243; (21.59cm) overall. 4.25&#8243; (10.8cm) Damascus steel blade. Buffalo horn handle. Micarta bolster(s). Full tang. Lanyard hole. Brown leather belt sheath. Boxed.<br \/>\nWeight:0.6lbs Country of Origin:Pakistan<\/p>\n","protected":false},"excerpt":{"rendered":"<p><strong>Dama\u0161kov\u00fd <\/strong>n\u016f\u017e s pouzdrem.<\/p>\n","protected":false},"featured_media":190389,"comment_status":"open","ping_status":"closed","template":"","meta":[],"pwb-brand":[171],"product_brand":[],"product_cat":[25,17],"product_tag":[],"class_list":{"0":"post-190388","1":"product","2":"type-product","3":"status-publish","4":"has-post-thumbnail","6":"pwb-brand-frost-cutlery","7":"product_cat-damascenske-noze","8":"product_cat-noze","10":"first","11":"instock","12":"taxable","13":"shipping-taxable","14":"purchasable","15":"product-type-simple"},"brands":[{"id":171,"name":"Frost Cutlery","slug":"frost-cutlery"}],"_links":{"self":[{"href":"https:\/\/www.moskito.cz\/de\/wp-json\/wp\/v2\/product\/190388","targetHints":{"allow":["GET"]}}],"collection":[{"href":"https:\/\/www.moskito.cz\/de\/wp-json\/wp\/v2\/product"}],"about":[{"href":"https:\/\/www.moskito.cz\/de\/wp-json\/wp\/v2\/types\/product"}],"replies":[{"embeddable":true,"href":"https:\/\/www.moskito.cz\/de\/wp-json\/wp\/v2\/comments?post=190388"}],"wp:featuredmedia":[{"embeddable":true,"href":"https:\/\/www.moskito.cz\/de\/wp-json\/wp\/v2\/media\/190389"}],"wp:attachment":[{"href":"https:\/\/www.moskito.cz\/de\/wp-json\/wp\/v2\/media?parent=190388"}],"wp:term":[{"taxonomy":"pwb-brand","embeddable":true,"href":"https:\/\/www.moskito.cz\/de\/wp-json\/wp\/v2\/pwb-brand?post=190388"},{"taxonomy":"product_brand","embeddable":true,"href":"https:\/\/www.moskito.cz\/de\/wp-json\/wp\/v2\/product_brand?post=190388"},{"taxonomy":"product_cat","embeddable":true,"href":"https:\/\/www.moskito.cz\/de\/wp-json\/wp\/v2\/product_cat?post=190388"},{"taxonomy":"product_tag","embeddable":true,"href":"https:\/\/www.moskito.cz\/de\/wp-json\/wp\/v2\/product_tag?post=190388"}],"curies":[{"name":"wp","href":"https:\/\/api.w.org\/{rel}","templated":true}]}}