{"id":195073,"date":"2021-03-20T15:57:13","date_gmt":"2021-03-20T14:57:13","guid":{"rendered":"https:\/\/www.moskito.cz\/?post_type=product&#038;p=195073"},"modified":"2025-07-11T07:53:40","modified_gmt":"2025-07-11T06:53:40","slug":"zaviraci-zachranarsky-nuz-joker-jkr580","status":"publish","type":"product","link":"https:\/\/www.moskito.cz\/de\/produkt\/zaviraci-zachranarsky-nuz-joker-jkr580\/","title":{"rendered":"Zav\u00edrac\u00ed Z\u00e1chran\u00e1\u0159sk\u00fd N\u016f\u017e Joker JKR580"},"content":{"rendered":"<p>Zav\u00edrac\u00ed Z\u00e1chran\u00e1\u0159sk\u00fd N\u016f\u017e <strong>Joker<\/strong> JKR580.<\/p>\n<pre id=\"tw-target-text\" class=\"tw-data-text tw-text-large XcVN5d tw-ta\" dir=\"ltr\" data-placeholder=\"P\u0159eklad\"><span lang=\"cs\">N\u016f\u017e m\u00e1 mask\u00e1\u010dovou rukoje\u0165, d\u00e9lka \u010depele je 8.5 cm. N\u016f\u017e m\u00e1 klip na no\u0161en\u00ed.\r\n\r\nCAMO HANDLE, STAINLESS STEEL 8,5 CM BLADE LENGTH, SPRING ASSISTED OPENING, JKR RESCUE FOLDING KNIFE. BELT CLIP.\r\nRescue folding knife JKR\r\nSpring assisted opening\r\nGlass window breaker\r\nSeatbelt cutter\r\n<\/span><\/pre>\n","protected":false},"excerpt":{"rendered":"<p>No\u017ee\u00a0<strong>Joker\u00a0<\/strong>poch\u00e1zej\u00ed ze \u0160pan\u011blsk\u00e9ho m\u011bsta Albacete, kter\u00e9 je zn\u00e1m\u00e9 v\u00fdrobou no\u017e\u016f.<br \/>\nKlasick\u00fd zav\u00edrac\u00ed n\u016f\u017e s pojistkou. Ve\u0161ker\u00e9 komponenty no\u017ee jsou vyrobeny z vysoce odoln\u00e9 nerezov\u00e9 oceli.<\/p>\n","protected":false},"featured_media":195074,"comment_status":"open","ping_status":"closed","template":"","meta":[],"pwb-brand":[359],"product_brand":[],"product_cat":[22,17],"product_tag":[],"class_list":{"0":"post-195073","1":"product","2":"type-product","3":"status-publish","4":"has-post-thumbnail","6":"pwb-brand-joker","7":"product_cat-zaviraci-noze","8":"product_cat-noze","10":"first","11":"outofstock","12":"taxable","13":"shipping-taxable","14":"purchasable","15":"product-type-simple"},"brands":[{"id":359,"name":"Joker","slug":"joker"}],"_links":{"self":[{"href":"https:\/\/www.moskito.cz\/de\/wp-json\/wp\/v2\/product\/195073","targetHints":{"allow":["GET"]}}],"collection":[{"href":"https:\/\/www.moskito.cz\/de\/wp-json\/wp\/v2\/product"}],"about":[{"href":"https:\/\/www.moskito.cz\/de\/wp-json\/wp\/v2\/types\/product"}],"replies":[{"embeddable":true,"href":"https:\/\/www.moskito.cz\/de\/wp-json\/wp\/v2\/comments?post=195073"}],"wp:featuredmedia":[{"embeddable":true,"href":"https:\/\/www.moskito.cz\/de\/wp-json\/wp\/v2\/media\/195074"}],"wp:attachment":[{"href":"https:\/\/www.moskito.cz\/de\/wp-json\/wp\/v2\/media?parent=195073"}],"wp:term":[{"taxonomy":"pwb-brand","embeddable":true,"href":"https:\/\/www.moskito.cz\/de\/wp-json\/wp\/v2\/pwb-brand?post=195073"},{"taxonomy":"product_brand","embeddable":true,"href":"https:\/\/www.moskito.cz\/de\/wp-json\/wp\/v2\/product_brand?post=195073"},{"taxonomy":"product_cat","embeddable":true,"href":"https:\/\/www.moskito.cz\/de\/wp-json\/wp\/v2\/product_cat?post=195073"},{"taxonomy":"product_tag","embeddable":true,"href":"https:\/\/www.moskito.cz\/de\/wp-json\/wp\/v2\/product_tag?post=195073"}],"curies":[{"name":"wp","href":"https:\/\/api.w.org\/{rel}","templated":true}]}}