{"id":195076,"date":"2021-03-20T16:05:28","date_gmt":"2021-03-20T15:05:28","guid":{"rendered":"https:\/\/www.moskito.cz\/?post_type=product&#038;p=195076"},"modified":"2025-07-11T07:53:40","modified_gmt":"2025-07-11T06:53:40","slug":"zaviraci-nuz-joker-jkr573","status":"publish","type":"product","link":"https:\/\/www.moskito.cz\/de\/produkt\/zaviraci-nuz-joker-jkr573\/","title":{"rendered":"Zav\u00edrac\u00ed N\u016f\u017e Joker JKR573"},"content":{"rendered":"<p>Zav\u00edrac\u00ed N\u016f\u017e <strong>Joker<\/strong> JKR573.<\/p>\n<p>Kapesn\u00ed n\u016f\u017e JKR s asistovan\u00fdm otev\u00edr\u00e1n\u00edm a k\u0159es\u0165ansk\u00fdm k\u0159\u00ed\u017eem. N\u016f\u017e m\u00e1 hlin\u00edkovou rukoje\u0165 a d\u00e9lka \u010depele je 9 cm.<\/p>\n<p>JKR POCKET KNIFE WITH ASSISTED OPENING AND CHRISTIAN CROSS ADORN. ALUMINUM HANDLE AND 9 CM S.S BLADE LENGTH.<\/p>\n<p>&nbsp;<\/p>\n","protected":false},"excerpt":{"rendered":"<p>No\u017ee\u00a0<strong>Joker\u00a0<\/strong>poch\u00e1zej\u00ed ze \u0160pan\u011blsk\u00e9ho m\u011bsta Albacete, kter\u00e9 je zn\u00e1m\u00e9 v\u00fdrobou no\u017e\u016f.<br \/>\nKlasick\u00fd zav\u00edrac\u00ed n\u016f\u017e s pojistkou. Ve\u0161ker\u00e9 komponenty no\u017ee jsou vyrobeny z vysoce odoln\u00e9 nerezov\u00e9 oceli.<\/p>\n","protected":false},"featured_media":195077,"comment_status":"open","ping_status":"closed","template":"","meta":[],"pwb-brand":[359],"product_brand":[],"product_cat":[22,17],"product_tag":[],"class_list":{"0":"post-195076","1":"product","2":"type-product","3":"status-publish","4":"has-post-thumbnail","6":"pwb-brand-joker","7":"product_cat-zaviraci-noze","8":"product_cat-noze","10":"first","11":"instock","12":"taxable","13":"shipping-taxable","14":"purchasable","15":"product-type-simple"},"brands":[{"id":359,"name":"Joker","slug":"joker"}],"_links":{"self":[{"href":"https:\/\/www.moskito.cz\/de\/wp-json\/wp\/v2\/product\/195076","targetHints":{"allow":["GET"]}}],"collection":[{"href":"https:\/\/www.moskito.cz\/de\/wp-json\/wp\/v2\/product"}],"about":[{"href":"https:\/\/www.moskito.cz\/de\/wp-json\/wp\/v2\/types\/product"}],"replies":[{"embeddable":true,"href":"https:\/\/www.moskito.cz\/de\/wp-json\/wp\/v2\/comments?post=195076"}],"wp:featuredmedia":[{"embeddable":true,"href":"https:\/\/www.moskito.cz\/de\/wp-json\/wp\/v2\/media\/195077"}],"wp:attachment":[{"href":"https:\/\/www.moskito.cz\/de\/wp-json\/wp\/v2\/media?parent=195076"}],"wp:term":[{"taxonomy":"pwb-brand","embeddable":true,"href":"https:\/\/www.moskito.cz\/de\/wp-json\/wp\/v2\/pwb-brand?post=195076"},{"taxonomy":"product_brand","embeddable":true,"href":"https:\/\/www.moskito.cz\/de\/wp-json\/wp\/v2\/product_brand?post=195076"},{"taxonomy":"product_cat","embeddable":true,"href":"https:\/\/www.moskito.cz\/de\/wp-json\/wp\/v2\/product_cat?post=195076"},{"taxonomy":"product_tag","embeddable":true,"href":"https:\/\/www.moskito.cz\/de\/wp-json\/wp\/v2\/product_tag?post=195076"}],"curies":[{"name":"wp","href":"https:\/\/api.w.org\/{rel}","templated":true}]}}