{"id":195242,"date":"2021-03-22T20:24:43","date_gmt":"2021-03-22T19:24:43","guid":{"rendered":"https:\/\/www.moskito.cz\/?post_type=product&#038;p=195242"},"modified":"2025-07-11T07:53:41","modified_gmt":"2025-07-11T06:53:41","slug":"vystrelovaci-nuz-microtech-utx-70-147-10","status":"publish","type":"product","link":"https:\/\/www.moskito.cz\/de\/produkt\/vystrelovaci-nuz-microtech-utx-70-147-10\/","title":{"rendered":"Vyst\u0159elovac\u00ed N\u016f\u017e Microtech UTX-70 147-10"},"content":{"rendered":"<p>Vyst\u0159elovac\u00ed N\u016f\u017e <strong>Microtech<\/strong> UTX-70 147-10.<\/p>\n<p><strong>UTX-70<\/strong>\u00a0je perfektn\u00ed kombinac\u00ed kompaktn\u00ed velikosti a velk\u00e9ho v\u00fdkonu.\u00a0<strong>UTX-70\u00a0<\/strong>je vyroben ze stejn\u00e9ho materi\u00e1lu, na stejn\u00fdch stroj\u00edch a se stejnou vynal\u00e9zavost\u00ed jako jeho p\u0159edch\u016fdce.\u00a0<strong>UTX-70\u00a0<\/strong>je dokonal\u00fdm no\u017eem pro v\u0161echny situace, bez ohledu na to, jak\u00fd bude v\u00e1\u0161 \u0159ezac\u00ed \u00fakol a bude hladce zapadat do va\u0161eho \u017eivotn\u00edho stylu. D\u00edky rychl\u00e9mu jednoru\u010dn\u00edmu otev\u00edr\u00e1n\u00ed a zav\u00edr\u00e1n\u00ed provede pr\u00e1ci za p\u00e1r sekund. UTX-70 m\u00e1 mnoho dostupn\u00fdch mo\u017enost\u00ed, jako jsou styly s jednou hranou, dvojitou hranou nebo tanto. N\u016f\u017e je vybaven oboustrannou sponou do kapsy kompaktn\u00ed velikost\u00ed, co\u017e je ide\u00e1ln\u00ed volba pro ka\u017edodenn\u00ed pou\u017eit\u00ed a no\u0161en\u00ed.<\/p>\n<p>Celkov\u00e1 d\u00e9lka: 14.07 cm<br \/>\nD\u00e9lka \u010depele: 6.02 cm<br \/>\nTlou\u0161\u0165ka \u010depele: 0,2 cm<br \/>\nMateri\u00e1l \u010depele: Bohler M390<br \/>\nTvrdost: 59-60 \u00b0 C<br \/>\nStyl \u010depel\u00ed: Drop Point<br \/>\nB\u0159itov\u00e9 desti\u010dky: Ploch\u00e9<br \/>\nTyp okraje: oby\u010dejn\u00fd<br \/>\nD\u00e9lka rukojeti: 8.05 cm<br \/>\nTlou\u0161\u0165ka rukojeti: 0,8 cm<br \/>\nMateri\u00e1l rukojeti: hlin\u00edk<br \/>\nHmotnost: 1,24 oz.<br \/>\nU\u017eivatel: Prav\u00e1 ruka<br \/>\nPocket Clip: Tip-Down<br \/>\nTyp no\u017ee: Double-Action OTF Automatic<br \/>\nOtv\u00edra\u010d: Thumb Slide<br \/>\nZna\u010dka: Microtech<br \/>\nModel: UTX-70<br \/>\n\u010c\u00edslo modelu: 147-10<br \/>\nZem\u011b p\u016fvodu: USA<br \/>\nNejlep\u0161\u00ed vyu\u017eit\u00ed: ka\u017edodenn\u00ed nosen\u00ed, taktick\u00e9<\/p>\n<div class=\"description\">\n<p>The UTX-70 is the perfect combination of compact size and big performance. At 70% the size of the\u00a0<a href=\"https:\/\/www.knifecenter.com\/kc_new\/store_store.html?ttl=Microtech%20Ultratech%20OTF%20Knives&amp;srch=eqCATE%20CODEdatarq%3Dmt%26waDESCRIPTIONdatarq%3Dultratech\" target=\"_blank\" rel=\"noopener\">Ultratech<\/a>, the UTX-70 is manufactured with the same material, on the same machines, and with the same ingenuity, as its predecessor. The UTX-70 is the perfect knife for all situations, no matter what your cutting task it will mesh seamlessly with your life style. With its quick one-handed open and close action, it gets the job done in seconds. The UTX-70 has many available options such as: single edge, double edge or tanto blade styles. Also available are an aluminum top, black carbon fiber top, or a platinum carbon fiber top. Equipped with an ambidextrous pocket clip, and compact size, this is the perfect choice for everyday use and carry.<\/p>\n<div class=\"clearfix\"><\/div>\n<\/div>\n<div class=\"specifications\">\n<div class=\"features\"><\/div>\n<div class=\"specs\">\n<h3 class=\"specificationsPDP\">Specifications<\/h3>\n<ul>\n<li>Action: Double Action &#8211; Auto Fire\/Auto Retract<\/li>\n<li>Thickness: 0.08&#8243;<\/li>\n<li>Blade Length: 2.41&#8243;<\/li>\n<li>Blade Style: Dagger, Stonewash, Double Edge<\/li>\n<li>Chassis: 6061-T6 AL Alloy Mil-Spec Hard Coat Anodized<\/li>\n<li>Handle Thickness: 0.31&#8243;<\/li>\n<li>Closed Length: 3.22&#8243;<\/li>\n<li>Overall Length: 5.63<\/li>\n<li>Pocket Clip: 301 Full Hard Stainless Steel<\/li>\n<li>Standard Top: 6061-T6 AL Alloy<\/li>\n<li>Trigger: 303 Stainless Steel<\/li>\n<li>Weight: 1.2 oz.<\/li>\n<li><strong>Please note, blade steel cannot be specified as it can change depending on availability (information from Microtech)<\/strong><\/li>\n<li>Made in the USA<\/li>\n<\/ul>\n<\/div>\n<\/div>\n","protected":false},"excerpt":{"rendered":"<p>V pr\u016fb\u011bhu let\u00a0<strong>Microtech\u00ae Knives<\/strong>\u00a0naplnil v\u00e1\u0161n\u00ed a dovednost\u00ed v\u00fdrobu no\u017e\u016f, a\u017e z nich vytvo\u0159il t\u00e9m\u011b\u0159 um\u011bleck\u00e1 d\u00edla,kter\u00e9 jsou vrcholem funk\u010dnosti.V\u0161echny d\u00edly jsou vyrodeny v USA.<br \/>\n<strong>Na v\u0161echny no\u017ee Microtech je do\u017eivotn\u00ed z\u00e1ruka.<\/strong><\/p>\n","protected":false},"featured_media":195243,"comment_status":"open","ping_status":"closed","template":"","meta":[],"pwb-brand":[431],"product_brand":[],"product_cat":[2019,17],"product_tag":[3667],"class_list":{"0":"post-195242","1":"product","2":"type-product","3":"status-publish","4":"has-post-thumbnail","6":"pwb-brand-microtech","7":"product_cat-vystrelovaci-noze","8":"product_cat-noze","9":"product_tag-b2b","11":"first","12":"outofstock","13":"taxable","14":"shipping-taxable","15":"purchasable","16":"product-type-simple"},"brands":[{"id":431,"name":"Microtech","slug":"microtech"}],"_links":{"self":[{"href":"https:\/\/www.moskito.cz\/de\/wp-json\/wp\/v2\/product\/195242","targetHints":{"allow":["GET"]}}],"collection":[{"href":"https:\/\/www.moskito.cz\/de\/wp-json\/wp\/v2\/product"}],"about":[{"href":"https:\/\/www.moskito.cz\/de\/wp-json\/wp\/v2\/types\/product"}],"replies":[{"embeddable":true,"href":"https:\/\/www.moskito.cz\/de\/wp-json\/wp\/v2\/comments?post=195242"}],"wp:featuredmedia":[{"embeddable":true,"href":"https:\/\/www.moskito.cz\/de\/wp-json\/wp\/v2\/media\/195243"}],"wp:attachment":[{"href":"https:\/\/www.moskito.cz\/de\/wp-json\/wp\/v2\/media?parent=195242"}],"wp:term":[{"taxonomy":"pwb-brand","embeddable":true,"href":"https:\/\/www.moskito.cz\/de\/wp-json\/wp\/v2\/pwb-brand?post=195242"},{"taxonomy":"product_brand","embeddable":true,"href":"https:\/\/www.moskito.cz\/de\/wp-json\/wp\/v2\/product_brand?post=195242"},{"taxonomy":"product_cat","embeddable":true,"href":"https:\/\/www.moskito.cz\/de\/wp-json\/wp\/v2\/product_cat?post=195242"},{"taxonomy":"product_tag","embeddable":true,"href":"https:\/\/www.moskito.cz\/de\/wp-json\/wp\/v2\/product_tag?post=195242"}],"curies":[{"name":"wp","href":"https:\/\/api.w.org\/{rel}","templated":true}]}}