{"id":195253,"date":"2021-03-22T20:56:11","date_gmt":"2021-03-22T19:56:11","guid":{"rendered":"https:\/\/www.moskito.cz\/?post_type=product&#038;p=195253"},"modified":"2026-04-25T09:40:21","modified_gmt":"2026-04-25T08:40:21","slug":"vystrelovaci-nuz-microtech-utx-85-232-2-t","status":"publish","type":"product","link":"https:\/\/www.moskito.cz\/de\/produkt\/vystrelovaci-nuz-microtech-utx-85-232-2-t\/","title":{"rendered":"Vyst\u0159elovac\u00ed N\u016f\u017e Microtech UTX-85 232-2T"},"content":{"rendered":"<p>Vyst\u0159elovac\u00ed N\u016f\u017e Microtech UTX-85 232-2T.<\/p>\n<p>Z p\u0159edu vyst\u0159elovac\u00ed n\u016f\u017e.<\/p>\n<p>Vyst\u0159elovac\u00ed N\u016f\u017e\u00a0<strong>Microtech<\/strong>\u00a0UTX-85 je vybaven dvojitou \u010depel\u00ed s \u010dernou povrchovou \u00fapravou. M\u00e1 tvarovanou hlin\u00edkovou rukoje\u0165 z eloxovan\u00e9ho hlin\u00edku 6061-T6 s kuli\u010dkov\u00fdm hrotem, kter\u00fd je z u\u0161lechtil\u00e9 oceli.<\/p>\n<p><strong>Microtech<\/strong>\u00a0vybavil tuto verzi\u00a0 popul\u00e1rn\u00edho\u00a0 no\u017ee\u00a0 s hladk\u00fdm konturovan\u00fdm designem rukojeti, kter\u00fd zvy\u0161uje komfort p\u0159i pou\u017e\u00edv\u00e1n\u00ed. Tento aktualizovan\u00fd model poskytuje stejn\u00e9 rozm\u011bry, hardware a trvanlivost nab\u00edzen\u00e9 variantou \u201eTri-Grip\u201c, jde jednodu\u0161eji do ruky a do kapsy.<\/p>\n<p>Pro ty, kte\u0159\u00ed nejsou obezn\u00e1meni s technologi\u00ed , je to pln\u011b automatick\u00fd n\u016f\u017e s dvojit\u00fdm mechanismem mimo p\u0159edn\u00ed stranu, co\u017e znamen\u00e1, \u017ee \u010depel se pomoc\u00ed palce se sklop\u00ed a zasune. N\u016f\u017e odspole\u010dnosti <strong>Microtech\u00a0<\/strong>nastavil la\u0165ku pro v\u0161echny no\u017ee OTF.<\/p>\n<p>Celkov\u00e1 d\u00e9lka: 18.75 cm<br \/>\nD\u00e9lka \u010depele: 7.81 cm<br \/>\n\u0158ezn\u00e1 hrana: 7.17 cm<br \/>\nTlou\u0161\u0165ka \u010depele: 0.32cm<br \/>\nMateri\u00e1l \u010depele: Bohler M390<br \/>\nB\u0159itov\u00e9 desti\u010dky: Ploch\u00e9<br \/>\nD\u00e9lka rukojeti: 10.92 cm<br \/>\nTlou\u0161\u0165ka rukojeti: 1.17 cm<br \/>\nMateri\u00e1l rukojeti: hlin\u00edk<br \/>\nHmotnost: 3,06 oz.<br \/>\nU\u017eivatel: Prav\u00e1 ruka<br \/>\nPocket Clip: Tip-Down<br \/>\nTyp no\u017ee: Double-Action OTF Automatic<br \/>\nOtv\u00edra\u010d: Thumb Slide<br \/>\nZna\u010dka: Microtech<br \/>\nModel: UTX-85<br \/>\n\u010c\u00edslo modelu: 232-2 T<br \/>\nZem\u011b p\u016fvodu: USA<br \/>\nNejlep\u0161\u00ed vyu\u017eit\u00ed: Taktick\u00e9<\/p>\n<div class=\"description\"><\/div>\n<div class=\"specifications\">\n<div class=\"specs\">\n<p>&nbsp;<\/p>\n<\/div>\n<\/div>\n","protected":false},"excerpt":{"rendered":"<p><strong>V pr\u016fb\u011bhu let\u00a0Microtech\u00ae\u00a0Knives naplnil v\u00e1\u0161n\u00ed a dovednost\u00ed v\u00fdrobu no\u017e\u016f, a\u017e z nich vytvo\u0159il t\u00e9m\u011b\u0159 um\u011bleck\u00e1 d\u00edla,kter\u00e9 jsou vrcholem funk\u010dnosti.V\u0161echny d\u00edly jsou vyrobeny v USA.<\/strong><br \/>\n<strong>Na v\u0161echny no\u017ee Microtech je do\u017eivotn\u00ed z\u00e1ruka ( min. 80 000 cykl\u016f, otev\u0159en\u00ed a zav\u0159en\u00ed)<\/strong><\/p>\n<p><strong>Doprava zdarma.<\/strong><\/p>\n","protected":false},"featured_media":195254,"comment_status":"open","ping_status":"closed","template":"","meta":[],"pwb-brand":[431],"product_brand":[],"product_cat":[2019,17],"product_tag":[3667],"class_list":{"0":"post-195253","1":"product","2":"type-product","3":"status-publish","4":"has-post-thumbnail","6":"pwb-brand-microtech","7":"product_cat-vystrelovaci-noze","8":"product_cat-noze","9":"product_tag-b2b","11":"first","12":"outofstock","13":"taxable","14":"shipping-taxable","15":"purchasable","16":"product-type-simple"},"brands":[{"id":431,"name":"Microtech","slug":"microtech"}],"_links":{"self":[{"href":"https:\/\/www.moskito.cz\/de\/wp-json\/wp\/v2\/product\/195253","targetHints":{"allow":["GET"]}}],"collection":[{"href":"https:\/\/www.moskito.cz\/de\/wp-json\/wp\/v2\/product"}],"about":[{"href":"https:\/\/www.moskito.cz\/de\/wp-json\/wp\/v2\/types\/product"}],"replies":[{"embeddable":true,"href":"https:\/\/www.moskito.cz\/de\/wp-json\/wp\/v2\/comments?post=195253"}],"wp:featuredmedia":[{"embeddable":true,"href":"https:\/\/www.moskito.cz\/de\/wp-json\/wp\/v2\/media\/195254"}],"wp:attachment":[{"href":"https:\/\/www.moskito.cz\/de\/wp-json\/wp\/v2\/media?parent=195253"}],"wp:term":[{"taxonomy":"pwb-brand","embeddable":true,"href":"https:\/\/www.moskito.cz\/de\/wp-json\/wp\/v2\/pwb-brand?post=195253"},{"taxonomy":"product_brand","embeddable":true,"href":"https:\/\/www.moskito.cz\/de\/wp-json\/wp\/v2\/product_brand?post=195253"},{"taxonomy":"product_cat","embeddable":true,"href":"https:\/\/www.moskito.cz\/de\/wp-json\/wp\/v2\/product_cat?post=195253"},{"taxonomy":"product_tag","embeddable":true,"href":"https:\/\/www.moskito.cz\/de\/wp-json\/wp\/v2\/product_tag?post=195253"}],"curies":[{"name":"wp","href":"https:\/\/api.w.org\/{rel}","templated":true}]}}