{"id":195847,"date":"2021-04-07T20:25:15","date_gmt":"2021-04-07T19:25:15","guid":{"rendered":"https:\/\/www.moskito.cz\/?post_type=product&#038;p=195847"},"modified":"2025-07-11T07:54:12","modified_gmt":"2025-07-11T06:54:12","slug":"vystrelovaci-nuz-heretic-hydra-tanto-edge-otf-carbon-h006-11a-cf-fti","status":"publish","type":"product","link":"https:\/\/www.moskito.cz\/de\/produkt\/vystrelovaci-nuz-heretic-hydra-tanto-edge-otf-carbon-h006-11a-cf-fti\/","title":{"rendered":"Vyst\u0159elovac\u00ed N\u016f\u017e Heretic Hydra Tanto Edge OTF Carbon H006-11A-CF\/FTI"},"content":{"rendered":"<p>Vyst\u0159elovac\u00ed N\u016f\u017e <strong>Heretic Hydra<\/strong> Tanto Edge OTF Carbon H006-11A-CF\/FTI.<\/p>\n<p>V\u0161echny no\u017ee jsou vyr\u00e1b\u011bny v USA a bude to tak i nad\u00e1le. Kdy\u017e si koup\u00edte jeden z t\u011bchto no\u017e\u016f, m\u016f\u017eete m\u00edt jistotu, \u017ee je podporov\u00e1n americkou spole\u010dnost\u00ed. No\u017ee jsou vyr\u00e1b\u011bny v mal\u00fdch v\u00fdrobn\u00edch s\u00e9ri\u00edch, aby bylo zaji\u0161t\u011bno, \u017ee z\u00edsk\u00e1te kvalitn\u00ed n\u016f\u017e, kter\u00e9mu byla v\u011bnov\u00e1na pozornost, kterou ostatn\u00ed no\u017ee hromadn\u00e9 v\u00fdroby nedost\u00e1vaj\u00ed.<\/p>\n<p>Nespo\u010det hodin se v\u011bnuje navrhov\u00e1n\u00ed, konstrukci a v\u00fdrob\u011b no\u017e\u016f, aby kone\u010dn\u00fd produkt m\u011bl dlouhodob\u00fd a nad\u010dasov\u00fd design. Slibujeme, \u017ee ka\u017ed\u00fd n\u016f\u017e, kter\u00fd opust\u00ed v\u00fdrobnu, je bezvadn\u00fdm um\u011bleck\u00fdm d\u00edlem,\u00a0 kter\u00fd ur\u010dit\u011b zap\u016fsob\u00ed!<\/p>\n<p>Fantastick\u00fd n\u016f\u017e Heretic Hydra Single Action OTF m\u00e1 speci\u00e1ln\u00ed rukoje\u0165 s uhl\u00edkov\u00fdmi vl\u00e1kny, na kter\u00e9 je oto\u010dn\u00fd knofl\u00edk z plamenn\u00e9ho titanu, stejn\u011b i klip. Ka\u017ed\u00fd vzor plamene je jin\u00fd, d\u00edky \u010demu\u017e je ka\u017ed\u00fd n\u016f\u017e jedine\u010dn\u00fd.<\/p>\n<p>Model: H006-11A-CF \/ FTi<br \/>\nCelkov\u00e1 d\u00e9lka: 22 cm<br \/>\nD\u00e9lka \u010depele: 9 cm<br \/>\nMateri\u00e1l \u010depele: Elmax<br \/>\nStyl \u010depele: Tanto Edge<br \/>\nFinish: Black DLC<br \/>\n\u010cern\u00e1 barva<\/p>\n<p><iframe title=\"Heretic Shop Video\" width=\"800\" height=\"450\" src=\"https:\/\/www.youtube.com\/embed\/7qUL5q7Cvgo?feature=oembed\" frameborder=\"0\" allow=\"accelerometer; autoplay; clipboard-write; encrypted-media; gyroscope; picture-in-picture; web-share\" referrerpolicy=\"strict-origin-when-cross-origin\" allowfullscreen><\/iframe><\/p>\n","protected":false},"excerpt":{"rendered":"<p>V\u0161echny no\u017ee jsou vyr\u00e1b\u011bny v <strong>USA<\/strong> a bude to tak i nad\u00e1le. Ka\u017ed\u00fd n\u016f\u017e, kter\u00fd opust\u00ed v\u00fdrobnu, je bezvadn\u00fdm um\u011bleck\u00fdm d\u00edlem,\u00a0 kter\u00fd ur\u010dit\u011b zap\u016fsob\u00ed!<\/p>\n","protected":false},"featured_media":195848,"comment_status":"open","ping_status":"closed","template":"","meta":[],"pwb-brand":[318],"product_brand":[],"product_cat":[2019,17],"product_tag":[],"class_list":{"0":"post-195847","1":"product","2":"type-product","3":"status-publish","4":"has-post-thumbnail","6":"pwb-brand-heretic-knives","7":"product_cat-vystrelovaci-noze","8":"product_cat-noze","10":"first","11":"outofstock","12":"taxable","13":"shipping-taxable","14":"purchasable","15":"product-type-simple"},"brands":[{"id":318,"name":"Heretic Knives","slug":"heretic-knives"}],"_links":{"self":[{"href":"https:\/\/www.moskito.cz\/de\/wp-json\/wp\/v2\/product\/195847","targetHints":{"allow":["GET"]}}],"collection":[{"href":"https:\/\/www.moskito.cz\/de\/wp-json\/wp\/v2\/product"}],"about":[{"href":"https:\/\/www.moskito.cz\/de\/wp-json\/wp\/v2\/types\/product"}],"replies":[{"embeddable":true,"href":"https:\/\/www.moskito.cz\/de\/wp-json\/wp\/v2\/comments?post=195847"}],"wp:featuredmedia":[{"embeddable":true,"href":"https:\/\/www.moskito.cz\/de\/wp-json\/wp\/v2\/media\/195848"}],"wp:attachment":[{"href":"https:\/\/www.moskito.cz\/de\/wp-json\/wp\/v2\/media?parent=195847"}],"wp:term":[{"taxonomy":"pwb-brand","embeddable":true,"href":"https:\/\/www.moskito.cz\/de\/wp-json\/wp\/v2\/pwb-brand?post=195847"},{"taxonomy":"product_brand","embeddable":true,"href":"https:\/\/www.moskito.cz\/de\/wp-json\/wp\/v2\/product_brand?post=195847"},{"taxonomy":"product_cat","embeddable":true,"href":"https:\/\/www.moskito.cz\/de\/wp-json\/wp\/v2\/product_cat?post=195847"},{"taxonomy":"product_tag","embeddable":true,"href":"https:\/\/www.moskito.cz\/de\/wp-json\/wp\/v2\/product_tag?post=195847"}],"curies":[{"name":"wp","href":"https:\/\/api.w.org\/{rel}","templated":true}]}}