{"id":196778,"date":"2021-04-15T21:11:40","date_gmt":"2021-04-15T20:11:40","guid":{"rendered":"https:\/\/www.moskito.cz\/?post_type=product&#038;p=196778"},"modified":"2025-07-11T07:54:19","modified_gmt":"2025-07-11T06:54:19","slug":"sekera-kanetsune-kb-157","status":"publish","type":"product","link":"https:\/\/www.moskito.cz\/de\/produkt\/sekera-kanetsune-kb-157\/","title":{"rendered":"Sekera Kanetsune KB-157"},"content":{"rendered":"<p>Sekera <strong>Kanetsune<\/strong> KB-157.<\/p>\n<p>No\u017ee\u00a0<strong>Kanetsune<\/strong>, kter\u00e9 se nach\u00e1zej\u00ed v Seki City, m\u011bst\u011b v 800 let star\u00e9m hlavn\u00edm m\u011bst\u011b Orientu, jsou \u0161pi\u010dkov\u00e9 kvality. \u201eSeki-den\u201c je tajn\u00e1 metoda v\u00fdroby japonsk\u00fdch me\u010d\u016f, kter\u00e1 byla p\u0159ed\u00e1na do na\u0161\u00ed sou\u010dasn\u00e9 doby.\u00a0<strong>Kanetsune Seki<\/strong>, jeden z nejlep\u0161\u00edch mistr\u016f v Japonsku, zachov\u00e1v\u00e1 starod\u00e1vn\u00e9 tradice. V\u0161echny uveden\u00e9 no\u017ee byly vyrobeny v Japonsku.<\/p>\n<p>Krbov\u00e1 ru\u010dn\u00ed sekera,dubov\u00e1 rukoje\u0165 s ko\u017een\u00fdm pouzdrem KB-157<\/p>\n<p>Celkov\u00e1 d\u00e9lka: 36 cm<br \/>\nD\u00e9lka ost\u0159\u00ed: 8,5 cm<br \/>\nOcel:\u00a0SC Steel core (sandwiched)<br \/>\nRukoje\u0165: dubov\u00e9 d\u0159evo<br \/>\nHmotnost: 690 g<br \/>\nPouzdro:\u00a0 k\u016f\u017ee<\/p>\n<p>Made in\u00a0Japan<\/p>\n<p><strong>Kanetsune<\/strong> KB-157 Fireplace Hand Axe Grilled Oak Handle with Leather Case KB-157<\/p>\n","protected":false},"excerpt":{"rendered":"<p>Japonsk\u00e1 sekera <strong>Kanetsune.<\/strong><\/p>\n<p><strong>Doprava zdarma.<\/strong><\/p>\n<p>&nbsp;<\/p>\n","protected":false},"featured_media":196993,"comment_status":"open","ping_status":"closed","template":"","meta":[],"pwb-brand":[364],"product_brand":[],"product_cat":[32],"product_tag":[],"class_list":{"0":"post-196778","1":"product","2":"type-product","3":"status-publish","4":"has-post-thumbnail","6":"pwb-brand-kanetsune","7":"product_cat-sekery","9":"first","10":"outofstock","11":"taxable","12":"shipping-taxable","13":"purchasable","14":"product-type-simple"},"brands":[{"id":364,"name":"Kanetsune","slug":"kanetsune"}],"_links":{"self":[{"href":"https:\/\/www.moskito.cz\/de\/wp-json\/wp\/v2\/product\/196778","targetHints":{"allow":["GET"]}}],"collection":[{"href":"https:\/\/www.moskito.cz\/de\/wp-json\/wp\/v2\/product"}],"about":[{"href":"https:\/\/www.moskito.cz\/de\/wp-json\/wp\/v2\/types\/product"}],"replies":[{"embeddable":true,"href":"https:\/\/www.moskito.cz\/de\/wp-json\/wp\/v2\/comments?post=196778"}],"wp:featuredmedia":[{"embeddable":true,"href":"https:\/\/www.moskito.cz\/de\/wp-json\/wp\/v2\/media\/196993"}],"wp:attachment":[{"href":"https:\/\/www.moskito.cz\/de\/wp-json\/wp\/v2\/media?parent=196778"}],"wp:term":[{"taxonomy":"pwb-brand","embeddable":true,"href":"https:\/\/www.moskito.cz\/de\/wp-json\/wp\/v2\/pwb-brand?post=196778"},{"taxonomy":"product_brand","embeddable":true,"href":"https:\/\/www.moskito.cz\/de\/wp-json\/wp\/v2\/product_brand?post=196778"},{"taxonomy":"product_cat","embeddable":true,"href":"https:\/\/www.moskito.cz\/de\/wp-json\/wp\/v2\/product_cat?post=196778"},{"taxonomy":"product_tag","embeddable":true,"href":"https:\/\/www.moskito.cz\/de\/wp-json\/wp\/v2\/product_tag?post=196778"}],"curies":[{"name":"wp","href":"https:\/\/api.w.org\/{rel}","templated":true}]}}