{"id":197209,"date":"2021-04-23T17:40:03","date_gmt":"2021-04-23T16:40:03","guid":{"rendered":"https:\/\/www.moskito.cz\/?post_type=product&#038;p=197209"},"modified":"2025-07-11T07:54:31","modified_gmt":"2025-07-11T06:54:31","slug":"pevny-nuz-extrema-ratio-fulcrum","status":"publish","type":"product","link":"https:\/\/www.moskito.cz\/de\/produkt\/pevny-nuz-extrema-ratio-fulcrum\/","title":{"rendered":"Pevn\u00fd N\u016f\u017e Extrema Ratio FULCRUM BLACK"},"content":{"rendered":"<p>Pevn\u00fd N\u016f\u017e <strong>Extrema Ratio<\/strong> FULCRUM BLACK.<\/p>\n<p>Pravd\u011bpodobn\u011b miln\u00edk mezi v\u00edce\u00fa\u010delov\u00fdmi no\u017ei.<\/p>\n<p>Je vyu\u017e\u00edv\u00e1n ve velk\u00e9m m\u011b\u0159\u00edtku v Afgh\u00e1nist\u00e1nu jako standardn\u00ed vybaven\u00ed \u010dleny italsk\u00e9 mise \u201eNibbio\u201c a je sou\u010d\u00e1st\u00ed experiment\u00e1ln\u00edho projektu \u00fast\u0159ed\u00ed Alpsk\u00fdch vojsk zam\u011b\u0159en\u00e9ho na obnovu individu\u00e1ln\u00edho vybaven\u00ed.<\/p>\n<p>B\u011bhem p\u0159\u00edpravy na tuto misi koordinovalo velitelstv\u00ed Alpsk\u00fdch vojsk t\u00fdm spole\u010dnost\u00ed p\u0159i realizaci nov\u00e9 a kompletn\u00ed experiment\u00e1ln\u00ed sady individu\u00e1ln\u00edho vybaven\u00ed.<\/p>\n<p>Extrema Ratio je spole\u010dnost, kterou si velitelstv\u00ed alpsk\u00fdch vojsk vybralo pro v\u00fdvoj v\u00edce\u00fa\u010delov\u00e9ho no\u017ee vhodn\u00e9ho pro p\u011bchotu, no\u017ee, kter\u00fd lze pou\u017e\u00edt p\u0159i jak\u00e9koli akci a kter\u00fd dok\u00e1\u017ee \u00fasp\u011b\u0161n\u011b vy\u0159e\u0161it jak\u00fdkoli typ probl\u00e9mu, i kdy\u017e se specializovan\u00e9 vybaven\u00ed uk\u00e1zalo jako nedostate\u010dn\u00e9. byl tak \u00fasp\u011b\u0161n\u00fd, \u017ee v\u00edce\u00fa\u010delov\u00fd n\u016f\u017e pak vedl k v\u00fdvoji bajonetu Fulcrum, kter\u00fd m\u011bl stejn\u00e9 vlastnosti, ale mohl b\u00fdt p\u0159ipevn\u011bn k vydan\u00e9 pu\u0161ce.<\/p>\n<p>Fulcrum je extr\u00e9mn\u011b robustn\u00ed a v\u0161estrann\u00fd n\u016f\u017e, \u010depel unese z\u00e1t\u011b\u017e p\u0159es 150 kg bez zlomen\u00ed, \u0161pi\u010dka je neuv\u011b\u0159iteln\u011b robustn\u00ed a profil \u201etanto\u201c znamen\u00e1, \u017ee n\u016f\u017e lze pou\u017e\u00edvat po dlouhou dobu, ani\u017e by to ovlivnilo ostrost posledn\u00ed sekce, toto zaru\u010duje, spolu s \u010d\u00e1ste\u010dn\u011b ostrou h\u0159betn\u00ed \u010depel\u00ed (civiln\u00ed verze to nezahrnuje), jeho schopnost pr\u016fniku, kter\u00e1 je nezbytn\u00e1 v boji na bl\u00edzko proti c\u00edl\u016fm s t\u011b\u017ek\u00fdm oble\u010den\u00edm, od\u011bvy a m\u011bkkou balistickou ochranou.<\/p>\n<p>D\u00edky t\u011b\u017ei\u0161ti vp\u0159ed a hmotnosti\u00a0 je vhodn\u00fd pro t\u011b\u017ek\u00e9 pr\u00e1ce v ter\u00e9nu.<\/p>\n<p>Rychlost a za\u0159\u00edzen\u00ed, s nimi\u017e lze prov\u00e1d\u011bt b\u011b\u017enou i mimo\u0159\u00e1dnou \u00fadr\u017ebu, \u010din\u00ed z Fulcrum vynikaj\u00edc\u00ed volbu pro pou\u017eit\u00ed ve velk\u00e9m m\u011b\u0159\u00edtku z ekonomick\u00e9ho a administrativn\u00edho hlediska.<\/p>\n<p>\u010cepel: B\u00f6hler N690<\/p>\n<p>Tvrdost oceli: HRC 58<\/p>\n<p>Povrchov\u00e1 \u00faprava \u010depele: MIL-C-13924<\/p>\n<p>Vroubkov\u00e1n\u00ed na \u010depeli: \u010c\u00e1ste\u010dn\u00fd<\/p>\n<p>Rukoje\u0165: Forprene<\/p>\n<p>Pochva\\. Injection-molded ABS<\/p>\n<p>V\u00e1ha: 330 g<\/p>\n<p>Celkov\u00e1 d\u00e9lka: 310 mm<\/p>\n<p>D\u00e9lka \u010depele: 180 mm<\/p>\n<p>Tlou\u0161\u0165ka \u010depele: 6,3 mm<\/p>\n<p>Zem\u011b p\u016fvodu: It\u00e1lie<\/p>\n","protected":false},"excerpt":{"rendered":"<p>Spole\u010dnost <strong>Extrema Ratio<\/strong> se s\u00eddlem v italsk\u00e9m Pratu navrhuje a vyr\u00e1b\u00ed vysoce v\u00fdkonn\u00e9 bojov\u00e9, vojensk\u00e9, kuchy\u0148sk\u00e9, loveck\u00e9 a taktick\u00e9 no\u017ee od roku 1997 a m\u00e1 pov\u011bst vynikaj\u00edc\u00ed kvality, kter\u00e1 je v oboru vojensk\u00fdch a taktick\u00fdch no\u017e\u016f nep\u0159ekonateln\u00e1. <strong>Doprava zdarma.<\/strong><\/p>\n","protected":false},"featured_media":197210,"comment_status":"open","ping_status":"closed","template":"","meta":[],"pwb-brand":[267],"product_brand":[],"product_cat":[23,17],"product_tag":[3667],"class_list":{"0":"post-197209","1":"product","2":"type-product","3":"status-publish","4":"has-post-thumbnail","6":"pwb-brand-extrema-ratio","7":"product_cat-pevne-noze","8":"product_cat-noze","9":"product_tag-b2b","11":"first","12":"instock","13":"taxable","14":"shipping-taxable","15":"purchasable","16":"product-type-simple"},"brands":[{"id":267,"name":"Extrema Ratio","slug":"extrema-ratio"}],"_links":{"self":[{"href":"https:\/\/www.moskito.cz\/de\/wp-json\/wp\/v2\/product\/197209","targetHints":{"allow":["GET"]}}],"collection":[{"href":"https:\/\/www.moskito.cz\/de\/wp-json\/wp\/v2\/product"}],"about":[{"href":"https:\/\/www.moskito.cz\/de\/wp-json\/wp\/v2\/types\/product"}],"replies":[{"embeddable":true,"href":"https:\/\/www.moskito.cz\/de\/wp-json\/wp\/v2\/comments?post=197209"}],"wp:featuredmedia":[{"embeddable":true,"href":"https:\/\/www.moskito.cz\/de\/wp-json\/wp\/v2\/media\/197210"}],"wp:attachment":[{"href":"https:\/\/www.moskito.cz\/de\/wp-json\/wp\/v2\/media?parent=197209"}],"wp:term":[{"taxonomy":"pwb-brand","embeddable":true,"href":"https:\/\/www.moskito.cz\/de\/wp-json\/wp\/v2\/pwb-brand?post=197209"},{"taxonomy":"product_brand","embeddable":true,"href":"https:\/\/www.moskito.cz\/de\/wp-json\/wp\/v2\/product_brand?post=197209"},{"taxonomy":"product_cat","embeddable":true,"href":"https:\/\/www.moskito.cz\/de\/wp-json\/wp\/v2\/product_cat?post=197209"},{"taxonomy":"product_tag","embeddable":true,"href":"https:\/\/www.moskito.cz\/de\/wp-json\/wp\/v2\/product_tag?post=197209"}],"curies":[{"name":"wp","href":"https:\/\/api.w.org\/{rel}","templated":true}]}}