{"id":197263,"date":"2021-04-25T18:43:46","date_gmt":"2021-04-25T17:43:46","guid":{"rendered":"https:\/\/www.moskito.cz\/?post_type=product&#038;p=197263"},"modified":"2025-07-11T07:54:38","modified_gmt":"2025-07-11T06:54:38","slug":"pevny-nuz-extrema-ratio-shrapnel-og-black","status":"publish","type":"product","link":"https:\/\/www.moskito.cz\/de\/produkt\/pevny-nuz-extrema-ratio-shrapnel-og-black\/","title":{"rendered":"Pevn\u00fd N\u016f\u017e Extrema Ratio SHRAPNEL OG BLACK"},"content":{"rendered":"<p>Pevn\u00fd N\u016f\u017e <strong>Extrema Ratio<\/strong> SHRAPNEL OG BLACK.<\/p>\n<p>Shrapnel OG je skute\u010dn\u011b univerz\u00e1ln\u00ed &#8222;z\u00e1lo\u017en\u00ed&#8220; n\u016f\u017e s v\u00fdrazn\u00fdmi bojov\u00fdmi vlastnostmi. Jeho listov\u00e1 \u010depel je ploch\u00e1 pod charakteristick\u00fdm n\u00edzk\u00fdm \u00fahlem k \u0161irok\u00e9, mimo\u0159\u00e1dn\u011b ostr\u00e9 hran\u011b. P\u0159ilo\u017een\u00e9 tvrd\u00e9 pouzdro lze nosit svisle, vodorovn\u011b nebo \u0161ikmo (pod \u00fahlem 45 \u00b0). Na rozd\u00edl od star\u0161\u00edho modelu, kter\u00fd nahrazuje, Shrapnel OG Hilt dizajn neobsahuje ochrann\u00fd kryt. P\u016fvodn\u00ed verze Shrapnel OG p\u0159ich\u00e1z\u00ed s kompaktn\u00ed rukojet\u00ed 3,9 palce, verze Full Handle s pohodln\u011bj\u0161\u00ed rukojet\u00ed 5 palc\u016f. Dostupn\u00e9 verze: Shrapnel OG BLACK, Shrapnel OG DESERT WARFARE, Shrapnel OG STONE WASHED, Shrapnel OG FH BLACK, Shrapnel OG FH DESERT WARFARE.<\/p>\n<p>TECHNICK\u00dd LIST<br \/>\nHmotnost g.:204<br \/>\nHmotnost oz.: 7,2<br \/>\nD\u00e9lka \u010depele (mm): 110<br \/>\nD\u00e9lka \u010depele (v palc\u00edch): 4,3<br \/>\nCelkov\u00e1 d\u00e9lka (mm): 213<br \/>\nCelkov\u00e1 d\u00e9lka (v): 8,4<br \/>\nTlou\u0161\u0165ka \u010depele (mm): 6,3<br \/>\nTlou\u0161\u0165ka \u010depele (v palc\u00edch): 0,25<br \/>\nMateri\u00e1l \u010depele: B\u00f6HLER N690 STEEL (58HRC)<br \/>\nPovrchov\u00e1 \u00faprava \u010depele: VYH\u0158\u00cdV\u00c1N\u00cd MIL-C-13924<br \/>\nHlavn\u00ed m\u0159\u00ed\u017eka: FLAT<br \/>\nMateri\u00e1l rukojeti: FORPRENE<\/p>\n","protected":false},"excerpt":{"rendered":"<p>Spole\u010dnost\u00a0<strong>Extrema Ratio<\/strong>\u00a0se s\u00eddlem v italsk\u00e9m Pratu navrhuje a vyr\u00e1b\u00ed vysoce v\u00fdkonn\u00e9 bojov\u00e9, vojensk\u00e9, kuchy\u0148sk\u00e9, loveck\u00e9 a taktick\u00e9 no\u017ee od roku 1997 a m\u00e1 pov\u011bst vynikaj\u00edc\u00ed kvality, kter\u00e1 je v oboru vojensk\u00fdch a taktick\u00fdch no\u017e\u016f nep\u0159ekonateln\u00e1.\u00a0<strong>Doprava zdarma.<\/strong><\/p>\n","protected":false},"featured_media":197264,"comment_status":"open","ping_status":"closed","template":"","meta":[],"pwb-brand":[267],"product_brand":[],"product_cat":[23,17],"product_tag":[3667],"class_list":{"0":"post-197263","1":"product","2":"type-product","3":"status-publish","4":"has-post-thumbnail","6":"pwb-brand-extrema-ratio","7":"product_cat-pevne-noze","8":"product_cat-noze","9":"product_tag-b2b","11":"first","12":"instock","13":"taxable","14":"shipping-taxable","15":"purchasable","16":"product-type-simple"},"brands":[{"id":267,"name":"Extrema Ratio","slug":"extrema-ratio"}],"_links":{"self":[{"href":"https:\/\/www.moskito.cz\/de\/wp-json\/wp\/v2\/product\/197263","targetHints":{"allow":["GET"]}}],"collection":[{"href":"https:\/\/www.moskito.cz\/de\/wp-json\/wp\/v2\/product"}],"about":[{"href":"https:\/\/www.moskito.cz\/de\/wp-json\/wp\/v2\/types\/product"}],"replies":[{"embeddable":true,"href":"https:\/\/www.moskito.cz\/de\/wp-json\/wp\/v2\/comments?post=197263"}],"wp:featuredmedia":[{"embeddable":true,"href":"https:\/\/www.moskito.cz\/de\/wp-json\/wp\/v2\/media\/197264"}],"wp:attachment":[{"href":"https:\/\/www.moskito.cz\/de\/wp-json\/wp\/v2\/media?parent=197263"}],"wp:term":[{"taxonomy":"pwb-brand","embeddable":true,"href":"https:\/\/www.moskito.cz\/de\/wp-json\/wp\/v2\/pwb-brand?post=197263"},{"taxonomy":"product_brand","embeddable":true,"href":"https:\/\/www.moskito.cz\/de\/wp-json\/wp\/v2\/product_brand?post=197263"},{"taxonomy":"product_cat","embeddable":true,"href":"https:\/\/www.moskito.cz\/de\/wp-json\/wp\/v2\/product_cat?post=197263"},{"taxonomy":"product_tag","embeddable":true,"href":"https:\/\/www.moskito.cz\/de\/wp-json\/wp\/v2\/product_tag?post=197263"}],"curies":[{"name":"wp","href":"https:\/\/api.w.org\/{rel}","templated":true}]}}