{"id":197775,"date":"2021-05-05T22:22:06","date_gmt":"2021-05-05T21:22:06","guid":{"rendered":"https:\/\/www.moskito.cz\/?post_type=product&#038;p=197775"},"modified":"2025-05-07T10:34:21","modified_gmt":"2025-05-07T09:34:21","slug":"pevny-nuz-extrema-ratio-mamba-desert","status":"publish","type":"product","link":"https:\/\/www.moskito.cz\/de\/produkt\/pevny-nuz-extrema-ratio-mamba-desert\/","title":{"rendered":"Pevn\u00fd N\u016f\u017e Extrema Ratio MAMBA DESERT"},"content":{"rendered":"<p>Pevn\u00fd N\u016f\u017e <strong>Extrema Ratio<\/strong> MAMBA DESERT.<\/p>\n<p>V\u00edce\u00fa\u010delov\u00fd taktick\u00fd n\u016f\u017e, velmi lehk\u00fd a snadno ovladateln\u00fd. Dod\u00e1v\u00e1 se se speci\u00e1ln\u00edm nylonov\u00fdm pouzdrem Aspis, kter\u00fd byl speci\u00e1ln\u011b studov\u00e1n spole\u010dnost\u00ed Extrema Ratio, aby umo\u017enil rychl\u00e9 uvoln\u011bn\u00ed \u010depele a jej\u00ed upevn\u011bn\u00ed uvnit\u0159 syst\u00e9mu M.O.L.L.E d\u00edky dv\u011bma v\u00edcepolohov\u00fdm spon\u00e1m.K dispozici v barv\u00e1ch Black, Desert, HCS, Ranger Green a Wolf Grey<\/p>\n<p>TECHNICK\u00dd LIST<br \/>\nHmotnost g.:85<br \/>\nHmotnost oz.: 2,99<br \/>\nD\u00e9lka \u010depele (mm): 116<br \/>\nD\u00e9lka \u010depele (palce): 4,56<br \/>\nCelkov\u00e1 d\u00e9lka (mm): 237<br \/>\nCelkov\u00e1 d\u00e9lka (v): 9,33<br \/>\nTlou\u0161\u0165ka \u010depele (mm): 4<br \/>\nTlou\u0161\u0165ka \u010depele (v palc\u00edch): 0,15<br \/>\nMateri\u00e1l \u010depele: B\u00f6HLER STEEL N690 (58HRC)<br \/>\nPovrchov\u00e1 \u00faprava \u010depele: KAMENE OBSA\u017dENO<br \/>\nHlavn\u00ed m\u0159\u00ed\u017eka: FLAT<br \/>\nMateri\u00e1l rukojeti: FORPRENE<\/p>\n<p><iframe title=\"Extrema Ratio Mamba | t-tactical.eu\" width=\"800\" height=\"450\" src=\"https:\/\/www.youtube.com\/embed\/5jcDRn6oFuw?feature=oembed\" frameborder=\"0\" allow=\"accelerometer; autoplay; clipboard-write; encrypted-media; gyroscope; picture-in-picture\" allowfullscreen><\/iframe><\/p>\n<p>&nbsp;<\/p>\n","protected":false},"excerpt":{"rendered":"<p>Spole\u010dnost\u00a0<strong>Extrema Ratio<\/strong>\u00a0se s\u00eddlem v italsk\u00e9m Pratu navrhuje a vyr\u00e1b\u00ed vysoce v\u00fdkonn\u00e9 bojov\u00e9, vojensk\u00e9, kuchy\u0148sk\u00e9, loveck\u00e9 a taktick\u00e9 no\u017ee od roku 1997 a m\u00e1 pov\u011bst vynikaj\u00edc\u00ed kvality, kter\u00e1 je v oboru vojensk\u00fdch a taktick\u00fdch no\u017e\u016f nep\u0159ekonateln\u00e1.\u00a0<strong>Doprava zdarma.<\/strong><\/p>\n","protected":false},"featured_media":197776,"comment_status":"open","ping_status":"closed","template":"","meta":[],"pwb-brand":[267],"product_brand":[],"product_cat":[23,17],"product_tag":[3667],"class_list":{"0":"post-197775","1":"product","2":"type-product","3":"status-publish","4":"has-post-thumbnail","6":"pwb-brand-extrema-ratio","7":"product_cat-pevne-noze","8":"product_cat-noze","9":"product_tag-b2b","11":"first","12":"instock","13":"taxable","14":"shipping-taxable","15":"purchasable","16":"product-type-simple"},"brands":[{"id":267,"name":"Extrema Ratio","slug":"extrema-ratio"}],"_links":{"self":[{"href":"https:\/\/www.moskito.cz\/de\/wp-json\/wp\/v2\/product\/197775","targetHints":{"allow":["GET"]}}],"collection":[{"href":"https:\/\/www.moskito.cz\/de\/wp-json\/wp\/v2\/product"}],"about":[{"href":"https:\/\/www.moskito.cz\/de\/wp-json\/wp\/v2\/types\/product"}],"replies":[{"embeddable":true,"href":"https:\/\/www.moskito.cz\/de\/wp-json\/wp\/v2\/comments?post=197775"}],"wp:featuredmedia":[{"embeddable":true,"href":"https:\/\/www.moskito.cz\/de\/wp-json\/wp\/v2\/media\/197776"}],"wp:attachment":[{"href":"https:\/\/www.moskito.cz\/de\/wp-json\/wp\/v2\/media?parent=197775"}],"wp:term":[{"taxonomy":"pwb-brand","embeddable":true,"href":"https:\/\/www.moskito.cz\/de\/wp-json\/wp\/v2\/pwb-brand?post=197775"},{"taxonomy":"product_brand","embeddable":true,"href":"https:\/\/www.moskito.cz\/de\/wp-json\/wp\/v2\/product_brand?post=197775"},{"taxonomy":"product_cat","embeddable":true,"href":"https:\/\/www.moskito.cz\/de\/wp-json\/wp\/v2\/product_cat?post=197775"},{"taxonomy":"product_tag","embeddable":true,"href":"https:\/\/www.moskito.cz\/de\/wp-json\/wp\/v2\/product_tag?post=197775"}],"curies":[{"name":"wp","href":"https:\/\/api.w.org\/{rel}","templated":true}]}}