{"id":197969,"date":"2021-05-08T19:40:53","date_gmt":"2021-05-08T18:40:53","guid":{"rendered":"https:\/\/www.moskito.cz\/?post_type=product&#038;p=197969"},"modified":"2025-05-07T10:34:24","modified_gmt":"2025-05-07T09:34:24","slug":"zaviraci-nuz-extrema-ratio-bd1-r","status":"publish","type":"product","link":"https:\/\/www.moskito.cz\/de\/produkt\/zaviraci-nuz-extrema-ratio-bd1-r\/","title":{"rendered":"Zav\u00edrac\u00ed N\u016f\u017e Extrema Ratio BD1 R"},"content":{"rendered":"<p>Zav\u00edrac\u00ed N\u016f\u017e Extrema Ratio BD1 R.<\/p>\n<p>Extrema Ratio BD1 R je nov\u00fd n\u016f\u017e navr\u017een\u00fd pro lehkost. Vyzna\u010duje se velmi \u0161t\u00edhl\u00fdm profilem se zam\u011b\u0159en\u00edm na lehkost, ani\u017e by se vzdal obvykl\u00e9 hou\u017eevnatosti a spolehlivosti Extrema Ratio, a to i d\u00edky \u010dern\u011b eloxovan\u00e9mu antikod\u00e1ln\u00edmu \u00fachopu.<\/p>\n<p>Modifikovan\u00e1 sat\u00e9nov\u00e1 \u010depel\u00a0 je vyrobena z oceli Bohler N690 kalen\u00e9 na 58 HRC, 2,75 \u201d(70 mm) dlouh\u00e1, 0,1\u201d (2,5 mm) tlust\u00e1.<\/p>\n<p>\u010cepel je nasazena obvykl\u00fdm prodlou\u017een\u00edm \u010depele \u201eRazor\u201c, kter\u00e9 umo\u017e\u0148uje snadn\u00fd oboustrann\u00fd provoz. Jednoduch\u00fd, ale robustn\u00ed syst\u00e9m z\u00e1mku vlo\u017eky udr\u017euje \u010depel otev\u0159enou.<\/p>\n<p>Oboustrann\u00e1 spona s odleh\u010dovac\u00edmi otvory p\u0159isp\u00edv\u00e1 k udr\u017een\u00ed hmotnosti no\u017ee na minimu.<\/p>\n<p>S celkovou d\u00e9lkou 6,7 \u201d(170 mm) a hmotnost\u00ed pouh\u00fdch 2,7 oz (75 g) je Extrema Ratio BD1 R extr\u00e9mn\u011b lehk\u00fd a \u0161t\u00edhl\u00fd n\u016f\u017e, kter\u00fd z n\u011bj \u010din\u00ed ide\u00e1ln\u00ed volbu EDC.<\/p>\n<p>TECHNICK\u00dd LIST<br \/>\nHmotnost g.:75<br \/>\nHmotnost oz.: 2,7<br \/>\nD\u00e9lka \u010depele (mm): 70<br \/>\nD\u00e9lka \u010depele (palce): 2,75<br \/>\nCelkov\u00e1 d\u00e9lka (mm): 170<br \/>\nCelkov\u00e1 d\u00e9lka (v): 6.7<br \/>\nTlou\u0161\u0165ka \u010depele (mm): 2.5<br \/>\nTlou\u0161\u0165ka \u010depele (v palc\u00edch): 0,1<br \/>\nMateri\u00e1l \u010depele: B\u00f6HLER N690 STEEL (58HRC)<br \/>\nPovrchov\u00e1 \u00faprava \u010depele: SATIN<br \/>\nHlavn\u00ed m\u0159\u00ed\u017eka: FLAT<br \/>\nMateri\u00e1l rukojeti: ANTICORODAL ANODIZED ALUMINIUM<\/p>\n","protected":false},"excerpt":{"rendered":"<p>Spole\u010dnost\u00a0<strong>Extrema Ratio<\/strong>\u00a0se s\u00eddlem v italsk\u00e9m Pratu navrhuje a vyr\u00e1b\u00ed vysoce v\u00fdkonn\u00e9 bojov\u00e9, vojensk\u00e9, kuchy\u0148sk\u00e9, loveck\u00e9 a taktick\u00e9 no\u017ee od roku 1997 a m\u00e1 pov\u011bst vynikaj\u00edc\u00ed kvality, kter\u00e1 je v oboru vojensk\u00fdch a taktick\u00fdch no\u017e\u016f nep\u0159ekonateln\u00e1.\u00a0<strong>Doprava zdarma.<\/strong><\/p>\n","protected":false},"featured_media":197970,"comment_status":"open","ping_status":"closed","template":"","meta":[],"pwb-brand":[267],"product_brand":[],"product_cat":[22,17],"product_tag":[3667],"class_list":{"0":"post-197969","1":"product","2":"type-product","3":"status-publish","4":"has-post-thumbnail","6":"pwb-brand-extrema-ratio","7":"product_cat-zaviraci-noze","8":"product_cat-noze","9":"product_tag-b2b","11":"first","12":"instock","13":"taxable","14":"shipping-taxable","15":"purchasable","16":"product-type-simple"},"brands":[{"id":267,"name":"Extrema Ratio","slug":"extrema-ratio"}],"_links":{"self":[{"href":"https:\/\/www.moskito.cz\/de\/wp-json\/wp\/v2\/product\/197969","targetHints":{"allow":["GET"]}}],"collection":[{"href":"https:\/\/www.moskito.cz\/de\/wp-json\/wp\/v2\/product"}],"about":[{"href":"https:\/\/www.moskito.cz\/de\/wp-json\/wp\/v2\/types\/product"}],"replies":[{"embeddable":true,"href":"https:\/\/www.moskito.cz\/de\/wp-json\/wp\/v2\/comments?post=197969"}],"wp:featuredmedia":[{"embeddable":true,"href":"https:\/\/www.moskito.cz\/de\/wp-json\/wp\/v2\/media\/197970"}],"wp:attachment":[{"href":"https:\/\/www.moskito.cz\/de\/wp-json\/wp\/v2\/media?parent=197969"}],"wp:term":[{"taxonomy":"pwb-brand","embeddable":true,"href":"https:\/\/www.moskito.cz\/de\/wp-json\/wp\/v2\/pwb-brand?post=197969"},{"taxonomy":"product_brand","embeddable":true,"href":"https:\/\/www.moskito.cz\/de\/wp-json\/wp\/v2\/product_brand?post=197969"},{"taxonomy":"product_cat","embeddable":true,"href":"https:\/\/www.moskito.cz\/de\/wp-json\/wp\/v2\/product_cat?post=197969"},{"taxonomy":"product_tag","embeddable":true,"href":"https:\/\/www.moskito.cz\/de\/wp-json\/wp\/v2\/product_tag?post=197969"}],"curies":[{"name":"wp","href":"https:\/\/api.w.org\/{rel}","templated":true}]}}