{"id":198130,"date":"2021-05-10T22:15:16","date_gmt":"2021-05-10T21:15:16","guid":{"rendered":"https:\/\/www.moskito.cz\/?post_type=product&#038;p=198130"},"modified":"2025-05-07T10:34:27","modified_gmt":"2025-05-07T09:34:27","slug":"vrhaci-noze-gen-x-throwing-set","status":"publish","type":"product","link":"https:\/\/www.moskito.cz\/de\/produkt\/vrhaci-noze-gen-x-throwing-set\/","title":{"rendered":"Vrhac\u00ed No\u017ee Hibben Gen-X Throwing Set"},"content":{"rendered":"<p>Vrhac\u00ed No\u017ee <strong>Hibben<\/strong> Gen-X Throwing Set.<\/p>\n<p>Sada t\u0159\u00ed kus\u016f. No\u017ee jsou z jednoho kusu nerezov\u00e9 konstrukce AUS-6. Celkov\u00e1 d\u00e9lka no\u017e\u016f je 27 cm. Rukojeti maj\u00ed droben\u00e9 otvory. Pouzdro na opasek je vyrobeno z \u010dern\u00e9ho nylonu.<\/p>\n","protected":false},"excerpt":{"rendered":"<p>Tr\u00e9ninkov\u00e9 no\u017ee s pouzdrem.<\/p>\n","protected":false},"featured_media":198131,"comment_status":"open","ping_status":"closed","template":"","meta":[],"pwb-brand":[304],"product_brand":[],"product_cat":[29,17],"product_tag":[],"class_list":{"0":"post-198130","1":"product","2":"type-product","3":"status-publish","4":"has-post-thumbnail","6":"pwb-brand-hibben","7":"product_cat-vrhaci-noze","8":"product_cat-noze","10":"first","11":"outofstock","12":"taxable","13":"shipping-taxable","14":"purchasable","15":"product-type-simple"},"brands":[{"id":304,"name":"Hibben","slug":"hibben"}],"_links":{"self":[{"href":"https:\/\/www.moskito.cz\/de\/wp-json\/wp\/v2\/product\/198130","targetHints":{"allow":["GET"]}}],"collection":[{"href":"https:\/\/www.moskito.cz\/de\/wp-json\/wp\/v2\/product"}],"about":[{"href":"https:\/\/www.moskito.cz\/de\/wp-json\/wp\/v2\/types\/product"}],"replies":[{"embeddable":true,"href":"https:\/\/www.moskito.cz\/de\/wp-json\/wp\/v2\/comments?post=198130"}],"wp:featuredmedia":[{"embeddable":true,"href":"https:\/\/www.moskito.cz\/de\/wp-json\/wp\/v2\/media\/198131"}],"wp:attachment":[{"href":"https:\/\/www.moskito.cz\/de\/wp-json\/wp\/v2\/media?parent=198130"}],"wp:term":[{"taxonomy":"pwb-brand","embeddable":true,"href":"https:\/\/www.moskito.cz\/de\/wp-json\/wp\/v2\/pwb-brand?post=198130"},{"taxonomy":"product_brand","embeddable":true,"href":"https:\/\/www.moskito.cz\/de\/wp-json\/wp\/v2\/product_brand?post=198130"},{"taxonomy":"product_cat","embeddable":true,"href":"https:\/\/www.moskito.cz\/de\/wp-json\/wp\/v2\/product_cat?post=198130"},{"taxonomy":"product_tag","embeddable":true,"href":"https:\/\/www.moskito.cz\/de\/wp-json\/wp\/v2\/product_tag?post=198130"}],"curies":[{"name":"wp","href":"https:\/\/api.w.org\/{rel}","templated":true}]}}