{"id":198704,"date":"2021-05-17T21:22:40","date_gmt":"2021-05-17T20:22:40","guid":{"rendered":"https:\/\/www.moskito.cz\/?post_type=product&#038;p=198704"},"modified":"2025-05-07T10:34:31","modified_gmt":"2025-05-07T09:34:31","slug":"zaviraci-nuz-boker-plus-urban-trapper-g-10-01bo732","status":"publish","type":"product","link":"https:\/\/www.moskito.cz\/de\/produkt\/zaviraci-nuz-boker-plus-urban-trapper-g-10-01bo732\/","title":{"rendered":"Zav\u00edrac\u00ed N\u016f\u017e B\u00f6ker Plus URBAN TRAPPER G-10 01BO732"},"content":{"rendered":"<p>Zav\u00edrac\u00ed N\u016f\u017e <strong>B\u00f6ker<\/strong> Plus URBAN TRAPPER G-10 01BO732.<\/p>\n<p>Jemn\u011b zak\u0159iven\u00e1 verze no\u017ee Urban Trapper. \u010cepel z japonsk\u00e9 oceli VG-10. Osazen\u00e1 na kuli\u010dkov\u00fdch lo\u017eisc\u00edch. Rukoje\u0165 ma titanov\u00e9 vlo\u017eky a st\u0159enky z materi\u00e1lu G10. Odoln\u00e1, zato st\u00e1le lehk\u00e1 a p\u0159\u00edjemn\u00e1 na \u00fachop. Jednoduch\u00e9 otev\u00edr\u00e1n\u00ed typu flipper \/ skl\u00e1p\u011b\u010d. Elegantn\u00ed no\u017e\u00edk z prvot\u0159\u00eddn\u00edch kvalitn\u00edch materi\u00e1l\u016f s klipem pro ka\u017edodenn\u00ed no\u0161en\u00ed.<\/p>\n<p>Materi\u00e1l \u010depele: VG-10<br \/>\nMateri\u00e1l rukojeti:G-10<br \/>\nPojistka:Framelock<br \/>\nD\u00e9lka \u010depele:8.7 cm<br \/>\nCelkov\u00e1 d\u00e9lka:19.5 cm<br \/>\nTlou\u0161\u0165ka \u010depele:2.5 mm<br \/>\nHmotnost:51 g<\/p>\n<p>&nbsp;<\/p>\n","protected":false},"excerpt":{"rendered":"<p>Zav\u00edrac\u00ed n\u016f\u017e s pojistkou.<\/p>\n","protected":false},"featured_media":198706,"comment_status":"open","ping_status":"closed","template":"","meta":[],"pwb-brand":[140],"product_brand":[],"product_cat":[22,17],"product_tag":[],"class_list":{"0":"post-198704","1":"product","2":"type-product","3":"status-publish","4":"has-post-thumbnail","6":"pwb-brand-boker","7":"product_cat-zaviraci-noze","8":"product_cat-noze","10":"first","11":"instock","12":"taxable","13":"shipping-taxable","14":"purchasable","15":"product-type-simple"},"brands":[{"id":140,"name":"Boker","slug":"boker"}],"_links":{"self":[{"href":"https:\/\/www.moskito.cz\/de\/wp-json\/wp\/v2\/product\/198704","targetHints":{"allow":["GET"]}}],"collection":[{"href":"https:\/\/www.moskito.cz\/de\/wp-json\/wp\/v2\/product"}],"about":[{"href":"https:\/\/www.moskito.cz\/de\/wp-json\/wp\/v2\/types\/product"}],"replies":[{"embeddable":true,"href":"https:\/\/www.moskito.cz\/de\/wp-json\/wp\/v2\/comments?post=198704"}],"wp:featuredmedia":[{"embeddable":true,"href":"https:\/\/www.moskito.cz\/de\/wp-json\/wp\/v2\/media\/198706"}],"wp:attachment":[{"href":"https:\/\/www.moskito.cz\/de\/wp-json\/wp\/v2\/media?parent=198704"}],"wp:term":[{"taxonomy":"pwb-brand","embeddable":true,"href":"https:\/\/www.moskito.cz\/de\/wp-json\/wp\/v2\/pwb-brand?post=198704"},{"taxonomy":"product_brand","embeddable":true,"href":"https:\/\/www.moskito.cz\/de\/wp-json\/wp\/v2\/product_brand?post=198704"},{"taxonomy":"product_cat","embeddable":true,"href":"https:\/\/www.moskito.cz\/de\/wp-json\/wp\/v2\/product_cat?post=198704"},{"taxonomy":"product_tag","embeddable":true,"href":"https:\/\/www.moskito.cz\/de\/wp-json\/wp\/v2\/product_tag?post=198704"}],"curies":[{"name":"wp","href":"https:\/\/api.w.org\/{rel}","templated":true}]}}