{"id":198913,"date":"2021-05-20T21:05:18","date_gmt":"2021-05-20T20:05:18","guid":{"rendered":"https:\/\/www.moskito.cz\/?post_type=product&#038;p=198913"},"modified":"2025-05-07T10:34:36","modified_gmt":"2025-05-07T09:34:36","slug":"vrhaci-noze-magnum-flying-bowie","status":"publish","type":"product","link":"https:\/\/www.moskito.cz\/de\/produkt\/vrhaci-noze-magnum-flying-bowie\/","title":{"rendered":"Vrhac\u00ed No\u017ee Magnum Flying Bowie 02SC216"},"content":{"rendered":"<p>Vrhac\u00ed No\u017ee Magnum Flying Bowie 02SC216.<\/p>\n<p>Tato sada t\u0159\u00ed vrhac\u00edch no\u017e\u016f je vhodn\u00e1 jak pro zku\u0161en\u00e9ho vrha\u010de, tak i pro nov\u00e1\u010dky v tomto zaj\u00edmav\u00e9m sportu. \u010cepele z oceli 420 maj\u00ed jemn\u00fd sat\u00e9nov\u00fd povrch. V\u00fdrazn\u00fd tvar bowie je opat\u0159en jemn\u00fdm zp\u011btn\u00fdm brou\u0161en\u00edm. \u010cty\u0159i otvory v rukojeti dod\u00e1vaj\u00ed no\u017e\u016fm jejich rovnov\u00e1hu. Dod\u00e1n\u00ed prob\u00edh\u00e1 s ko\u017een\u00fdm pouzdrem se zap\u00edn\u00e1n\u00edm na patentku a poutkem na opasek.<\/p>\n<p>Celkov\u00e1 d\u00e9lka: 26,8 cm<br \/>\nD\u00e9lka \u010depele: 15,5 cm<br \/>\n\u010cepel tlou\u0161\u0165ka: 4,1 mm<br \/>\nHmotnost: 172 g<br \/>\nMateri\u00e1l \u010depele: 420<br \/>\nMateri\u00e1l rukojeti: Ocel<br \/>\nPouzdro: Ko\u017een\u00e9<\/p>\n<p>Dieses Wurfmesser Dreierset ist gleicherma\u00dfen gut f\u00fcr den ge\u00fcbten Werfer wie auch f\u00fcr den Neueinsteiger dieses interessanten Sportes geeignet. Die Klingen aus 420er-Stahl sind fein satiniert. Die ausgepr\u00e4gte Bowieform ist mit einem leichten Recurveschliff versehen. Durch die vier Bohrungen im Griff erhalten die Messer ihre Balance. Die Auslieferung erfolgt mit einer Lederscheide mit Druckknopfsicherung und G\u00fcrtelschlaufe.<\/p>\n<p>Type:<br \/>\nThrowing Knife<br \/>\nOverall Length:<br \/>\n26,80 cm<br \/>\nBlade Length:<br \/>\n15,50 cm<br \/>\nBlade Thickness:<br \/>\n4,10 mm<br \/>\nWeight:<br \/>\n172,00 g<br \/>\nBlade Material:<br \/>\n420<br \/>\nHandle Material:<br \/>\nSteel<br \/>\nMade in:<br \/>\nAsia<br \/>\nColor:<br \/>\nSilver<br \/>\nBlade Color:<br \/>\nUncoated<br \/>\nSheath Material:<br \/>\nLeather<br \/>\nItem Number:<br \/>\n02SC216<\/p>\n","protected":false},"excerpt":{"rendered":"<p>No\u017e\u00ed\u0159sk\u00e1 manufaktura\u00a0<strong>B\u00f6ker<\/strong>\u00a0se postupem \u010dasu vypracovala na glob\u00e1ln\u00edho inova\u010dn\u00edho l\u00eddra a nejv\u011bt\u0161\u00edho v\u00fdrobce sportovn\u00edch no\u017e\u016f, taktick\u00fdch no\u017e\u016f a sb\u011bratelsk\u00fdch no\u017e\u016f v Evrop\u011b.<\/p>\n","protected":false},"featured_media":198914,"comment_status":"open","ping_status":"closed","template":"","meta":[],"pwb-brand":[140],"product_brand":[],"product_cat":[17,29],"product_tag":[3667],"class_list":{"0":"post-198913","1":"product","2":"type-product","3":"status-publish","4":"has-post-thumbnail","6":"pwb-brand-boker","7":"product_cat-noze","8":"product_cat-vrhaci-noze","9":"product_tag-b2b","11":"first","12":"outofstock","13":"taxable","14":"shipping-taxable","15":"purchasable","16":"product-type-simple"},"brands":[{"id":140,"name":"Boker","slug":"boker"}],"_links":{"self":[{"href":"https:\/\/www.moskito.cz\/de\/wp-json\/wp\/v2\/product\/198913","targetHints":{"allow":["GET"]}}],"collection":[{"href":"https:\/\/www.moskito.cz\/de\/wp-json\/wp\/v2\/product"}],"about":[{"href":"https:\/\/www.moskito.cz\/de\/wp-json\/wp\/v2\/types\/product"}],"replies":[{"embeddable":true,"href":"https:\/\/www.moskito.cz\/de\/wp-json\/wp\/v2\/comments?post=198913"}],"wp:featuredmedia":[{"embeddable":true,"href":"https:\/\/www.moskito.cz\/de\/wp-json\/wp\/v2\/media\/198914"}],"wp:attachment":[{"href":"https:\/\/www.moskito.cz\/de\/wp-json\/wp\/v2\/media?parent=198913"}],"wp:term":[{"taxonomy":"pwb-brand","embeddable":true,"href":"https:\/\/www.moskito.cz\/de\/wp-json\/wp\/v2\/pwb-brand?post=198913"},{"taxonomy":"product_brand","embeddable":true,"href":"https:\/\/www.moskito.cz\/de\/wp-json\/wp\/v2\/product_brand?post=198913"},{"taxonomy":"product_cat","embeddable":true,"href":"https:\/\/www.moskito.cz\/de\/wp-json\/wp\/v2\/product_cat?post=198913"},{"taxonomy":"product_tag","embeddable":true,"href":"https:\/\/www.moskito.cz\/de\/wp-json\/wp\/v2\/product_tag?post=198913"}],"curies":[{"name":"wp","href":"https:\/\/api.w.org\/{rel}","templated":true}]}}