{"id":198969,"date":"2021-05-23T09:23:10","date_gmt":"2021-05-23T08:23:10","guid":{"rendered":"https:\/\/www.moskito.cz\/?post_type=product&#038;p=198969"},"modified":"2025-05-07T10:34:36","modified_gmt":"2025-05-07T09:34:36","slug":"vystrelovaci-nuz-boker-plus-lhotak-eagle-otf","status":"publish","type":"product","link":"https:\/\/www.moskito.cz\/de\/produkt\/vystrelovaci-nuz-boker-plus-lhotak-eagle-otf\/","title":{"rendered":"Vyst\u0159elovac\u00ed N\u016f\u017e B\u00f6ker Plus Lhot\u00e1k EAGLE OTF"},"content":{"rendered":"<p>Vyst\u0159elovac\u00ed N\u016f\u017e <strong>B\u00f6ker<\/strong> Plus Lhot\u00e1k EAGLE OTF.<\/p>\n<p>Eagle je n\u016f\u017e s automatick\u00fdm otev\u00edr\u00e1n\u00edm, kde \u010depel se vysouv\u00e1 sm\u011brem dop\u0159edu. D\u00edky tla\u010d\u00edtku a syst\u00e9mu double action se jednodu\u0161e sm\u011brem vp\u0159ed \u010depel vysune a sm\u011brem vzad se op\u011bt zasune. Ergonomick\u00e1 rukoje\u0165 je vyrobena z hlin\u00edku s klipem. \u010cepel je z nerezov\u00e9 oceli 440C a ma dvoj barevnou povrchovou \u00fapravu. Vhodn\u00fd jako sb\u011bratelsk\u00fd p\u0159edm\u011bt.<\/p>\n<p>Materi\u00e1l \u010depele:440C<br \/>\nMateri\u00e1l rukojeti:Hlin\u00edk<br \/>\nD\u00e9lka \u010depele:8.5 cm<br \/>\nCelkov\u00e1 d\u00e9lka:21 cm<br \/>\nTlou\u0161\u0165ka \u010depele:3 mm<br \/>\nHmotnost:98 g<\/p>\n<p>&nbsp;<\/p>\n","protected":false},"excerpt":{"rendered":"<p>N\u016f\u017e s automatick\u00fdm otev\u00edr\u00e1n\u00edm.<\/p>\n","protected":false},"featured_media":198970,"comment_status":"open","ping_status":"closed","template":"","meta":[],"pwb-brand":[140],"product_brand":[],"product_cat":[2019,17],"product_tag":[],"class_list":{"0":"post-198969","1":"product","2":"type-product","3":"status-publish","4":"has-post-thumbnail","6":"pwb-brand-boker","7":"product_cat-vystrelovaci-noze","8":"product_cat-noze","10":"first","11":"outofstock","12":"taxable","13":"shipping-taxable","14":"purchasable","15":"product-type-simple"},"brands":[{"id":140,"name":"Boker","slug":"boker"}],"_links":{"self":[{"href":"https:\/\/www.moskito.cz\/de\/wp-json\/wp\/v2\/product\/198969","targetHints":{"allow":["GET"]}}],"collection":[{"href":"https:\/\/www.moskito.cz\/de\/wp-json\/wp\/v2\/product"}],"about":[{"href":"https:\/\/www.moskito.cz\/de\/wp-json\/wp\/v2\/types\/product"}],"replies":[{"embeddable":true,"href":"https:\/\/www.moskito.cz\/de\/wp-json\/wp\/v2\/comments?post=198969"}],"wp:featuredmedia":[{"embeddable":true,"href":"https:\/\/www.moskito.cz\/de\/wp-json\/wp\/v2\/media\/198970"}],"wp:attachment":[{"href":"https:\/\/www.moskito.cz\/de\/wp-json\/wp\/v2\/media?parent=198969"}],"wp:term":[{"taxonomy":"pwb-brand","embeddable":true,"href":"https:\/\/www.moskito.cz\/de\/wp-json\/wp\/v2\/pwb-brand?post=198969"},{"taxonomy":"product_brand","embeddable":true,"href":"https:\/\/www.moskito.cz\/de\/wp-json\/wp\/v2\/product_brand?post=198969"},{"taxonomy":"product_cat","embeddable":true,"href":"https:\/\/www.moskito.cz\/de\/wp-json\/wp\/v2\/product_cat?post=198969"},{"taxonomy":"product_tag","embeddable":true,"href":"https:\/\/www.moskito.cz\/de\/wp-json\/wp\/v2\/product_tag?post=198969"}],"curies":[{"name":"wp","href":"https:\/\/api.w.org\/{rel}","templated":true}]}}