{"id":199046,"date":"2021-05-24T20:03:46","date_gmt":"2021-05-24T19:03:46","guid":{"rendered":"https:\/\/www.moskito.cz\/?post_type=product&#038;p=199046"},"modified":"2025-05-07T10:34:41","modified_gmt":"2025-05-07T09:34:41","slug":"zaviraci-nuz-boker-tech-tool-ebony-2","status":"publish","type":"product","link":"https:\/\/www.moskito.cz\/de\/produkt\/zaviraci-nuz-boker-tech-tool-ebony-2\/","title":{"rendered":"Zav\u00edrac\u00ed N\u016f\u017e B\u00f6ker Tech Tool Ebony 2"},"content":{"rendered":"<p>Zav\u00edrac\u00ed N\u016f\u017e <strong>B\u00f6ker<\/strong> Tech Tool Ebony 2.<\/p>\n<p>Historie no\u017e\u00ed\u0159sk\u00e9ho z\u00e1vodu B\u00f6ker za\u010dala v roce 1869 no\u017eem B\u00f6ker Sportmesser, p\u0159edkem v\u0161ech modern\u00edch multifunk\u010dn\u00edch kapesn\u00edch no\u017e\u016f. Po t\u00e9m\u011b\u0159 150 letech \u00fasp\u011b\u0161n\u00e9 historie modelu nastal \u010das p\u0159en\u00e9st tento tradi\u010dn\u00ed koncept do sou\u010dasnosti. Modernizovan\u00e1 verze je zalo\u017eena na masivn\u00edch ocelov\u00fdch desk\u00e1ch, d\u00edky \u010demu\u017e je n\u016f\u017e extr\u00e9mn\u011b odoln\u00fd. St\u0159enky z pr\u00e9miov\u00e9ho ebenov\u00e9ho d\u0159eva d\u011blaj\u00ed z pom\u011brn\u011b technick\u00e9ho n\u00e1stroje B\u00f6ker Plus Tech Tool elegantn\u00ed p\u00e1nsk\u00fd n\u016f\u017e. Tmav\u00e9 d\u0159evo zd\u016fraz\u0148uje eleganci a styl a n\u016f\u017e je proto naprosto vhodn\u00fd k no\u0161en\u00ed v kapse u saka nebo u vesty. N\u016f\u017e je vybaven velkou \u010depel\u00ed, hrotem na rozbit\u00ed skla a oto\u010dnou sponou. N\u016f\u017e je vybaven velkou \u010depel\u00ed (12C27) a n\u00e1sleduj\u00edc\u00edmi n\u00e1stroji (4Cr13): hrotem na rozbit\u00ed skla, velk\u00fdm \u0161roubov\u00e1kem s otv\u00edr\u00e1kem na lahve a oh\u00fdba\u010dem\/ odizolova\u010dem vodi\u010d\u016f, malou zoubkovanou \u010depel\u00ed s koncovkou ve tvaru \u0161roubov\u00e1ku, vykl\u00e1p\u011bc\u00edm okem pro \u0161\u0148\u016frku na no\u0161en\u00ed, v\u00fdvrtkou, sponou.<br \/>\nCelkov\u00e1 d\u00e9lka: 16.7 cm<br \/>\nD\u00e9lka \u010depele: 7.1 cm<br \/>\nTlou\u0161\u0165ka \u010depele: 2.3 mm<br \/>\nHmotnost:: 75 g<br \/>\nMateri\u00e1l \u010depele: 12C27<br \/>\nMateri\u00e1l rukojeti: Ebenholz<\/p>\n","protected":false},"excerpt":{"rendered":"<p>Multifunk\u010dn\u00ed kapesn\u00ed n\u016f\u017e.<\/p>\n","protected":false},"featured_media":199047,"comment_status":"open","ping_status":"closed","template":"","meta":[],"pwb-brand":[140],"product_brand":[],"product_cat":[22,17],"product_tag":[3667],"class_list":{"0":"post-199046","1":"product","2":"type-product","3":"status-publish","4":"has-post-thumbnail","6":"pwb-brand-boker","7":"product_cat-zaviraci-noze","8":"product_cat-noze","9":"product_tag-b2b","11":"first","12":"instock","13":"taxable","14":"shipping-taxable","15":"purchasable","16":"product-type-simple"},"brands":[{"id":140,"name":"Boker","slug":"boker"}],"_links":{"self":[{"href":"https:\/\/www.moskito.cz\/de\/wp-json\/wp\/v2\/product\/199046","targetHints":{"allow":["GET"]}}],"collection":[{"href":"https:\/\/www.moskito.cz\/de\/wp-json\/wp\/v2\/product"}],"about":[{"href":"https:\/\/www.moskito.cz\/de\/wp-json\/wp\/v2\/types\/product"}],"replies":[{"embeddable":true,"href":"https:\/\/www.moskito.cz\/de\/wp-json\/wp\/v2\/comments?post=199046"}],"wp:featuredmedia":[{"embeddable":true,"href":"https:\/\/www.moskito.cz\/de\/wp-json\/wp\/v2\/media\/199047"}],"wp:attachment":[{"href":"https:\/\/www.moskito.cz\/de\/wp-json\/wp\/v2\/media?parent=199046"}],"wp:term":[{"taxonomy":"pwb-brand","embeddable":true,"href":"https:\/\/www.moskito.cz\/de\/wp-json\/wp\/v2\/pwb-brand?post=199046"},{"taxonomy":"product_brand","embeddable":true,"href":"https:\/\/www.moskito.cz\/de\/wp-json\/wp\/v2\/product_brand?post=199046"},{"taxonomy":"product_cat","embeddable":true,"href":"https:\/\/www.moskito.cz\/de\/wp-json\/wp\/v2\/product_cat?post=199046"},{"taxonomy":"product_tag","embeddable":true,"href":"https:\/\/www.moskito.cz\/de\/wp-json\/wp\/v2\/product_tag?post=199046"}],"curies":[{"name":"wp","href":"https:\/\/api.w.org\/{rel}","templated":true}]}}