{"id":199409,"date":"2021-05-31T18:37:03","date_gmt":"2021-05-31T17:37:03","guid":{"rendered":"https:\/\/www.moskito.cz\/?post_type=product&#038;p=199409"},"modified":"2025-05-07T10:34:47","modified_gmt":"2025-05-07T09:34:47","slug":"zaviraci-nuz-boker-plus-fragment-g10","status":"publish","type":"product","link":"https:\/\/www.moskito.cz\/de\/produkt\/zaviraci-nuz-boker-plus-fragment-g10\/","title":{"rendered":"Zav\u00edrac\u00ed N\u016f\u017e B\u00f6ker Plus Fragment G10"},"content":{"rendered":"<p>Zav\u00edrac\u00ed N\u016f\u017e <strong>B\u00f6ker<\/strong> Plus Fragment G10.<\/p>\n<p>Mimo\u0159\u00e1dn\u00fd fragment B\u00f6ker Plus zaujme jako lehk\u00fd EDC nebo z\u00e1lo\u017en\u00ed n\u016f\u017e s extr\u00e9mn\u011b sn\u00ed\u017eenou konstrukc\u00ed. Praktick\u00fd kapesn\u00ed n\u016f\u017e zcela upust\u00ed od p\u0159edn\u00ed rukojeti a m\u00edsto toho se spol\u00e9h\u00e1 na minimalistickou li\u0161tu z \u010derven\u00e9ho G10, kter\u00e1 nab\u00edz\u00ed barevn\u00fd akcent a spojuje \u0161roub osy \u010depele se zadn\u00ed sko\u0159epinou. Dut\u00e1 brou\u0161en\u00e1 \u010depel z ov\u010d\u00ed k\u016f\u017ee je vyrobena z kobaltov\u00e9 slitiny 9Cr13CoMoV a stejn\u011b jako cel\u00e1 ocelov\u00e1 konstrukce m\u00e1 povrchovou \u00fapravu tmav\u00fdm kamenem. Provozn\u00ed bezpe\u010dnost modern\u00edho kapesn\u00edho no\u017ee se zv\u00fd\u0161enou aretac\u00ed o 90 stup\u0148\u016f p\u0159i otev\u00edr\u00e1n\u00ed a zav\u00edr\u00e1n\u00ed \u010depele a ochranou prst\u016f. S otvorem na krk a praktickou sponou pro hlubok\u00e9 p\u0159en\u00e1\u0161en\u00ed (sklopen\u00ed \/ r).<\/p>\n<p>Dod\u00e1n\u00ed v rozporu s katalogov\u00fdm popisem ve vysoce kvalitn\u00edm d\u00e1rkov\u00e9m balen\u00ed a s \u010depel\u00ed z 9Cr13CoMoV.<\/p>\n<p>Celkov\u00e1 d\u00e9lka: 13,00 cm<br \/>\nD\u00e9lka \u010depele: 5,00 cm<br \/>\nTlou\u0161\u0165ka \u010depele: 2,50 mm<br \/>\nHmotnost: 31,00 g<br \/>\nMateri\u00e1l \u010depele: 9Cr13MoV<br \/>\nMateri\u00e1l rukojeti: G10<br \/>\nOtev\u00edrac\u00ed: Ru\u010dn\u011b<br \/>\nUzav\u0159en\u00ed: Slipjoint<br \/>\nBarva: \u010cerven\u00e1<br \/>\nBarva \u010depele: Bez povrchov\u00e9 \u00fapravy<\/p>\n","protected":false},"excerpt":{"rendered":"<p><strong>Zav\u00edrac\u00ed n\u016f\u017e s pojistkou a klipem.<\/strong><\/p>\n","protected":false},"featured_media":199410,"comment_status":"open","ping_status":"closed","template":"","meta":[],"pwb-brand":[140],"product_brand":[],"product_cat":[22,17],"product_tag":[],"class_list":{"0":"post-199409","1":"product","2":"type-product","3":"status-publish","4":"has-post-thumbnail","6":"pwb-brand-boker","7":"product_cat-zaviraci-noze","8":"product_cat-noze","10":"first","11":"instock","12":"taxable","13":"shipping-taxable","14":"purchasable","15":"product-type-simple"},"brands":[{"id":140,"name":"Boker","slug":"boker"}],"_links":{"self":[{"href":"https:\/\/www.moskito.cz\/de\/wp-json\/wp\/v2\/product\/199409","targetHints":{"allow":["GET"]}}],"collection":[{"href":"https:\/\/www.moskito.cz\/de\/wp-json\/wp\/v2\/product"}],"about":[{"href":"https:\/\/www.moskito.cz\/de\/wp-json\/wp\/v2\/types\/product"}],"replies":[{"embeddable":true,"href":"https:\/\/www.moskito.cz\/de\/wp-json\/wp\/v2\/comments?post=199409"}],"wp:featuredmedia":[{"embeddable":true,"href":"https:\/\/www.moskito.cz\/de\/wp-json\/wp\/v2\/media\/199410"}],"wp:attachment":[{"href":"https:\/\/www.moskito.cz\/de\/wp-json\/wp\/v2\/media?parent=199409"}],"wp:term":[{"taxonomy":"pwb-brand","embeddable":true,"href":"https:\/\/www.moskito.cz\/de\/wp-json\/wp\/v2\/pwb-brand?post=199409"},{"taxonomy":"product_brand","embeddable":true,"href":"https:\/\/www.moskito.cz\/de\/wp-json\/wp\/v2\/product_brand?post=199409"},{"taxonomy":"product_cat","embeddable":true,"href":"https:\/\/www.moskito.cz\/de\/wp-json\/wp\/v2\/product_cat?post=199409"},{"taxonomy":"product_tag","embeddable":true,"href":"https:\/\/www.moskito.cz\/de\/wp-json\/wp\/v2\/product_tag?post=199409"}],"curies":[{"name":"wp","href":"https:\/\/api.w.org\/{rel}","templated":true}]}}