{"id":199907,"date":"2021-06-14T21:42:06","date_gmt":"2021-06-14T20:42:06","guid":{"rendered":"https:\/\/www.moskito.cz\/?post_type=product&#038;p=199907"},"modified":"2025-05-07T10:34:50","modified_gmt":"2025-05-07T09:34:50","slug":"zaviraci-nuz-microtech-socom-elite-161-2-t","status":"publish","type":"product","link":"https:\/\/www.moskito.cz\/de\/produkt\/zaviraci-nuz-microtech-socom-elite-161-2-t\/","title":{"rendered":"Zav\u00edrac\u00ed N\u016f\u017e Microtech Socom Elite 161-2 T"},"content":{"rendered":"<p>Zav\u00edrac\u00ed N\u016f\u017e <strong>Microtech<\/strong> Socom Elite 161-2 T.<\/p>\n<p>V pr\u016fb\u011bhu let <strong>Microtech\u00ae<\/strong> Knives naplnil v\u00e1\u0161n\u00ed a dovednost\u00ed v\u00fdrobu no\u017e\u016f, a\u017e z nich vytvo\u0159il t\u00e9m\u011b\u0159 um\u011bleck\u00e1 d\u00edla,kter\u00e9 jsou vrcholem funk\u010dnosti. I nad\u00e1le posouv\u00e1 hranice a zlep\u0161uje to, co ji\u017e v\u00ed, \u017ee funguje. V roce 2020 se Microtech\u00ae Knives rozrostl na p\u0159edn\u00ed no\u017e\u00ed\u0159skou zna\u010dku, kter\u00e1 se neust\u00e1le vyv\u00edj\u00ed a pohybuje vp\u0159ed pomoc\u00ed nejnov\u011bj\u0161\u00edch technologi\u00ed,<br \/>\nstarod\u00e1vn\u00fdch z\u00e1sad p\u0159i v\u00fdrob\u011b \u010depel\u00ed a maxim\u00e1ln\u00edho testov\u00e1n\u00ed v ter\u00e9nu, tak aby nekompromitovali kvalitu.<\/p>\n<p>Od zalo\u017een\u00ed origin\u00e1lu Microtech\u00ae Socom nastavuje standard pro taktick\u00e9 no\u017ee. Sokom Elite stav\u00ed na tomto designu, aby se p\u0159izp\u016fsobil r\u016fzn\u00fdm prost\u0159ed\u00edm. Jeho rukoje\u0165 m\u00e1 sportovn\u00ed grip a jedine\u010dn\u00fd tvar, pro pohodln\u00e9 a bezpe\u010dn\u00e9 uchopen\u00ed po celou dobu.<\/p>\n<p>Celkov\u00e1 d\u00e9lka: 22.5 cm<br \/>\nD\u00e9lka \u010depele: 10 cm<br \/>\n\u0158ezn\u00e1 hrana: 9.37 cm<br \/>\n\u0160\u00ed\u0159ka \u010depele: 2.8 cm<br \/>\nTlou\u0161\u0165ka \u010depele: 0,47 cm<br \/>\nMateri\u00e1l \u010depele: Bohler M390<br \/>\nB\u0159itov\u00e9 desti\u010dky: Ploch\u00e9<br \/>\nD\u00e9lka rukojeti: 12.5 cm<br \/>\n\u0160\u00ed\u0159ka rukojeti: 3.42<br \/>\nTlou\u0161\u0165ka rukojeti: 1.37<br \/>\nMateri\u00e1l rukojeti: hlin\u00edk<br \/>\nHmotnost: 4,58 oz.<br \/>\nU\u017eivatel: Prav\u00e1 ruka<br \/>\nPocket Clip: Tip-Down<br \/>\nTyp no\u017ee: Manu\u00e1l<br \/>\nZna\u010dka: Microtech<br \/>\nModel: Socom Elite<br \/>\nZem\u011b p\u016fvodu: USA<br \/>\nNejlep\u0161\u00ed vyu\u017eit\u00ed: Taktick\u00e9<\/p>\n","protected":false},"excerpt":{"rendered":"<p><strong>V pr\u016fb\u011bhu let Microtech\u00ae Knives naplnil v\u00e1\u0161n\u00ed a dovednost\u00ed v\u00fdrobu no\u017e\u016f, a\u017e z nich vytvo\u0159il t\u00e9m\u011b\u0159 um\u011bleck\u00e1 d\u00edla,kter\u00e9 jsou vrcholem funk\u010dnosti. V\u0161echny d\u00edly jsou vyrobeny v USA.<\/strong><br \/>\n<strong>Na v\u0161echny no\u017ee Microtech je do\u017eivotn\u00ed z\u00e1ruka.<\/strong><\/p>\n<p><strong>Doprava zdarma.<\/strong><\/p>\n","protected":false},"featured_media":199908,"comment_status":"open","ping_status":"closed","template":"","meta":[],"pwb-brand":[431],"product_brand":[],"product_cat":[2019,17],"product_tag":[3667],"class_list":{"0":"post-199907","1":"product","2":"type-product","3":"status-publish","4":"has-post-thumbnail","6":"pwb-brand-microtech","7":"product_cat-vystrelovaci-noze","8":"product_cat-noze","9":"product_tag-b2b","11":"first","12":"outofstock","13":"taxable","14":"shipping-taxable","15":"purchasable","16":"product-type-simple"},"brands":[{"id":431,"name":"Microtech","slug":"microtech"}],"_links":{"self":[{"href":"https:\/\/www.moskito.cz\/de\/wp-json\/wp\/v2\/product\/199907","targetHints":{"allow":["GET"]}}],"collection":[{"href":"https:\/\/www.moskito.cz\/de\/wp-json\/wp\/v2\/product"}],"about":[{"href":"https:\/\/www.moskito.cz\/de\/wp-json\/wp\/v2\/types\/product"}],"replies":[{"embeddable":true,"href":"https:\/\/www.moskito.cz\/de\/wp-json\/wp\/v2\/comments?post=199907"}],"wp:featuredmedia":[{"embeddable":true,"href":"https:\/\/www.moskito.cz\/de\/wp-json\/wp\/v2\/media\/199908"}],"wp:attachment":[{"href":"https:\/\/www.moskito.cz\/de\/wp-json\/wp\/v2\/media?parent=199907"}],"wp:term":[{"taxonomy":"pwb-brand","embeddable":true,"href":"https:\/\/www.moskito.cz\/de\/wp-json\/wp\/v2\/pwb-brand?post=199907"},{"taxonomy":"product_brand","embeddable":true,"href":"https:\/\/www.moskito.cz\/de\/wp-json\/wp\/v2\/product_brand?post=199907"},{"taxonomy":"product_cat","embeddable":true,"href":"https:\/\/www.moskito.cz\/de\/wp-json\/wp\/v2\/product_cat?post=199907"},{"taxonomy":"product_tag","embeddable":true,"href":"https:\/\/www.moskito.cz\/de\/wp-json\/wp\/v2\/product_tag?post=199907"}],"curies":[{"name":"wp","href":"https:\/\/api.w.org\/{rel}","templated":true}]}}