{"id":200700,"date":"2021-07-15T12:56:49","date_gmt":"2021-07-15T11:56:49","guid":{"rendered":"https:\/\/www.moskito.cz\/?post_type=product&#038;p=200700"},"modified":"2025-06-18T13:12:41","modified_gmt":"2025-06-18T12:12:41","slug":"pevny-nuz-extrema-ratio-suppressor-ordinanza-gis","status":"publish","type":"product","link":"https:\/\/www.moskito.cz\/de\/produkt\/pevny-nuz-extrema-ratio-suppressor-ordinanza-gis\/","title":{"rendered":"Pevn\u00fd N\u016f\u017e Extrema Ratio SUPPRESSOR ORDINANZA GIS"},"content":{"rendered":"<p>Pevn\u00fd N\u016f\u017e <strong>Extrema Ratio<\/strong> SUPPRESSOR ORDINANZA GIS.<\/p>\n<p>Extrema Ratio se c\u00edt\u00ed poct\u011bn a hluboce vd\u011b\u010dn\u00fd v\u016f\u010di G.I.S., proslul\u00e9 protiteroristick\u00e9 jednotce Carabinieri (italsk\u00e1 vojensk\u00e1 policie), za to, \u017ee od n\u00e1s po\u017eaduje tuto pam\u011btn\u00ed d\u00fdku, kter\u00e1 byla vyd\u00e1na u p\u0159\u00edle\u017eitosti t\u0159ic\u00e1t\u00e9ho v\u00fdro\u010d\u00ed jednotky. SUPPRESSOR ORDINANZA GIS je pota\u017een \u010dern\u00fdm oxidem G.I.S. logo, p\u0159esn\u011b tak, jak bylo vyd\u00e1no pracovn\u00edk\u016fm GIS.<br \/>\nTECHNICK\u00dd LIST<br \/>\nHmotnost g .: 302<br \/>\nD\u00e9lka \u010depele (mm): 176<br \/>\nD\u00e9lka \u010depele (palce): 6,9<br \/>\nCelkov\u00e1 d\u00e9lka (mm): 327<\/p>\n<p>Tlou\u0161\u0165ka \u010depele (mm): 6,3<br \/>\nMateri\u00e1l \u010depele:B\u00f6HLER N690 STEEL (58HRC)<br \/>\nDokon\u010den\u00ed \u010depele: MIL-C-13924<br \/>\nMateri\u00e1l rukojeti: NYLON<\/p>\n","protected":false},"excerpt":{"rendered":"<p>Spole\u010dnost\u00a0<strong>Extrema Ratio<\/strong>\u00a0se s\u00eddlem v italsk\u00e9m Pratu navrhuje a vyr\u00e1b\u00ed vysoce v\u00fdkonn\u00e9 bojov\u00e9, vojensk\u00e9, kuchy\u0148sk\u00e9, loveck\u00e9 a taktick\u00e9 no\u017ee od roku 1997 a m\u00e1 pov\u011bst vynikaj\u00edc\u00ed kvality, kter\u00e1 je v oboru vojensk\u00fdch a taktick\u00fdch no\u017e\u016f nep\u0159ekonateln\u00e1.\u00a0<strong>Doprava zdarma.<\/strong><\/p>\n","protected":false},"featured_media":200701,"comment_status":"open","ping_status":"closed","template":"","meta":[],"pwb-brand":[267],"product_brand":[],"product_cat":[23,17],"product_tag":[3667],"class_list":{"0":"post-200700","1":"product","2":"type-product","3":"status-publish","4":"has-post-thumbnail","6":"pwb-brand-extrema-ratio","7":"product_cat-pevne-noze","8":"product_cat-noze","9":"product_tag-b2b","11":"first","12":"instock","13":"taxable","14":"shipping-taxable","15":"purchasable","16":"product-type-simple"},"brands":[{"id":267,"name":"Extrema Ratio","slug":"extrema-ratio"}],"_links":{"self":[{"href":"https:\/\/www.moskito.cz\/de\/wp-json\/wp\/v2\/product\/200700","targetHints":{"allow":["GET"]}}],"collection":[{"href":"https:\/\/www.moskito.cz\/de\/wp-json\/wp\/v2\/product"}],"about":[{"href":"https:\/\/www.moskito.cz\/de\/wp-json\/wp\/v2\/types\/product"}],"replies":[{"embeddable":true,"href":"https:\/\/www.moskito.cz\/de\/wp-json\/wp\/v2\/comments?post=200700"}],"wp:featuredmedia":[{"embeddable":true,"href":"https:\/\/www.moskito.cz\/de\/wp-json\/wp\/v2\/media\/200701"}],"wp:attachment":[{"href":"https:\/\/www.moskito.cz\/de\/wp-json\/wp\/v2\/media?parent=200700"}],"wp:term":[{"taxonomy":"pwb-brand","embeddable":true,"href":"https:\/\/www.moskito.cz\/de\/wp-json\/wp\/v2\/pwb-brand?post=200700"},{"taxonomy":"product_brand","embeddable":true,"href":"https:\/\/www.moskito.cz\/de\/wp-json\/wp\/v2\/product_brand?post=200700"},{"taxonomy":"product_cat","embeddable":true,"href":"https:\/\/www.moskito.cz\/de\/wp-json\/wp\/v2\/product_cat?post=200700"},{"taxonomy":"product_tag","embeddable":true,"href":"https:\/\/www.moskito.cz\/de\/wp-json\/wp\/v2\/product_tag?post=200700"}],"curies":[{"name":"wp","href":"https:\/\/api.w.org\/{rel}","templated":true}]}}