{"id":200755,"date":"2021-07-16T12:40:51","date_gmt":"2021-07-16T11:40:51","guid":{"rendered":"https:\/\/www.moskito.cz\/?post_type=product&#038;p=200755"},"modified":"2025-05-07T10:34:55","modified_gmt":"2025-05-07T09:34:55","slug":"pevny-nuz-extrema-ratio-suppressor-trentennale-gis","status":"publish","type":"product","link":"https:\/\/www.moskito.cz\/de\/produkt\/pevny-nuz-extrema-ratio-suppressor-trentennale-gis\/","title":{"rendered":"Pevn\u00fd N\u016f\u017e Extrema Ratio SUPPRESSOR TRENTENNALE GIS"},"content":{"rendered":"<p>Pevn\u00fd N\u016f\u017e<strong> Extrema Ratio<\/strong> SUPPRESSOR TRENTENNALE GIS.<\/p>\n<p><strong>Extrema Ratio<\/strong> se c\u00edt\u00ed poct\u011bn a hluboce vd\u011b\u010dn\u00fd v\u016f\u010di G.I.S., proslul\u00e9 protiteroristick\u00e9 jednotce Carabinieri (italsk\u00e1 vojensk\u00e1 policie), za to, \u017ee od n\u00e1s po\u017eaduje tuto pam\u011btn\u00ed d\u00fdku, kter\u00e1 byla vyd\u00e1na u p\u0159\u00edle\u017eitosti t\u0159ic\u00e1t\u00e9ho v\u00fdro\u010d\u00ed jednotky. SUPPRESSOR TRENTENNALE GIS je pam\u011btn\u00ed omezen\u00e1 a o\u010d\u00edslovan\u00e1 s\u00e9rie 1 000 d\u00fdk s historick\u00fdmi i sou\u010dasn\u00fdmi logy jednotek. Dod\u00e1v\u00e1 se v ru\u010dn\u011b le\u0161t\u011bn\u00e9, \u010dir\u00e9 vitr\u00edn\u011b z plexiskla.<br \/>\nTECHNICK\u00dd LIST<br \/>\nHmotnost g.: 302<br \/>\nD\u00e9lka \u010depele (mm): 176<\/p>\n<p>Celkov\u00e1 d\u00e9lka (mm): 327<br \/>\nCelkov\u00e1 d\u00e9lka (v): 12.9<br \/>\nTlou\u0161\u0165ka \u010depele (mm): 12.9<br \/>\nMateri\u00e1l \u010depele: B\u00f6HLER N690 STEEL (58HRC)<br \/>\nDokon\u010den\u00ed \u010depele: MIL-C-13924<br \/>\nMateri\u00e1l rukojeti: NYLON<\/p>\n","protected":false},"excerpt":{"rendered":"<p>Spole\u010dnost\u00a0<strong>Extrema Ratio<\/strong>\u00a0se s\u00eddlem v italsk\u00e9m Pratu navrhuje a vyr\u00e1b\u00ed vysoce v\u00fdkonn\u00e9 bojov\u00e9, vojensk\u00e9, kuchy\u0148sk\u00e9, loveck\u00e9 a taktick\u00e9 no\u017ee od roku 1997 a m\u00e1 pov\u011bst vynikaj\u00edc\u00ed kvality, kter\u00e1 je v oboru vojensk\u00fdch a taktick\u00fdch no\u017e\u016f nep\u0159ekonateln\u00e1.\u00a0<strong>Doprava zdarma.<\/strong><\/p>\n","protected":false},"featured_media":200756,"comment_status":"open","ping_status":"closed","template":"","meta":[],"pwb-brand":[267],"product_brand":[],"product_cat":[23,17],"product_tag":[3667],"class_list":{"0":"post-200755","1":"product","2":"type-product","3":"status-publish","4":"has-post-thumbnail","6":"pwb-brand-extrema-ratio","7":"product_cat-pevne-noze","8":"product_cat-noze","9":"product_tag-b2b","11":"first","12":"instock","13":"taxable","14":"shipping-taxable","15":"purchasable","16":"product-type-simple"},"brands":[{"id":267,"name":"Extrema Ratio","slug":"extrema-ratio"}],"_links":{"self":[{"href":"https:\/\/www.moskito.cz\/de\/wp-json\/wp\/v2\/product\/200755","targetHints":{"allow":["GET"]}}],"collection":[{"href":"https:\/\/www.moskito.cz\/de\/wp-json\/wp\/v2\/product"}],"about":[{"href":"https:\/\/www.moskito.cz\/de\/wp-json\/wp\/v2\/types\/product"}],"replies":[{"embeddable":true,"href":"https:\/\/www.moskito.cz\/de\/wp-json\/wp\/v2\/comments?post=200755"}],"wp:featuredmedia":[{"embeddable":true,"href":"https:\/\/www.moskito.cz\/de\/wp-json\/wp\/v2\/media\/200756"}],"wp:attachment":[{"href":"https:\/\/www.moskito.cz\/de\/wp-json\/wp\/v2\/media?parent=200755"}],"wp:term":[{"taxonomy":"pwb-brand","embeddable":true,"href":"https:\/\/www.moskito.cz\/de\/wp-json\/wp\/v2\/pwb-brand?post=200755"},{"taxonomy":"product_brand","embeddable":true,"href":"https:\/\/www.moskito.cz\/de\/wp-json\/wp\/v2\/product_brand?post=200755"},{"taxonomy":"product_cat","embeddable":true,"href":"https:\/\/www.moskito.cz\/de\/wp-json\/wp\/v2\/product_cat?post=200755"},{"taxonomy":"product_tag","embeddable":true,"href":"https:\/\/www.moskito.cz\/de\/wp-json\/wp\/v2\/product_tag?post=200755"}],"curies":[{"name":"wp","href":"https:\/\/api.w.org\/{rel}","templated":true}]}}