{"id":201084,"date":"2021-07-23T11:24:46","date_gmt":"2021-07-23T10:24:46","guid":{"rendered":"https:\/\/www.moskito.cz\/?post_type=product&#038;p=201084"},"modified":"2025-05-07T10:35:03","modified_gmt":"2025-05-07T09:35:03","slug":"zaviraci-nuz-cold-steel-air-lite-tanto","status":"publish","type":"product","link":"https:\/\/www.moskito.cz\/de\/produkt\/zaviraci-nuz-cold-steel-air-lite-tanto\/","title":{"rendered":"Zav\u00edrac\u00ed N\u016f\u017e Cold Steel AIR LITE TANTO"},"content":{"rendered":"<p>Zav\u00edrac\u00ed N\u016f\u017e <strong>Cold Steel<\/strong> AIR LITE TANTO.<\/p>\n<p>V\u00edme, \u017ee mnoho na\u0161ich z\u00e1kazn\u00edk\u016f se st\u00e1le v\u00edce zaj\u00edm\u00e1 o hmotnost a objem sv\u00e9ho no\u017ee EDC (ka\u017ed\u00fd den), proto\u017ee v jejich kaps\u00e1ch je velk\u00e1 konkurence. Proto jsme se zam\u011b\u0159ili na v\u00fdrobu ultra tenk\u00e9ho no\u017ee o tlou\u0161\u0165ce 8,8 mm, kter\u00fd lze p\u0159en\u00e1\u0161et a p\u0159itom ponech\u00e1vat m\u00edsto v kapse na dal\u0161\u00ed z\u00e1kladn\u00ed vybaven\u00ed. Ale to, co jsme neud\u011blali v na\u0161\u00ed snaze vyrobit super EDC n\u016f\u017e, bylo \u0161et\u0159it na zpracov\u00e1n\u00ed a materi\u00e1lech. Proto ka\u017ed\u00e1 \u010depel Tanto a Drop point v na\u0161\u00ed \u0159ad\u011b Air Lite vykazuje bezchybn\u00e9 \u0159emesln\u00e9 zpracov\u00e1n\u00ed a prvot\u0159\u00eddn\u00ed materi\u00e1ly. \u010cepele jsou vyrobeny z n\u00e1kladn\u00e9 japonsk\u00e9 nerezov\u00e9 oceli 10A, kter\u00e1 je zn\u00e1m\u00e1 svou schopnost\u00ed dr\u017eet ost\u0159\u00ed, pevnost\u00ed a hou\u017eevnatost\u00ed a rukojeti jsou \u0159ez\u00e1ny laserem ze skute\u010dn\u00e9 G-10. Dokonce i blokovac\u00ed mechanismus nelze p\u0159ekonat, proto\u017ee pokud jde o ochranu va\u0161ich prst\u016f, nen\u00ed nic lep\u0161\u00edho ne\u017e n\u00e1\u0161 slavn\u00fd Tri-Ad Lock. Cenov\u011b p\u0159\u00edzniv\u00e9 ceny, \u00fa\u017easn\u00e1 ostrost a nesm\u00edrn\u011b pohodln\u00e9 a pou\u017eiteln\u00e9, Air Lites je t\u011b\u017ek\u00e9 porazit p\u0159i ka\u017edodenn\u00edm no\u0161en\u00ed!<\/p>\n<p>Celkov\u00e1 velikost: 208 mm<br \/>\nD\u00e9lka \u010depele: 88 mm<br \/>\nocel: Japanese AUS 10A Stainless<br \/>\nMateri\u00e1l rukojeti: Long G-10<br \/>\nTlou\u0161\u0165ka \u010depele: 3 mm<br \/>\nHmotnost: 90 g<br \/>\nD\u00e9lka rukojeti: 120 mm<br \/>\nOcelov\u00fd kapesn\u00ed klip<\/p>\n<p><strong>Cold Steel<\/strong> je spole\u010dnost zab\u00fdvaj\u00edc\u00ed se v\u00fdrobou nejsiln\u011bj\u0161\u00edch a nejost\u0159ej\u0161\u00edch no\u017e\u016f na sv\u011bt\u011b. Za posledn\u00ed t\u0159i desetilet\u00ed byla spole\u010dnost Cold Steel v \u010dele mnoha inovac\u00ed, kter\u00e9 pomohly definovat no\u017e\u00ed\u0159sk\u00fd pr\u016fmysl. Postupn\u00e9 \u00fasp\u011bchy, v\u010detn\u011b zaveden\u00ed zkontrolovan\u00fdch rukojet\u00ed Kraton\u00ae, a styly \u010depel\u00ed tanto point, se od zv\u011bdav\u011b zaj\u00edmav\u00fdch funkc\u00ed dostaly k pr\u016fmyslov\u00fdm znak\u016fm kvality a propracovanosti. Nov\u00fd sm\u011br byl tak\u00e9 zlomen zaveden\u00edm jedine\u010dn\u00fdch nov\u00fdch ocelov\u00fdch \u010depel\u00ed, jako je San Mai III\u00ae a Tri-Ad \u2122 Lock &amp; zaji\u0161\u0165ovac\u00ed mechanismus pro skl\u00e1dac\u00ed no\u017ee. Nap\u0159\u00edklad Tri-Ad \u2122 Lock se nikdy nevyrovnal \u017e\u00e1dn\u00e9mu z konkurent\u016f Cold Steel a nebylo prok\u00e1z\u00e1no, \u017ee by nic z toho, co dosud vyrobili, p\u0159ekonalo. Cold Steel se samoz\u0159ejm\u011b v\u017edy bude d\u00edvat do budoucnosti a bude se neust\u00e1le sna\u017eit vyr\u00e1b\u011bt nejsiln\u011bj\u0161\u00ed a nejost\u0159ej\u0161\u00ed no\u017ee na sv\u011bt\u011b. Tento c\u00edl, stejn\u011b nepolapiteln\u00fd a obt\u00ed\u017en\u011b dosa\u017eiteln\u00fd, je za posledn\u00edch \u010dty\u0159icet let stejn\u00fd. Cold Steel Inc. je spole\u010dnost zam\u011b\u0159en\u00e1 na v\u00fdrobu nejsiln\u011bj\u0161\u00edch a nejost\u0159ej\u0161\u00edch no\u017e\u016f, me\u010d\u016f, tomahawk\u016f, ma\u010det, p\u0159\u00edbor\u016f a n\u00e1stroj\u016f pro ka\u017edodenn\u00ed no\u0161en\u00ed: EDC. Spole\u010dnost Cold Steel, kter\u00e1 byla rychle p\u0159ijata voj\u00e1ky, speci\u00e1ln\u00edmi jednotkami pro vym\u00e1h\u00e1n\u00ed pr\u00e1va, pracovn\u00edky pohotovostn\u00edch slu\u017eeb, odborn\u00edky na sebeobranu i \u010dleny komunity bojov\u00fdch um\u011bn\u00ed, se rychle proslavila kvalitou, silou, spolehlivost\u00ed a spolehlivost\u00ed p\u0159i ka\u017edodenn\u00edm no\u0161en\u00ed (EDC). Na\u0161e r\u016fznorod\u00e1 a rozmanit\u00e1 sestava se rychle rozrostla a zahrnovala nejen masivn\u00ed v\u00fdb\u011br skl\u00e1dac\u00edch no\u017e\u016f (od men\u0161\u00edch \u010depel\u00ed \u201eEDC\u201c a\u017e po na\u0161e ikonick\u00e9 ob\u0159\u00ed \u201emega-slo\u017eky\u201c), ale i pevn\u00e9 \u010depele, me\u010de, \u0161avle, h\u016flky a halapartny , stejn\u011b jako loveck\u00e9 pot\u0159eby, kop\u00ed, pu\u0161ky, sekery, ma\u010dety, tomahawky a n\u00e1stroje! V pr\u016fb\u011bhu desetilet\u00ed spole\u010dnost Cold Steel p\u0159edstavila pr\u016fkopnick\u00e9 nov\u00e9 materi\u00e1ly a designy, kter\u00e9 pomohly utv\u00e1\u0159et sv\u011bt modern\u00edch no\u017e\u016f, ostr\u00fdch zbran\u00ed a n\u00e1stroj\u016f. Od zaveden\u00ed kostkovan\u00fdch rukojet\u00ed Kraton\u00ae a \u201eamerikanizovan\u00e9\u201c \u010depele Tanto a\u017e po za\u0159azen\u00ed nov\u00fdch inovativn\u00edch ocel\u00ed \u010depele jako San Mai III\u00ae a uzamykac\u00edch mechanism\u016f m\u011bn\u00edc\u00edch hru (jako je n\u00e1\u0161 Tri-Ad \u2122 Lock). Kdy\u017e se d\u00edv\u00e1me do budoucnosti, spole\u010dnost Cold Steel nad\u00e1le p\u0159in\u00e1\u0161\u00ed na trh nov\u00e9 \u00farovn\u011b s\u00edly, bezpe\u010dnosti a v\u00fdkonu a poskytuje osv\u011bd\u010den\u00e9 produkty, na kter\u00e9 se m\u016f\u017eete spolehnout \u2013 kdykoli a kdekoli!<\/p>\n<p>We know many of our customers are more and more concerned about the weight and bulk of their EDC (every day carry) knife as there is a lot of competition for the limited space in their pockets. Thats why we focused on making a feather light (3.2 oz) ultra slim (8.8 mm thick) folder that can be carried 24\/7 while still leaving room in the pocket for other essential gear. But what we didnt do in our quest to make a super EDC knife was skimp on workmanship and materials. Thats why every Tanto and Drop point blade in our Air Lite series exhibits flawless craftmanship and premium materials. The blades are made from costly Japanese 10A stainless steel famed for its edge holding ability, strength and toughness and the handles are laser cut from real G-10. Even the locking mechanism cant be beat as there is nothing better than our celebrated Tri-Ad Lock when it comes to protecting your fingers. Budget friendly pricing, amazing sharpness, and enormously comfortable and useable, the Air Lites are hard to beat for every day carry!<\/p>\n<p>Weight: 3.2oz Blade Thickness: 3mm Blade Length: 3-1\/2in Blade Steel: AUS10A Handle Length\/Material: 4-1\/2in G-10 Overall Length: 8in Additional Features: Ambidextrous Pocket \/ Belt Clip Knife Type: Folder Blade Length Range: 3-5 in Steel Family: AUS Blade Shape: Tanto Locking Mechanism: Tri-Ad Lock<\/p>\n","protected":false},"excerpt":{"rendered":"<p>Air lite je extr\u00e9mn\u011b lehk\u00fd n\u016f\u017e pro ka\u017edodenn\u00ed pou\u017e\u00edv\u00e1n\u00ed. P\u0159i jeho v\u00fdvoji jsme kladli d\u016fraz na funk\u010dnost a v\u00e1hu no\u017ee, aby zbyte\u010dn\u011b nezat\u011b\u017eoval Va\u0161i kapsu.<\/p>\n","protected":false},"featured_media":201085,"comment_status":"open","ping_status":"closed","template":"","meta":[],"pwb-brand":[211],"product_brand":[],"product_cat":[22,17],"product_tag":[3667],"class_list":{"0":"post-201084","1":"product","2":"type-product","3":"status-publish","4":"has-post-thumbnail","6":"pwb-brand-cold-steel","7":"product_cat-zaviraci-noze","8":"product_cat-noze","9":"product_tag-b2b","11":"first","12":"instock","13":"taxable","14":"shipping-taxable","15":"purchasable","16":"product-type-simple"},"brands":[{"id":211,"name":"Cold Steel","slug":"cold-steel"}],"_links":{"self":[{"href":"https:\/\/www.moskito.cz\/de\/wp-json\/wp\/v2\/product\/201084","targetHints":{"allow":["GET"]}}],"collection":[{"href":"https:\/\/www.moskito.cz\/de\/wp-json\/wp\/v2\/product"}],"about":[{"href":"https:\/\/www.moskito.cz\/de\/wp-json\/wp\/v2\/types\/product"}],"replies":[{"embeddable":true,"href":"https:\/\/www.moskito.cz\/de\/wp-json\/wp\/v2\/comments?post=201084"}],"wp:featuredmedia":[{"embeddable":true,"href":"https:\/\/www.moskito.cz\/de\/wp-json\/wp\/v2\/media\/201085"}],"wp:attachment":[{"href":"https:\/\/www.moskito.cz\/de\/wp-json\/wp\/v2\/media?parent=201084"}],"wp:term":[{"taxonomy":"pwb-brand","embeddable":true,"href":"https:\/\/www.moskito.cz\/de\/wp-json\/wp\/v2\/pwb-brand?post=201084"},{"taxonomy":"product_brand","embeddable":true,"href":"https:\/\/www.moskito.cz\/de\/wp-json\/wp\/v2\/product_brand?post=201084"},{"taxonomy":"product_cat","embeddable":true,"href":"https:\/\/www.moskito.cz\/de\/wp-json\/wp\/v2\/product_cat?post=201084"},{"taxonomy":"product_tag","embeddable":true,"href":"https:\/\/www.moskito.cz\/de\/wp-json\/wp\/v2\/product_tag?post=201084"}],"curies":[{"name":"wp","href":"https:\/\/api.w.org\/{rel}","templated":true}]}}