{"id":201685,"date":"2021-08-02T18:39:33","date_gmt":"2021-08-02T17:39:33","guid":{"rendered":"https:\/\/www.moskito.cz\/?post_type=product&#038;p=201685"},"modified":"2026-03-11T20:18:54","modified_gmt":"2026-03-11T19:18:54","slug":"zaviraci-nuz-crkt-m21","status":"publish","type":"product","link":"https:\/\/www.moskito.cz\/de\/produkt\/zaviraci-nuz-crkt-m21\/","title":{"rendered":"Zav\u00edrac\u00ed N\u016f\u017e CRKT M21-12SFG"},"content":{"rendered":"<p><strong>Zav\u00edrac\u00ed n\u016f\u017e CRKT M21-12SFG<\/strong> je vysoce cen\u011bn\u00fd a obl\u00edben\u00fd n\u016f\u017e od spole\u010dnosti CRKT, navr\u017een\u00fd legend\u00e1rn\u00edm design\u00e9rem <strong>Kitem Carsonem<\/strong>. Tento model je jedn\u00edm z nejzn\u00e1m\u011bj\u0161\u00edch a nejrespektovan\u011bj\u0161\u00edch taktick\u00fdch no\u017e\u016f a poskytuje skv\u00e9l\u00e9 funkce pro ka\u017edodenn\u00ed no\u0161en\u00ed i n\u00e1ro\u010dn\u011bj\u0161\u00ed \u00fakoly v ter\u00e9nu.<\/p>\n<h3><strong>Vlastnosti a v\u00fdhody:<\/strong><\/h3>\n<ol>\n<li><strong>Design a konstrukce:<\/strong>\n<ul>\n<li><strong>Kompaktn\u00ed a robustn\u00ed:<\/strong> Tento n\u016f\u017e nab\u00edz\u00ed kompaktn\u00ed konstrukci s <strong>celkovou d\u00e9lkou 7,38 palce (187,33 mm)<\/strong> a <strong>d\u00e9lkou \u010depele 3,11 palce (79,07 mm)<\/strong>. D\u00edky tomu je dostate\u010dn\u011b mal\u00fd pro pohodln\u00e9 no\u0161en\u00ed, ale st\u00e1le velmi \u00fa\u010dinn\u00fd pro \u0161irokou \u0161k\u00e1lu \u00fakol\u016f.<\/li>\n<li><strong>Rukoje\u0165 G10:<\/strong> Ergonomick\u00e1 rukoje\u0165 z <strong>G10<\/strong> zaji\u0161\u0165uje pevn\u00fd a bezpe\u010dn\u00fd \u00fachop, a\u0165 u\u017e za sucha, nebo v mokr\u00fdch podm\u00ednk\u00e1ch. G10 je odoln\u00fd materi\u00e1l, kter\u00fd dob\u0159e odol\u00e1v\u00e1 n\u00e1raz\u016fm a opot\u0159eben\u00ed.<\/li>\n<li><strong>Dual Hilt:<\/strong> Dvojit\u00e1 ochrann\u00e1 z\u00e1brana na rukojeti br\u00e1n\u00ed sklouznut\u00ed ruky na \u010depel, co\u017e zvy\u0161uje bezpe\u010dnost p\u0159i pou\u017eit\u00ed.<\/li>\n<\/ul>\n<\/li>\n<li><strong>\u010cepel a ost\u0159\u00ed:<\/strong>\n<ul>\n<li><strong>Veff Serrations\u2122:<\/strong> Tento n\u016f\u017e je vybaven unik\u00e1tn\u00edmi <strong>Veff Serrations\u2122<\/strong>, kter\u00e9 poskytuj\u00ed vynikaj\u00edc\u00ed v\u00fdkon p\u0159i \u0159ez\u00e1n\u00ed vl\u00e1knit\u00fdch materi\u00e1l\u016f, jako jsou <strong>lan\u00e1, popruhy, paracord<\/strong> a dal\u0161\u00ed materi\u00e1ly, kter\u00e9 jsou t\u011b\u017e\u0161\u00ed na \u0159ez\u00e1n\u00ed.<\/li>\n<li><strong>Ocel 1.4116:<\/strong> \u010cepel je vyrobena z vysoce kvalitn\u00ed oceli <strong>1.4116<\/strong>, co\u017e je popul\u00e1rn\u00ed volba pro taktick\u00e9 no\u017ee, kter\u00e1 zaji\u0161\u0165uje dobr\u00fd kompromis mezi ostrost\u00ed, odolnost\u00ed proti korozi a snadn\u00fdm brou\u0161en\u00edm.<\/li>\n<li><strong>Povlak odoln\u00fd proti korozi:<\/strong> \u010cepel je o\u0161et\u0159ena speci\u00e1ln\u00edm <strong>povlakem odoln\u00fdm proti korozi<\/strong>, kter\u00fd pom\u00e1h\u00e1 chr\u00e1nit n\u016f\u017e p\u0159ed zne\u010di\u0161t\u011bn\u00edm, rz\u00ed a opot\u0159eben\u00edm p\u0159i pou\u017e\u00edv\u00e1n\u00ed v r\u016fzn\u00fdch podm\u00ednk\u00e1ch.<\/li>\n<\/ul>\n<\/li>\n<li><strong>Z\u00e1mek a bezpe\u010dnost:<\/strong>\n<ul>\n<li><strong>Z\u00e1mek vlo\u017eky:<\/strong> Tento n\u016f\u017e pou\u017e\u00edv\u00e1 <strong>z\u00e1mek vlo\u017eky (Liner Lock)<\/strong>, co\u017e je velmi obl\u00edben\u00fd a bezpe\u010dn\u00fd mechanismus, kter\u00fd dr\u017e\u00ed \u010depel pevn\u011b v otev\u0159en\u00e9 pozici a z\u00e1rove\u0148 ji snadno uvoln\u00ed, kdy\u017e je pot\u0159eba n\u016f\u017e zav\u0159\u00edt.<\/li>\n<li><strong>Automatizovan\u00e1 vlo\u017eka:<\/strong> Tento z\u00e1mek je dopln\u011bn o bezpe\u010dnostn\u00ed funkce, kter\u00e9 p\u0159id\u00e1vaj\u00ed dal\u0161\u00ed vrstvu ochrany proti n\u00e1hodn\u00e9mu zav\u0159en\u00ed \u010depele.<\/li>\n<\/ul>\n<\/li>\n<li><strong>Hmotnost a p\u0159enosnost:<\/strong>\n<ul>\n<li><strong>Hmotnost:<\/strong> N\u016f\u017e v\u00e1\u017e\u00ed <strong>3,70 oz (104,89 g)<\/strong>, co\u017e je ide\u00e1ln\u00ed pro ka\u017edodenn\u00ed no\u0161en\u00ed. Nen\u00ed p\u0159\u00edli\u0161 t\u011b\u017ek\u00fd, ale z\u00e1rove\u0148 dostate\u010dn\u011b robustn\u00ed pro tvrd\u0161\u00ed \u00fakoly.<\/li>\n<li><strong>Kompaktn\u00ed velikost:<\/strong> Zav\u0159en\u00fd n\u016f\u017e m\u00e1 d\u00e9lku <strong>4,23 palce (107,49 mm)<\/strong>, co\u017e znamen\u00e1, \u017ee se pohodln\u011b vejde do kapsy a snadno se p\u0159en\u00e1\u0161\u00ed.<\/li>\n<\/ul>\n<\/li>\n<\/ol>\n<h3><strong>Pou\u017eit\u00ed:<\/strong><\/h3>\n<p>N\u016f\u017e CRKT M21-12SFG je ide\u00e1ln\u00ed pro <strong>taktick\u00e9, ka\u017edodenn\u00ed no\u0161en\u00ed (EDC)<\/strong>, outdoorov\u00e9 aktivity, <strong>kempov\u00e1n\u00ed<\/strong>, <strong>ryba\u0159en\u00ed<\/strong> a <strong>z\u00e1chrann\u00e9 operace<\/strong>. D\u00edky <strong>Veff Serrations\u2122<\/strong> a siln\u00e9 \u010depeli je velmi efektivn\u00ed p\u0159i <strong>\u0159ez\u00e1n\u00ed lan, popruh\u016f, tkanin<\/strong>, a je vhodn\u00fd pro <strong>nouzov\u00e9 situace<\/strong>. Je to skv\u011bl\u00fd n\u00e1stroj pro <strong>vojensk\u00e9<\/strong> a <strong>policejn\u00ed slo\u017eky<\/strong>, stejn\u011b jako pro <strong>civiln\u00ed u\u017eivatele<\/strong>, kte\u0159\u00ed pot\u0159ebuj\u00ed spolehliv\u00fd n\u016f\u017e pro ka\u017edodenn\u00ed \u00fakoly i n\u00e1ro\u010dn\u00e9 v\u00fdzvy.<\/p>\n<h3><strong>Specifikace:<\/strong><\/h3>\n<ul>\n<li><strong>D\u00e9lka \u010depele:<\/strong> 3,11 palce (79,07 mm)<\/li>\n<li><strong>D\u00e9lka zav\u0159en\u00e9ho no\u017ee:<\/strong> 4,23 palce (107,49 mm)<\/li>\n<li><strong>Celkov\u00e1 d\u00e9lka no\u017ee:<\/strong> 7,38 palce (187,33 mm)<\/li>\n<li><strong>Tlou\u0161\u0165ka \u010depele:<\/strong> 3,00 mm<\/li>\n<li><strong>Ocel:<\/strong> 1.4116<\/li>\n<li><strong>Dokon\u010den\u00ed \u010depele:<\/strong> Povlak odoln\u00fd proti korozi<\/li>\n<li><strong>Hmotnost:<\/strong> 3,70 oz (104,89 g)<\/li>\n<li><strong>Rukoje\u0165:<\/strong> G10<\/li>\n<li><strong>Z\u00e1mek:<\/strong> Liner Lock<\/li>\n<li><strong>Ost\u0159\u00ed:<\/strong> Veff Serrations\u2122<\/li>\n<\/ul>\n<hr \/>\n<p><strong>CRKT M21-12SFG<\/strong> je skv\u011blou volbou pro ka\u017ed\u00e9ho, kdo hled\u00e1 <strong>kompaktn\u00ed, ale siln\u00fd a spolehliv\u00fd<\/strong> n\u016f\u017e pro ka\u017edodenn\u00ed no\u0161en\u00ed nebo pro speci\u00e1ln\u00ed situace. D\u00edky kvalitn\u00edmu proveden\u00ed, siln\u00e9mu ost\u0159\u00ed a bezpe\u010dnostn\u00edm funkc\u00edm je ide\u00e1ln\u00ed volbou pro \u0161irok\u00e9 spektrum u\u017eivatel\u016f.<\/p>\n","protected":false},"excerpt":{"rendered":"<p><strong>CRKT M21-12SFG je skv\u011blou volbou pro ka\u017ed\u00e9ho, kdo hled\u00e1 kompaktn\u00ed, ale siln\u00fd a spolehliv\u00fd n\u016f\u017e pro ka\u017edodenn\u00ed no\u0161en\u00ed nebo pro speci\u00e1ln\u00ed situace. D\u00edky kvalitn\u00edmu proveden\u00ed, siln\u00e9mu ost\u0159\u00ed a bezpe\u010dnostn\u00edm funkc\u00edm je ide\u00e1ln\u00ed volbou pro \u0161irok\u00e9 spektrum u\u017eivatel\u016f.<\/strong><\/p>\n","protected":false},"featured_media":201686,"comment_status":"open","ping_status":"closed","template":"","meta":[],"pwb-brand":[209],"product_brand":[],"product_cat":[22,17],"product_tag":[3667],"class_list":{"0":"post-201685","1":"product","2":"type-product","3":"status-publish","4":"has-post-thumbnail","6":"pwb-brand-crkt","7":"product_cat-zaviraci-noze","8":"product_cat-noze","9":"product_tag-b2b","11":"first","12":"outofstock","13":"sale","14":"taxable","15":"shipping-taxable","16":"purchasable","17":"product-type-simple"},"brands":[{"id":209,"name":"CRKT","slug":"crkt"}],"_links":{"self":[{"href":"https:\/\/www.moskito.cz\/de\/wp-json\/wp\/v2\/product\/201685","targetHints":{"allow":["GET"]}}],"collection":[{"href":"https:\/\/www.moskito.cz\/de\/wp-json\/wp\/v2\/product"}],"about":[{"href":"https:\/\/www.moskito.cz\/de\/wp-json\/wp\/v2\/types\/product"}],"replies":[{"embeddable":true,"href":"https:\/\/www.moskito.cz\/de\/wp-json\/wp\/v2\/comments?post=201685"}],"wp:featuredmedia":[{"embeddable":true,"href":"https:\/\/www.moskito.cz\/de\/wp-json\/wp\/v2\/media\/201686"}],"wp:attachment":[{"href":"https:\/\/www.moskito.cz\/de\/wp-json\/wp\/v2\/media?parent=201685"}],"wp:term":[{"taxonomy":"pwb-brand","embeddable":true,"href":"https:\/\/www.moskito.cz\/de\/wp-json\/wp\/v2\/pwb-brand?post=201685"},{"taxonomy":"product_brand","embeddable":true,"href":"https:\/\/www.moskito.cz\/de\/wp-json\/wp\/v2\/product_brand?post=201685"},{"taxonomy":"product_cat","embeddable":true,"href":"https:\/\/www.moskito.cz\/de\/wp-json\/wp\/v2\/product_cat?post=201685"},{"taxonomy":"product_tag","embeddable":true,"href":"https:\/\/www.moskito.cz\/de\/wp-json\/wp\/v2\/product_tag?post=201685"}],"curies":[{"name":"wp","href":"https:\/\/api.w.org\/{rel}","templated":true}]}}