{"id":202354,"date":"2021-08-07T21:29:11","date_gmt":"2021-08-07T20:29:11","guid":{"rendered":"https:\/\/www.moskito.cz\/?post_type=product&#038;p=202354"},"modified":"2025-05-07T10:35:21","modified_gmt":"2025-05-07T09:35:21","slug":"pevny-nuz-joker-bushcraft-nordico","status":"publish","type":"product","link":"https:\/\/www.moskito.cz\/de\/produkt\/pevny-nuz-joker-bushcraft-nordico\/","title":{"rendered":"Pevn\u00fd N\u016f\u017e Joker BUSHCRAFT N\u00d3RDICO"},"content":{"rendered":"<p>Pevn\u00fd N\u016f\u017e<strong> Joker<\/strong> BUSHCRAFT N\u00d3RDICO.<\/p>\n<p>N\u016f\u017e Joker BS9 Nordico Bushcraft a Survival byl vyroben pod ozna\u010den\u00edm p\u016fvodu Albacete (\u0160pan\u011blsko).<\/p>\n<p>Je to perfektn\u00ed sportovn\u00ed loveck\u00fd n\u016f\u017e pro va\u0161e venkovn\u00ed v\u00fdlety.<\/p>\n<p>N\u016f\u017e Joker BS9 Nordico Bushcraft a Survival m\u00e1 plnou \u010depel vyrobenou z nerezov\u00e9 oceli Sandvik 14C28N s d\u00e9lkou \u010depele 10,5 cm, tlou\u0161\u0165kou 3,7 mm, d\u00e9lkou rukojeti je 11,5 cm a lze ji po\u0159\u00eddit v r\u016fzn\u00fdch povrchov\u00fdch \u00faprav\u00e1ch, jako jsou kudrnat\u00e9 b\u0159ezov\u00e9 d\u0159evo, o\u0159ech nebo micartov\u00e9 pl\u00e1tno.<\/p>\n<p>N\u016f\u017e je dopln\u011bn vysoce kvalitn\u00edm hn\u011bd\u00fdm ko\u017een\u00fdm pouzdrem s vysoce odoln\u00fdm pro\u0161\u00edv\u00e1n\u00edm. Kryt nav\u00edc umo\u017e\u0148uje jak vysok\u00e9, tak n\u00edzk\u00e9 svisl\u00e9 ulo\u017een\u00ed podle p\u0159\u00e1n\u00ed nebo podle okolnost\u00ed, za kter\u00fdch se chyst\u00e1te pracovat v hor\u00e1ch.<\/p>\n<p>La Cuchilleria Deportiva Joker (www.joker.es) je p\u0159ipojena k ozna\u010den\u00ed p\u016fvodu Albacete, \u010d\u00edm\u017e spl\u0148uje v\u0161echny standardy kvality, kter\u00e9 pe\u010de\u0165 \u201eCuchilleria de Albacete\u201c vy\u017eaduje od v\u0161ech jej\u00edch spolupracovn\u00edk\u016f, jako je \u00fapln\u00e1 v\u00fdroba v Albacete ( \u0160pan\u011blsko).<\/p>\n<p>D\u00e1le v\u00e1m ponech\u00e1m p\u0159\u00edstupov\u00fd odkaz na port\u00e1l ozna\u010den\u00ed p\u016fvodu Albacete (Cuchilleria de Albacete), kde se m\u016f\u017eete poradit se v\u0161emi v\u00fdrobci no\u017e\u016f spojen\u00fdch s uvedenou z\u00e1ru\u010dn\u00ed pe\u010det\u00ed.<\/p>\n<p><strong>Joker<\/strong>\u00a0\u2013 Jsme sv\u011btov\u011b proslul\u00e1 \u0161pan\u011blsk\u00e1 spole\u010dnost poch\u00e1zej\u00edc\u00ed z m\u011bsta Albacete, uzn\u00e1van\u00e1 po cel\u00e9m sv\u011bt\u011b pro sv\u00e9 dobr\u00e9 \u0159emesln\u00edky a mistrovsk\u00e9 no\u017ee.<\/p>\n<p>Joker pe\u010dliv\u011b vyr\u00e1b\u00ed ka\u017ed\u00fd sv\u016fj kousek ru\u010dn\u011b.<\/p>\n<p>Od sv\u00e9ho zalo\u017een\u00ed v roce 1987 se Joker v\u017edy sna\u017eil spojit tradi\u010dn\u00ed \u0159emeslo s nejmodern\u011bj\u0161\u00edmi technologiemi v ka\u017ed\u00e9m ze sv\u00fdch produkt\u016f.<\/p>\n<p>Spole\u010dnost Joker pokra\u010duje v hrd\u00e9 tradici \u0161pan\u011blsk\u00fdch v\u00fdrobc\u016f mo\u017e\u016f, p\u0159i\u010dem\u017e nab\u00edz\u00ed n\u011bkter\u00e9 z nejlep\u0161\u00edch ost\u0159\u00ed a m\u00e1 jeden z nejv\u011bt\u0161\u00edch sortiment\u016f\u00e9 na planet\u011b<\/p>\n","protected":false},"excerpt":{"rendered":"<p>No\u017ee Joker poch\u00e1zej\u00ed ze \u0160pan\u011blsk\u00e9ho m\u011bsta Albacete, kter\u00e9 je zn\u00e1m\u00e9 tradi\u010dn\u00ed v\u00fdrobou no\u017e\u016f a d\u00fdk.<br \/>\n<strong>Navr\u017eeno a vyrobeno ve \u0160pan\u011blsku (Albacete)<\/strong><\/p>\n","protected":false},"featured_media":202355,"comment_status":"open","ping_status":"closed","template":"","meta":[],"pwb-brand":[359],"product_brand":[],"product_cat":[23,17],"product_tag":[],"class_list":{"0":"post-202354","1":"product","2":"type-product","3":"status-publish","4":"has-post-thumbnail","6":"pwb-brand-joker","7":"product_cat-pevne-noze","8":"product_cat-noze","10":"first","11":"instock","12":"taxable","13":"shipping-taxable","14":"purchasable","15":"product-type-simple"},"brands":[{"id":359,"name":"Joker","slug":"joker"}],"_links":{"self":[{"href":"https:\/\/www.moskito.cz\/de\/wp-json\/wp\/v2\/product\/202354","targetHints":{"allow":["GET"]}}],"collection":[{"href":"https:\/\/www.moskito.cz\/de\/wp-json\/wp\/v2\/product"}],"about":[{"href":"https:\/\/www.moskito.cz\/de\/wp-json\/wp\/v2\/types\/product"}],"replies":[{"embeddable":true,"href":"https:\/\/www.moskito.cz\/de\/wp-json\/wp\/v2\/comments?post=202354"}],"wp:featuredmedia":[{"embeddable":true,"href":"https:\/\/www.moskito.cz\/de\/wp-json\/wp\/v2\/media\/202355"}],"wp:attachment":[{"href":"https:\/\/www.moskito.cz\/de\/wp-json\/wp\/v2\/media?parent=202354"}],"wp:term":[{"taxonomy":"pwb-brand","embeddable":true,"href":"https:\/\/www.moskito.cz\/de\/wp-json\/wp\/v2\/pwb-brand?post=202354"},{"taxonomy":"product_brand","embeddable":true,"href":"https:\/\/www.moskito.cz\/de\/wp-json\/wp\/v2\/product_brand?post=202354"},{"taxonomy":"product_cat","embeddable":true,"href":"https:\/\/www.moskito.cz\/de\/wp-json\/wp\/v2\/product_cat?post=202354"},{"taxonomy":"product_tag","embeddable":true,"href":"https:\/\/www.moskito.cz\/de\/wp-json\/wp\/v2\/product_tag?post=202354"}],"curies":[{"name":"wp","href":"https:\/\/api.w.org\/{rel}","templated":true}]}}