{"id":204487,"date":"2021-08-19T20:49:34","date_gmt":"2021-08-19T19:49:34","guid":{"rendered":"https:\/\/www.moskito.cz\/?post_type=product&#038;p=204487"},"modified":"2025-05-07T10:35:36","modified_gmt":"2025-05-07T09:35:36","slug":"zaviraci-nuz-extrema-ratio-mf2-black-ruvido","status":"publish","type":"product","link":"https:\/\/www.moskito.cz\/de\/produkt\/zaviraci-nuz-extrema-ratio-mf2-black-ruvido\/","title":{"rendered":"Zav\u00edrac\u00ed N\u016f\u017e Extrema Ratio MF2 BLACK RUVIDO"},"content":{"rendered":"<p>Zav\u00edrac\u00ed N\u016f\u017e <strong>Extrema Ratio<\/strong> MF2 BLACK RUVIDO.<\/p>\n<p>Model MF2 je vybaven dvojit\u00fdmi kryty, d\u00edky nim\u017e je rukoje\u0165 extr\u00e9mn\u011b stabiln\u00ed a zabra\u0148uje jak\u00e9mukoli p\u0159\u00edpadn\u00e9mu sklouznut\u00ed ruky u\u017eivatele na \u010depel. Kryt namontovan\u00fd na \u010depeli umo\u017e\u0148uje rychl\u00e9 otev\u0159en\u00ed ukazov\u00e1\u010dkem. MF2 ORDINANZA COL MOSCHIN je verze vydan\u00e1 9. v\u00fdsadkov\u00e9mu \u00fato\u010dn\u00e9mu pluku \u201eCol Moschin\u201c: zdoben\u00e1 plukovn\u00edmi logy, dod\u00e1v\u00e1 se v ryt\u00e9m pouzd\u0159e ABS. Tato verze se vyr\u00e1b\u00ed s hrubou rukojet\u00ed pro lep\u0161\u00ed \u00fachop.<br \/>\nTECHNICK\u00dd LIST<br \/>\nHmotnost g .:194<br \/>\nHmotnost oz .:6,8<br \/>\nD\u00e9lka \u010depele (mm):113<br \/>\nD\u00e9lka \u010depele (palce):4,4<br \/>\nCelkov\u00e1 d\u00e9lka (mm):265<br \/>\nCelkov\u00e1 d\u00e9lka (palce):10,4<br \/>\nTlou\u0161\u0165ka \u010depele (mm):4<br \/>\nTlou\u0161\u0165ka \u010depele (palce):0,16<br \/>\nMateri\u00e1l \u010depele:B\u00f6HLER N690 STEEL (58HRC)<br \/>\nDokon\u010den\u00ed \u010depele:HO\u0158EN\u00cd MIL-C-13924<br \/>\nHlavn\u00ed m\u0159\u00ed\u017eka:BYT<br \/>\nMateri\u00e1l rukojeti:ANTIKOROD\u00c1LN\u00cd ANODIZOVAN\u00dd HLIN\u00cdK<\/p>\n","protected":false},"excerpt":{"rendered":"<p>Spole\u010dnost\u00a0<strong>Extrema Ratio<\/strong>\u00a0se s\u00eddlem v italsk\u00e9m Pratu navrhuje a vyr\u00e1b\u00ed vysoce v\u00fdkonn\u00e9 bojov\u00e9, vojensk\u00e9, kuchy\u0148sk\u00e9, loveck\u00e9 a taktick\u00e9 no\u017ee od roku 1997 a m\u00e1 pov\u011bst vynikaj\u00edc\u00ed kvality, kter\u00e1 je v oboru vojensk\u00fdch a taktick\u00fdch no\u017e\u016f nep\u0159ekonateln\u00e1.\u00a0<strong>Doprava zdarma.<\/strong><\/p>\n","protected":false},"featured_media":204488,"comment_status":"open","ping_status":"closed","template":"","meta":[],"pwb-brand":[267],"product_brand":[],"product_cat":[22,17],"product_tag":[3667],"class_list":{"0":"post-204487","1":"product","2":"type-product","3":"status-publish","4":"has-post-thumbnail","6":"pwb-brand-extrema-ratio","7":"product_cat-zaviraci-noze","8":"product_cat-noze","9":"product_tag-b2b","11":"first","12":"instock","13":"taxable","14":"shipping-taxable","15":"purchasable","16":"product-type-simple"},"brands":[{"id":267,"name":"Extrema Ratio","slug":"extrema-ratio"}],"_links":{"self":[{"href":"https:\/\/www.moskito.cz\/de\/wp-json\/wp\/v2\/product\/204487","targetHints":{"allow":["GET"]}}],"collection":[{"href":"https:\/\/www.moskito.cz\/de\/wp-json\/wp\/v2\/product"}],"about":[{"href":"https:\/\/www.moskito.cz\/de\/wp-json\/wp\/v2\/types\/product"}],"replies":[{"embeddable":true,"href":"https:\/\/www.moskito.cz\/de\/wp-json\/wp\/v2\/comments?post=204487"}],"wp:featuredmedia":[{"embeddable":true,"href":"https:\/\/www.moskito.cz\/de\/wp-json\/wp\/v2\/media\/204488"}],"wp:attachment":[{"href":"https:\/\/www.moskito.cz\/de\/wp-json\/wp\/v2\/media?parent=204487"}],"wp:term":[{"taxonomy":"pwb-brand","embeddable":true,"href":"https:\/\/www.moskito.cz\/de\/wp-json\/wp\/v2\/pwb-brand?post=204487"},{"taxonomy":"product_brand","embeddable":true,"href":"https:\/\/www.moskito.cz\/de\/wp-json\/wp\/v2\/product_brand?post=204487"},{"taxonomy":"product_cat","embeddable":true,"href":"https:\/\/www.moskito.cz\/de\/wp-json\/wp\/v2\/product_cat?post=204487"},{"taxonomy":"product_tag","embeddable":true,"href":"https:\/\/www.moskito.cz\/de\/wp-json\/wp\/v2\/product_tag?post=204487"}],"curies":[{"name":"wp","href":"https:\/\/api.w.org\/{rel}","templated":true}]}}