{"id":204504,"date":"2021-08-19T21:29:29","date_gmt":"2021-08-19T20:29:29","guid":{"rendered":"https:\/\/www.moskito.cz\/?post_type=product&#038;p=204504"},"modified":"2025-05-07T10:35:37","modified_gmt":"2025-05-07T09:35:37","slug":"zaviraci-nuz-extrema-ratio-bf2-r-ct-black","status":"publish","type":"product","link":"https:\/\/www.moskito.cz\/de\/produkt\/zaviraci-nuz-extrema-ratio-bf2-r-ct-black\/","title":{"rendered":"Zav\u00edrac\u00ed N\u016f\u017e Extrema Ratio BF2 R CT BLACK"},"content":{"rendered":"<p>Zav\u00edrac\u00ed N\u016f\u017e <strong>Extrema Ratio<\/strong> BF2 R CT BLACK.<\/p>\n<p>Zav\u00edrac\u00ed n\u016f\u017e BF2 R je zvl\u00e1\u0161t\u011b vhodn\u00fd pro profesion\u00e1ln\u00ed pou\u017eit\u00ed vojensk\u00fdmi a policejn\u00edmi oper\u00e1tory. Model si zachov\u00e1v\u00e1 v\u0161echny funkce aktualizovan\u00e9ho BF2 s nov\u00fdm vysokorychlostn\u00edm syst\u00e9mem otev\u00edr\u00e1n\u00ed Razor. K dispozici ve verz\u00edch BF2 R Classic Tanto BLACK, BF2 R Classic Tanto STONE WASHED, BF2 R Classic Tanto DESERT, BF2 R Classic Drop BLACK, BF2 R Classic Drop STONE WASHED, BF2 R Classic Drop DESERT.<br \/>\n\u00daDAJE<br \/>\nHmotnost g.:140<br \/>\nHmotnost oz.:4,93<br \/>\nD\u00e9lka \u010depele (mm):90<br \/>\nD\u00e9lka \u010depele (palce):3,54<br \/>\nCelkov\u00e1 d\u00e9lka (mm):215<br \/>\nCelkov\u00e1 d\u00e9lka (palce):8,46<br \/>\nTlou\u0161\u0165ka \u010depele (mm):3<br \/>\nTlou\u0161\u0165ka \u010depele (palce):0,11<br \/>\nMateri\u00e1l \u010depele:B\u00f6HLER N690 STEEL (58HRC)<br \/>\nPovrchov\u00e1 \u00faprava \u010depele:HO\u0158EN\u00cd MIL-C-13924<br \/>\nZaoblen\u00ed \u010depele:PLOCH\u00dd<br \/>\nMateri\u00e1l rukojeti:ANODIZOVAN\u00dd ANTIKOROD\u00c1LN\u00cd HLIN\u00cdK<\/p>\n","protected":false},"excerpt":{"rendered":"<p>Spole\u010dnost\u00a0<strong>Extrema Ratio<\/strong>\u00a0se s\u00eddlem v italsk\u00e9m Pratu navrhuje a vyr\u00e1b\u00ed vysoce v\u00fdkonn\u00e9 bojov\u00e9, vojensk\u00e9, kuchy\u0148sk\u00e9, loveck\u00e9 a taktick\u00e9 no\u017ee od roku 1997 a m\u00e1 pov\u011bst vynikaj\u00edc\u00ed kvality, kter\u00e1 je v oboru vojensk\u00fdch a taktick\u00fdch no\u017e\u016f nep\u0159ekonateln\u00e1.\u00a0<strong>Doprava zdarma.<\/strong><\/p>\n","protected":false},"featured_media":228933,"comment_status":"open","ping_status":"closed","template":"","meta":[],"pwb-brand":[267],"product_brand":[],"product_cat":[22,17],"product_tag":[3667],"class_list":{"0":"post-204504","1":"product","2":"type-product","3":"status-publish","4":"has-post-thumbnail","6":"pwb-brand-extrema-ratio","7":"product_cat-zaviraci-noze","8":"product_cat-noze","9":"product_tag-b2b","11":"first","12":"instock","13":"featured","14":"taxable","15":"shipping-taxable","16":"purchasable","17":"product-type-simple"},"brands":[{"id":267,"name":"Extrema Ratio","slug":"extrema-ratio"}],"_links":{"self":[{"href":"https:\/\/www.moskito.cz\/de\/wp-json\/wp\/v2\/product\/204504","targetHints":{"allow":["GET"]}}],"collection":[{"href":"https:\/\/www.moskito.cz\/de\/wp-json\/wp\/v2\/product"}],"about":[{"href":"https:\/\/www.moskito.cz\/de\/wp-json\/wp\/v2\/types\/product"}],"replies":[{"embeddable":true,"href":"https:\/\/www.moskito.cz\/de\/wp-json\/wp\/v2\/comments?post=204504"}],"wp:featuredmedia":[{"embeddable":true,"href":"https:\/\/www.moskito.cz\/de\/wp-json\/wp\/v2\/media\/228933"}],"wp:attachment":[{"href":"https:\/\/www.moskito.cz\/de\/wp-json\/wp\/v2\/media?parent=204504"}],"wp:term":[{"taxonomy":"pwb-brand","embeddable":true,"href":"https:\/\/www.moskito.cz\/de\/wp-json\/wp\/v2\/pwb-brand?post=204504"},{"taxonomy":"product_brand","embeddable":true,"href":"https:\/\/www.moskito.cz\/de\/wp-json\/wp\/v2\/product_brand?post=204504"},{"taxonomy":"product_cat","embeddable":true,"href":"https:\/\/www.moskito.cz\/de\/wp-json\/wp\/v2\/product_cat?post=204504"},{"taxonomy":"product_tag","embeddable":true,"href":"https:\/\/www.moskito.cz\/de\/wp-json\/wp\/v2\/product_tag?post=204504"}],"curies":[{"name":"wp","href":"https:\/\/api.w.org\/{rel}","templated":true}]}}