{"id":204589,"date":"2021-08-20T20:51:24","date_gmt":"2021-08-20T19:51:24","guid":{"rendered":"https:\/\/www.moskito.cz\/?post_type=product&#038;p=204589"},"modified":"2026-02-12T15:23:33","modified_gmt":"2026-02-12T14:23:33","slug":"zaviraci-nuz-extrema-ratio-mf1-bc-cerna-ruvido","status":"publish","type":"product","link":"https:\/\/www.moskito.cz\/de\/produkt\/zaviraci-nuz-extrema-ratio-mf1-bc-cerna-ruvido\/","title":{"rendered":"Zav\u00edrac\u00ed N\u016f\u017e Extrema Ratio MF1 BC \u010cERN\u00c1 RUVIDO"},"content":{"rendered":"<p>Zav\u00edrac\u00ed N\u016f\u017e <strong>Extrema Ratio<\/strong> MF1 BC \u010cERN\u00c1 RUVIDO.<\/p>\n<p>V\u0161e, co bylo \u0159e\u010deno o \u0159ad\u011b MF, plat\u00ed pro model MF1. Jeho varianta MF1 BC (\u201e\u0158eza\u010dka p\u00e1su\u201c) m\u00e1 vestav\u011bnou \u0159eza\u010dku p\u00e1su v rukojeti, kter\u00e1 je navr\u017eena tak, aby vyhovovala standardn\u00edmu no\u017ei pr\u016fmyslov\u00e9 \u0159eza\u010dky, kter\u00fd lze snadno vym\u011bnit. Je tak\u00e9 vybaven vestav\u011bn\u00fdm \u0161roubov\u00e1kem pro nastaven\u00ed optiky st\u0159eln\u00e9 zbran\u011b. Verze s integrovanou \u0159eza\u010dkou p\u00e1su. Tato verze se vyr\u00e1b\u00ed s hrubou rukojet\u00ed pro lep\u0161\u00ed \u00fachop.<br \/>\nTECHNICK\u00dd LIST<br \/>\nHmotnost g .:160<br \/>\nHmotnost oz .:5,6<br \/>\nD\u00e9lka \u010depele (mm):92<br \/>\nD\u00e9lka \u010depele (palce):3,6<br \/>\nCelkov\u00e1 d\u00e9lka (mm):227<br \/>\nCelkov\u00e1 d\u00e9lka (palce):8,9<br \/>\nTlou\u0161\u0165ka \u010depele (mm):4<br \/>\nTlou\u0161\u0165ka \u010depele (palce):0,16<br \/>\nD\u00e9lka \u010depele p\u0159\u00edslu\u0161enstv\u00ed (mm):6<br \/>\nTlou\u0161\u0165ka \u010depele p\u0159\u00edslu\u0161enstv\u00ed (mm):0,35<br \/>\nD\u00e9lka sekund\u00e1rn\u00edho ost\u0159\u00ed (palce):0,24<br \/>\nTlou\u0161\u0165ka \u010depele p\u0159\u00edslu\u0161enstv\u00ed (palce):0,01<br \/>\nMateri\u00e1l \u010depele:B\u00f6HLER N690 STEEL (58HRC)<br \/>\nMateri\u00e1l \u010depele p\u0159\u00edslu\u0161enstv\u00ed:NEREZOV\u00c1 OCEL<br \/>\n\u0160roubov\u00e1k \/ Marlin Spike Materi\u00e1l:OCEL AISI 420<br \/>\nDokon\u010den\u00ed \u010depele:HO\u0158EN\u00cd MIL-C-13924<br \/>\nMateri\u00e1l rukojeti:ANTIKOROD\u00c1LN\u00cd ANODIZOVAN\u00dd HLIN\u00cdK<\/p>\n<p>&nbsp;<\/p>\n","protected":false},"excerpt":{"rendered":"<p>Spole\u010dnost\u00a0<strong>Extrema Ratio<\/strong>\u00a0se s\u00eddlem v italsk\u00e9m Pratu navrhuje a vyr\u00e1b\u00ed vysoce v\u00fdkonn\u00e9 bojov\u00e9, vojensk\u00e9, kuchy\u0148sk\u00e9, loveck\u00e9 a taktick\u00e9 no\u017ee od roku 1997 a m\u00e1 pov\u011bst vynikaj\u00edc\u00ed kvality, kter\u00e1 je v oboru vojensk\u00fdch a taktick\u00fdch no\u017e\u016f nep\u0159ekonateln\u00e1.\u00a0<strong>Doprava zdarma.<\/strong><\/p>\n","protected":false},"featured_media":204590,"comment_status":"open","ping_status":"closed","template":"","meta":[],"pwb-brand":[267],"product_brand":[],"product_cat":[22,17],"product_tag":[3667],"class_list":{"0":"post-204589","1":"product","2":"type-product","3":"status-publish","4":"has-post-thumbnail","6":"pwb-brand-extrema-ratio","7":"product_cat-zaviraci-noze","8":"product_cat-noze","9":"product_tag-b2b","11":"first","12":"instock","13":"taxable","14":"shipping-taxable","15":"purchasable","16":"product-type-simple"},"brands":[{"id":267,"name":"Extrema Ratio","slug":"extrema-ratio"}],"_links":{"self":[{"href":"https:\/\/www.moskito.cz\/de\/wp-json\/wp\/v2\/product\/204589","targetHints":{"allow":["GET"]}}],"collection":[{"href":"https:\/\/www.moskito.cz\/de\/wp-json\/wp\/v2\/product"}],"about":[{"href":"https:\/\/www.moskito.cz\/de\/wp-json\/wp\/v2\/types\/product"}],"replies":[{"embeddable":true,"href":"https:\/\/www.moskito.cz\/de\/wp-json\/wp\/v2\/comments?post=204589"}],"wp:featuredmedia":[{"embeddable":true,"href":"https:\/\/www.moskito.cz\/de\/wp-json\/wp\/v2\/media\/204590"}],"wp:attachment":[{"href":"https:\/\/www.moskito.cz\/de\/wp-json\/wp\/v2\/media?parent=204589"}],"wp:term":[{"taxonomy":"pwb-brand","embeddable":true,"href":"https:\/\/www.moskito.cz\/de\/wp-json\/wp\/v2\/pwb-brand?post=204589"},{"taxonomy":"product_brand","embeddable":true,"href":"https:\/\/www.moskito.cz\/de\/wp-json\/wp\/v2\/product_brand?post=204589"},{"taxonomy":"product_cat","embeddable":true,"href":"https:\/\/www.moskito.cz\/de\/wp-json\/wp\/v2\/product_cat?post=204589"},{"taxonomy":"product_tag","embeddable":true,"href":"https:\/\/www.moskito.cz\/de\/wp-json\/wp\/v2\/product_tag?post=204589"}],"curies":[{"name":"wp","href":"https:\/\/api.w.org\/{rel}","templated":true}]}}