{"id":205206,"date":"2021-09-14T21:44:02","date_gmt":"2021-09-14T20:44:02","guid":{"rendered":"https:\/\/www.moskito.cz\/?post_type=product&#038;p=205206"},"modified":"2025-11-04T15:54:43","modified_gmt":"2025-11-04T14:54:43","slug":"zaviraci-nuz-sog-terminus-black","status":"publish","type":"product","link":"https:\/\/www.moskito.cz\/de\/produkt\/zaviraci-nuz-sog-terminus-black\/","title":{"rendered":"Zav\u00edrac\u00ed N\u016f\u017e SOG TERMINUS BLACK"},"content":{"rendered":"<p>Zav\u00edrac\u00ed N\u016f\u017e <strong>SOG<\/strong> TERMINUS BLACK.<\/p>\n<p>Terminus je univerz\u00e1ln\u00ed skl\u00e1dac\u00ed n\u016f\u017e se skluzov\u00fdm kloubem, kter\u00fd je na mnoha m\u00edstech leg\u00e1ln\u00ed. Je vybaven kvalitn\u00ed 3,0palcovou \u010depel\u00ed z nerezov\u00e9 oceli CTS BD1 a dr\u017eadly G10. No\u017ee s kluzn\u00fdm kloubem se snadn\u011bji \u010dist\u00ed, udr\u017euj\u00ed a maj\u00ed m\u00e9n\u011b mechanick\u00fdch bit\u016f, kter\u00e9 se mohou za\u0161pinit a zp\u016fsobit probl\u00e9my. Univerz\u00e1ln\u00ed \u010depel BD1 s klipov\u00fdm hrotem m\u00e1 rovnou hranu . Texturovan\u00e9 rukojeti G10 a lemov\u00e1n\u00ed \u010depele nab\u00edzej\u00ed lep\u0161\u00ed ovl\u00e1d\u00e1n\u00ed b\u011bhem pou\u017e\u00edv\u00e1n\u00ed. Mal\u00fd chr\u00e1ni\u010d na \u010depeli zabra\u0148uje n\u00e1hodn\u00e9mu uzav\u0159en\u00ed \u010depele na prstech. Jeho tenk\u00fd profil umo\u017e\u0148uje snadn\u00e9 p\u0159en\u00e1\u0161en\u00ed s oboustrannou kapesn\u00ed sponou i bez n\u00ed.<\/p>\n<p>ZAV\u0158EN\u00c1 D\u00c9LKA : 10 cm<br \/>\nHMOTNOST PRODUKTU :2,90 oz<br \/>\nD\u00c9LKA \u010cEPELE : 7.5 cm<br \/>\nTYP PRODUKTU : Skl\u00e1dac\u00ed n\u016f\u017e<br \/>\nMECHANISMUS ZAMYK\u00c1N\u00cd : Klouzav\u00fd spoj<br \/>\nTYP SPONY NA OPASEK : Reverzibiln\u00ed Low-Carry<br \/>\nTYP Z OCELOV\u00c9 \u010cEPELE : BD1<br \/>\nTVRDOST : RC 58-60<br \/>\nMATERI\u00c1L RUKOJETI : G10<\/p>\n<p>N\u00e1\u0161 p\u0159\u00edb\u011bh za\u010d\u00edn\u00e1 ve Vietnamu, kde \u010dlenov\u00e9 vysoce utajovan\u00e9 americk\u00e9 speci\u00e1ln\u00ed opera\u010dn\u00ed jednotky \u2013 zn\u00e1m\u00e9 jako MACV &#8211;<strong>SOG<\/strong> \u2013 nesli jedine\u010dn\u00fd tajn\u00fd n\u016f\u017e do d\u017eungle na skryt\u00fdch mis\u00edch. O n\u011bkolik let pozd\u011bji, v roce 1986, tento n\u016f\u017e inspiroval mlad\u00e9ho n\u00e1vrh\u00e1\u0159e jm\u00e9nem Spencer Frazer, aby zalo\u017eil speci\u00e1ln\u00ed no\u017ee <strong>SOG<\/strong>. Jeho posl\u00e1n\u00ed: reprodukovat p\u016fvodn\u00ed n\u016f\u017e SOG Bowie a vzd\u00e1t hold speci\u00e1ln\u00ed opera\u010dn\u00ed jednotce, kter\u00e1 jej vytvo\u0159ila. To, co za\u010dalo jako jedin\u00fd pam\u011btn\u00ed model, se brzy stalo celou \u0159adou inovativn\u00edch n\u00e1stroj\u016f \u2013 osv\u011bd\u010den\u00fdch americk\u00fdmi speci\u00e1ln\u00edmi silami, dokonce ocen\u011bn\u00fdch jako vybran\u00fd n\u016f\u017e Navy SEAL. No\u017ee SOG se dnes s jistotou nos\u00ed do t\u011bch nejn\u00e1ro\u010dn\u011bj\u0161\u00edch situac\u00ed. Kovan\u00e9 z tradice, tvrzen\u00e9 v poli, pilovan\u00e9 pro v\u00e1s.<\/p>\n<p>A\u0165 u\u017e chr\u00e1n\u00edte ostatn\u00ed nebo vedete epickou loveckou expedici, \u0159e\u0161\u00edte jednu z ka\u017edodenn\u00edch \u017eivotn\u00edch v\u00fdzev nebo se pot\u00fdk\u00e1te se sv\u00fdmi dosud nejextr\u00e9mn\u011bj\u0161\u00edmi podm\u00ednkami, ud\u011blejte si cestu se <strong>SOG<\/strong>.<\/p>\n<p>The Terminus is an all-purpose slip joint folding knife that is legal in many places. It features a quality 3.0-inch CTS BD1 stainless steel blade and G10 handles. Slip joint knives are easier to clean, maintain, and have fewer mechanical bits to get dirty and cause problems. The versatile clip point BD1 blade features a straight edge and a nail nick for opening. Textured G10 handles and jimping on the blade offer improved control during use. The small guard on the blade prevents accidental closure of the blade on fingers. Its slim profile makes it easy to carry with or without the reversible low-carry pocket clip.<\/p>\n<p>CLOSED LENGTH<br \/>\n4&#8243;<br \/>\nPRODUCT WEIGHT<br \/>\n2.90 oz<br \/>\nBLADE LENGTH<br \/>\n3&#8243;<br \/>\nBLADE THICKNESS<br \/>\n0.11&#8243;<br \/>\nUPC<br \/>\n729857006569<br \/>\nPREORDER DATE<br \/>\nN\/A<br \/>\nIS PREORDER<br \/>\nN\/A<br \/>\nPRODUCT FAMILY<br \/>\nTerminus<br \/>\nPRODUCT TYPE<br \/>\nFolding Knife<br \/>\nCOUNTRY OF ORIGIN<br \/>\nChina<br \/>\nLOCKING MECHANISM<br \/>\nSlip Joint<br \/>\nBELT CLIP TYPE<br \/>\nReversible Low-Carry<br \/>\nPACKAGING<br \/>\nPresentation Box<br \/>\nENGRAVABLE<br \/>\nYes<br \/>\nFINISH<br \/>\nHardcased Black<br \/>\nEDGE TYPE<br \/>\nStraight<br \/>\nBLADE STEEL TYPE<br \/>\nBD1<br \/>\nBLADE SHAPE<br \/>\nClip Point<br \/>\nHARDNESS<br \/>\nRc. 58-60<br \/>\nHANDLE MATERIAL<br \/>\nG10<\/p>\n<p>&nbsp;<\/p>\n","protected":false},"excerpt":{"rendered":"<p>A\u0165 u\u017e chr\u00e1n\u00edte ostatn\u00ed nebo vedete epickou loveckou expedici, \u0159e\u0161\u00edte jednu z ka\u017edodenn\u00edch \u017eivotn\u00edch v\u00fdzev nebo se pot\u00fdk\u00e1te se sv\u00fdmi dosud nejextr\u00e9mn\u011bj\u0161\u00edmi podm\u00ednkami, ud\u011blejte si cestu se\u00a0<strong>SOG<\/strong>.<\/p>\n<p><strong>Na v\u0161echny no\u017ee SOG d\u00e1v\u00e1me do\u017eivotn\u00ed z\u00e1ruku!<\/strong><\/p>\n","protected":false},"featured_media":205207,"comment_status":"open","ping_status":"closed","template":"","meta":[],"pwb-brand":[591],"product_brand":[],"product_cat":[22,17],"product_tag":[3667],"class_list":{"0":"post-205206","1":"product","2":"type-product","3":"status-publish","4":"has-post-thumbnail","6":"pwb-brand-sog","7":"product_cat-zaviraci-noze","8":"product_cat-noze","9":"product_tag-b2b","11":"first","12":"outofstock","13":"taxable","14":"shipping-taxable","15":"purchasable","16":"product-type-simple"},"brands":[{"id":591,"name":"SOG","slug":"sog"}],"_links":{"self":[{"href":"https:\/\/www.moskito.cz\/de\/wp-json\/wp\/v2\/product\/205206","targetHints":{"allow":["GET"]}}],"collection":[{"href":"https:\/\/www.moskito.cz\/de\/wp-json\/wp\/v2\/product"}],"about":[{"href":"https:\/\/www.moskito.cz\/de\/wp-json\/wp\/v2\/types\/product"}],"replies":[{"embeddable":true,"href":"https:\/\/www.moskito.cz\/de\/wp-json\/wp\/v2\/comments?post=205206"}],"wp:featuredmedia":[{"embeddable":true,"href":"https:\/\/www.moskito.cz\/de\/wp-json\/wp\/v2\/media\/205207"}],"wp:attachment":[{"href":"https:\/\/www.moskito.cz\/de\/wp-json\/wp\/v2\/media?parent=205206"}],"wp:term":[{"taxonomy":"pwb-brand","embeddable":true,"href":"https:\/\/www.moskito.cz\/de\/wp-json\/wp\/v2\/pwb-brand?post=205206"},{"taxonomy":"product_brand","embeddable":true,"href":"https:\/\/www.moskito.cz\/de\/wp-json\/wp\/v2\/product_brand?post=205206"},{"taxonomy":"product_cat","embeddable":true,"href":"https:\/\/www.moskito.cz\/de\/wp-json\/wp\/v2\/product_cat?post=205206"},{"taxonomy":"product_tag","embeddable":true,"href":"https:\/\/www.moskito.cz\/de\/wp-json\/wp\/v2\/product_tag?post=205206"}],"curies":[{"name":"wp","href":"https:\/\/api.w.org\/{rel}","templated":true}]}}