{"id":205355,"date":"2021-09-16T21:02:24","date_gmt":"2021-09-16T20:02:24","guid":{"rendered":"https:\/\/www.moskito.cz\/?post_type=product&#038;p=205355"},"modified":"2025-05-07T10:35:47","modified_gmt":"2025-05-07T09:35:47","slug":"zaviraci-nuz-sog-tac-xr-black-out","status":"publish","type":"product","link":"https:\/\/www.moskito.cz\/de\/produkt\/zaviraci-nuz-sog-tac-xr-black-out\/","title":{"rendered":"Zav\u00edrac\u00ed N\u016f\u017e SOG TAC XR BLACK OUT"},"content":{"rendered":"<p>Zav\u00edrac\u00ed N\u016f\u017e <strong>SOG<\/strong> TAC XR BLACK OUT.<\/p>\n<p>\u0158e\u0161en\u00ed SOG-TAC XR, kter\u00e9 je \u0159e\u0161en\u00edm pro uniformovan\u00e9 profesion\u00e1ly, je vybaveno 8.5 cm kryogenicky tepeln\u011b o\u0161et\u0159enou \u010depel\u00ed z n\u00e1strojov\u00e9 oceli D2 a ultra-p\u0159ilnavou rukojet\u00ed G10. SOR XR Lock umo\u017e\u0148uje plynul\u00e9 oboustrann\u00e9 otev\u00edr\u00e1n\u00ed jednou rukou t\u0159emi r\u016fzn\u00fdmi zp\u016fsoby, s extr\u00e9mn\u011b bezpe\u010dn\u00fdm z\u00e1mkem \u010depele po otev\u0159en\u00ed. Nov\u00e1 generace navr\u017een\u00e9ho v\u00fdkonu.<\/p>\n<p>BARVA : \u010cern\u00e1<\/p>\n<p>OCELOV\u00dd TYP : D2<\/p>\n<p>D\u00c9LKA \u010cEPELE : 8,5 cm<\/p>\n<p>MATERI\u00c1L RUKOJETI : G10<\/p>\n<p>D\u00c9LKA RUKOJETI : 12 cm<\/p>\n<p>CELKOV\u00c1 D\u00c9LKA : 20,5<\/p>\n<p>HMOTNOST (GRAM) 148<\/p>\n<p>ZAMYK\u00c1N\u00cd : Z\u00e1mek XR<\/p>\n<p>N\u00e1\u0161 p\u0159\u00edb\u011bh za\u010d\u00edn\u00e1 ve Vietnamu, kde \u010dlenov\u00e9 vysoce utajovan\u00e9 americk\u00e9 speci\u00e1ln\u00ed opera\u010dn\u00ed jednotky \u2013 zn\u00e1m\u00e9 jako MACV \u2013<strong>SOG<\/strong>\u00a0\u2013 nesli jedine\u010dn\u00fd tajn\u00fd n\u016f\u017e do d\u017eungle na skryt\u00fdch mis\u00edch. O n\u011bkolik let pozd\u011bji, v roce 1986, tento n\u016f\u017e inspiroval mlad\u00e9ho n\u00e1vrh\u00e1\u0159e jm\u00e9nem Spencer Frazer, aby zalo\u017eil speci\u00e1ln\u00ed no\u017ee\u00a0<strong>SOG<\/strong>. Jeho posl\u00e1n\u00ed: reprodukovat p\u016fvodn\u00ed n\u016f\u017e\u00a0<strong>SOG<\/strong>\u00a0Bowie a vzd\u00e1t hold speci\u00e1ln\u00ed opera\u010dn\u00ed jednotce, kter\u00e1 jej vytvo\u0159ila. To, co za\u010dalo jako jedin\u00fd pam\u011btn\u00ed model, se brzy stalo celou \u0159adou inovativn\u00edch n\u00e1stroj\u016f \u2013 osv\u011bd\u010den\u00fdch americk\u00fdmi speci\u00e1ln\u00edmi silami, dokonce ocen\u011bn\u00fdch jako vybran\u00fd n\u016f\u017e Navy SEAL. No\u017ee SOG se dnes s jistotou nos\u00ed do t\u011bch nejn\u00e1ro\u010dn\u011bj\u0161\u00edch situac\u00ed. Kovan\u00e9 z tradice, tvrzen\u00e9 v poli, pilovan\u00e9 pro v\u00e1s.<\/p>\n<p>A\u0165 u\u017e chr\u00e1n\u00edte ostatn\u00ed nebo vedete epickou loveckou expedici, \u0159e\u0161\u00edte jednu z ka\u017edodenn\u00edch \u017eivotn\u00edch v\u00fdzev nebo se pot\u00fdk\u00e1te se sv\u00fdmi dosud nejextr\u00e9mn\u011bj\u0161\u00edmi podm\u00ednkami, ud\u011blejte si cestu se\u00a0<strong>SOG<\/strong>.<\/p>\n<p>&nbsp;<\/p>\n<p><iframe title=\"SOG-TAC XR\" width=\"800\" height=\"450\" src=\"https:\/\/www.youtube.com\/embed\/gUxGdfGiCFI?feature=oembed\" frameborder=\"0\" allow=\"accelerometer; autoplay; clipboard-write; encrypted-media; gyroscope; picture-in-picture; web-share\" referrerpolicy=\"strict-origin-when-cross-origin\" allowfullscreen><\/iframe><\/p>\n<p>The SOG TAC XR is designed for professional use with a high-quality carbon steel blade. Can be opened with one hand in three ways, with the thumb stud, the kicker on the back or simply with a wrist movement. Once open, the blade is held in place by the XR Lock. The G10 handle is textured and features an interchangeable pocket clip.<\/p>\n<p>Knifestore specializes in products from SOG Knives and will gladly assist you. If you order your SOG TAC XR Black Out PE on working days before 16:00, your order will be processed on the same day. Do you want to purchase larger numbers? Please feel free to contact us. We deliver quickly and safely to all countries within the European Union.<\/p>\n<p>BRAND<br \/>\nSOG Knives<\/p>\n<p>DESIGNER<br \/>\nSOG<\/p>\n<p>COUNTRY OF ORIGIN<br \/>\nChina<\/p>\n<p>COLOR<br \/>\nBlack<\/p>\n<p>STEEL TYPE<br \/>\nD2<\/p>\n<p>BLADE LENGTH (CM)<br \/>\n8,5<\/p>\n<p>BLADE SIZE (CM)<br \/>\n5 \u2013 10<\/p>\n<p>HANDLE MATERIAL<br \/>\nG10<\/p>\n<p>HANDLE LENGTH (CM)<br \/>\n12<\/p>\n<p>TOTAL LENGTH (CM)<br \/>\n20,5<\/p>\n<p>WEIGHT (GRAM)<br \/>\n148<\/p>\n<p>LOCKING<br \/>\nXR Lock<\/p>\n<p>&nbsp;<\/p>\n<p>&nbsp;<\/p>\n<p>&nbsp;<\/p>\n","protected":false},"excerpt":{"rendered":"<p>A\u0165 u\u017e chr\u00e1n\u00edte ostatn\u00ed nebo vedete epickou loveckou expedici, \u0159e\u0161\u00edte jednu z ka\u017edodenn\u00edch \u017eivotn\u00edch v\u00fdzev nebo se pot\u00fdk\u00e1te se sv\u00fdmi dosud nejextr\u00e9mn\u011bj\u0161\u00edmi podm\u00ednkami, ud\u011blejte si cestu se\u00a0<strong>SOG<\/strong>.<\/p>\n<p><strong>Na v\u0161echny no\u017ee SOG d\u00e1v\u00e1me do\u017eivotn\u00ed z\u00e1ruku!<\/strong><\/p>\n","protected":false},"featured_media":205356,"comment_status":"open","ping_status":"closed","template":"","meta":[],"pwb-brand":[591],"product_brand":[],"product_cat":[22,17],"product_tag":[3667],"class_list":{"0":"post-205355","1":"product","2":"type-product","3":"status-publish","4":"has-post-thumbnail","6":"pwb-brand-sog","7":"product_cat-zaviraci-noze","8":"product_cat-noze","9":"product_tag-b2b","11":"first","12":"outofstock","13":"taxable","14":"shipping-taxable","15":"purchasable","16":"product-type-simple"},"brands":[{"id":591,"name":"SOG","slug":"sog"}],"_links":{"self":[{"href":"https:\/\/www.moskito.cz\/de\/wp-json\/wp\/v2\/product\/205355","targetHints":{"allow":["GET"]}}],"collection":[{"href":"https:\/\/www.moskito.cz\/de\/wp-json\/wp\/v2\/product"}],"about":[{"href":"https:\/\/www.moskito.cz\/de\/wp-json\/wp\/v2\/types\/product"}],"replies":[{"embeddable":true,"href":"https:\/\/www.moskito.cz\/de\/wp-json\/wp\/v2\/comments?post=205355"}],"wp:featuredmedia":[{"embeddable":true,"href":"https:\/\/www.moskito.cz\/de\/wp-json\/wp\/v2\/media\/205356"}],"wp:attachment":[{"href":"https:\/\/www.moskito.cz\/de\/wp-json\/wp\/v2\/media?parent=205355"}],"wp:term":[{"taxonomy":"pwb-brand","embeddable":true,"href":"https:\/\/www.moskito.cz\/de\/wp-json\/wp\/v2\/pwb-brand?post=205355"},{"taxonomy":"product_brand","embeddable":true,"href":"https:\/\/www.moskito.cz\/de\/wp-json\/wp\/v2\/product_brand?post=205355"},{"taxonomy":"product_cat","embeddable":true,"href":"https:\/\/www.moskito.cz\/de\/wp-json\/wp\/v2\/product_cat?post=205355"},{"taxonomy":"product_tag","embeddable":true,"href":"https:\/\/www.moskito.cz\/de\/wp-json\/wp\/v2\/product_tag?post=205355"}],"curies":[{"name":"wp","href":"https:\/\/api.w.org\/{rel}","templated":true}]}}