{"id":206092,"date":"2021-09-29T19:28:03","date_gmt":"2021-09-29T18:28:03","guid":{"rendered":"https:\/\/www.moskito.cz\/?post_type=product&#038;p=206092"},"modified":"2025-05-07T10:36:01","modified_gmt":"2025-05-07T09:36:01","slug":"zaviraci-nuz-sog-sideswipe","status":"publish","type":"product","link":"https:\/\/www.moskito.cz\/de\/produkt\/zaviraci-nuz-sog-sideswipe\/","title":{"rendered":"Zav\u00edrac\u00ed N\u016f\u017e SOG SIDESWIPE"},"content":{"rendered":"<p>N\u00e1\u0161 p\u0159\u00edb\u011bh za\u010d\u00edn\u00e1 ve Vietnamu, kde \u010dlenov\u00e9 vysoce utajovan\u00e9 americk\u00e9 speci\u00e1ln\u00ed opera\u010dn\u00ed jednotky \u2013 zn\u00e1m\u00e9 jako MACV \u2013<strong>SOG<\/strong>\u00a0\u2013 nesli jedine\u010dn\u00fd tajn\u00fd n\u016f\u017e do d\u017eungle na skryt\u00fdch mis\u00edch. O n\u011bkolik let pozd\u011bji, v roce 1986, tento n\u016f\u017e inspiroval mlad\u00e9ho n\u00e1vrh\u00e1\u0159e jm\u00e9nem Spencer Frazer, aby zalo\u017eil speci\u00e1ln\u00ed no\u017ee<strong>\u00a0SOG<\/strong>. Jeho posl\u00e1n\u00ed: reprodukovat p\u016fvodn\u00ed n\u016f\u017e\u00a0<strong>SOG<\/strong>\u00a0Bowie a vzd\u00e1t hold speci\u00e1ln\u00ed opera\u010dn\u00ed jednotce, kter\u00e1 jej vytvo\u0159ila. To, co za\u010dalo jako jedin\u00fd pam\u011btn\u00ed model, se brzy stalo celou \u0159adou inovativn\u00edch n\u00e1stroj\u016f \u2013 osv\u011bd\u010den\u00fdch americk\u00fdmi speci\u00e1ln\u00edmi silami, dokonce ocen\u011bn\u00fdch jako vybran\u00fd n\u016f\u017e Navy SEAL. No\u017ee SOG se dnes s jistotou nos\u00ed do t\u011bch nejn\u00e1ro\u010dn\u011bj\u0161\u00edch situac\u00ed. Kovan\u00e9 z tradice, tvrzen\u00e9 v poli, pilovan\u00e9 pro v\u00e1s.<\/p>\n<p>A\u0165 u\u017e chr\u00e1n\u00edte ostatn\u00ed nebo vedete epickou loveckou expedici, \u0159e\u0161\u00edte jednu z ka\u017edodenn\u00edch \u017eivotn\u00edch v\u00fdzev nebo se pot\u00fdk\u00e1te se sv\u00fdmi dosud nejextr\u00e9mn\u011bj\u0161\u00edmi podm\u00ednkami, ud\u011blejte si cestu se\u00a0<strong>SOG<\/strong>.<\/p>\n<p>Zav\u00edrac\u00ed N\u016f\u017e <strong>SOG<\/strong> SIDESWIPE.<\/p>\n<p>Sideswipe je robustn\u00ed a spolehliv\u00fd a je skv\u011bl\u00fdm no\u017eem pro ka\u017edodenn\u00ed no\u0161en\u00ed. Je vyroben z tvarovan\u00fdch anodizovan\u00fdch hlin\u00edkov\u00fdch rukojet\u00ed s texturovan\u00fdmi vlo\u017ekami GRN pro pohodl\u00ed a p\u0159ilnavost, osv\u011bd\u010den\u00e9ho mechanismu zp\u011btn\u00e9ho z\u00e1mku pro bezpe\u010dn\u00e9 zablokov\u00e1n\u00ed \u010depel\u00ed a rychloup\u00ednac\u00edho no\u017ee s tryskou z nerezov\u00e9 oceli 7Cr15. \u010cepel je p\u0159\u00edstupn\u00e1 p\u0159es SAT (SOG Assisted Technology), tak\u017ee jednoduch\u00e9 zatla\u010den\u00ed na \u010dep palce vytla\u010d\u00ed \u010depel ven a uzamkne se v otev\u0159en\u00e9 poloze p\u0159ipraven\u00e9 k provozu. Kdy\u017e dr\u017e\u00edte Sideswipe v ruce, poc\u00edt\u00edte jeho kvalitu a robustnost. Sideswipe je vybaven reverzibiln\u00edm kapesn\u00edm klipem s n\u00edzkou nosnost\u00ed a je skv\u011bl\u00fdm EDC.<\/p>\n<p>Perfektn\u00ed EDC &#8230; vytrval\u00fd, bohat\u00fd na funkce a spolehliv\u00fd<br \/>\nSkl\u00e1dac\u00ed n\u016f\u017e s otev\u00edr\u00e1n\u00edm SAT SOG, nerezovou ocel\u00ed 7Cr15, hlin\u00edkovou a GRN rukojet\u00ed a reverzibiln\u00ed kapesn\u00ed sponou s n\u00edzkou nosnost\u00ed.<\/p>\n<p>NEREZOV\u00c1 OCEL 7CR15<br \/>\nOstr\u00e1 \u010depel z nerezov\u00e9 oceli 7Cr15 ostr\u00e1 jako b\u0159itva je funk\u010dn\u00ed a kr\u00e1sn\u00e1 z\u00e1rove\u0148.<\/p>\n<p>TECHNOLOGIE PODPOROVAN\u00c1 SOG<br \/>\nSAT zaji\u0161\u0165uje, \u017ee jednoduch\u00e9 zatla\u010den\u00ed na \u010dep palce vytla\u010d\u00ed \u010depel ven a bezpe\u010dn\u011b ji zajist\u00ed na m\u00edst\u011b.<\/p>\n<p>HLIN\u00cdKOV\u00c9 RUKOJETI<br \/>\nTvarovan\u00e9 eloxovan\u00e9 hlin\u00edkov\u00e9 rukojeti s texturovan\u00fdmi vlo\u017ekami GRN pro pohodl\u00ed a p\u0159ilnavost.<\/p>\n<p>HMOTNOST PRODUKTU : 3,50 oz<br \/>\nD\u00c9LKA \u010cEPELE : 8.5 cm<br \/>\nPRODUKTOV\u00c1 \u0158ADA : SideSwipe<br \/>\nTYP PRODUKTU : Skl\u00e1dac\u00ed n\u016f\u017e<br \/>\nTYP SPONY NA OPASEK : Reverzibiln\u00ed Low-Carry<br \/>\nTYP Z OCELOV\u00c9 \u010cEPELE : 7Cr15<br \/>\nTVAR \u010cEPELE : Clip Point<br \/>\nTVRDOST : RC 55-57<br \/>\nMATERI\u00c1L RUKOJETI : Hlin\u00edk<br \/>\nBARVA RUKOJETI : Gray eloxovan\u00fd<\/p>\n<p>&nbsp;<\/p>\n","protected":false},"excerpt":{"rendered":"<p>A\u0165 u\u017e chr\u00e1n\u00edte ostatn\u00ed nebo vedete epickou loveckou expedici, \u0159e\u0161\u00edte jednu z ka\u017edodenn\u00edch \u017eivotn\u00edch v\u00fdzev nebo se pot\u00fdk\u00e1te se sv\u00fdmi dosud nejextr\u00e9mn\u011bj\u0161\u00edmi podm\u00ednkami, ud\u011blejte si cestu se\u00a0<strong>SOG<\/strong>.<\/p>\n<p><strong>Na v\u0161echny no\u017ee SOG d\u00e1v\u00e1me do\u017eivotn\u00ed z\u00e1ruku!<\/strong><\/p>\n","protected":false},"featured_media":206093,"comment_status":"open","ping_status":"closed","template":"","meta":[],"pwb-brand":[591],"product_brand":[],"product_cat":[22,17],"product_tag":[3667],"class_list":{"0":"post-206092","1":"product","2":"type-product","3":"status-publish","4":"has-post-thumbnail","6":"pwb-brand-sog","7":"product_cat-zaviraci-noze","8":"product_cat-noze","9":"product_tag-b2b","11":"first","12":"instock","13":"taxable","14":"shipping-taxable","15":"purchasable","16":"product-type-simple"},"brands":[{"id":591,"name":"SOG","slug":"sog"}],"_links":{"self":[{"href":"https:\/\/www.moskito.cz\/de\/wp-json\/wp\/v2\/product\/206092","targetHints":{"allow":["GET"]}}],"collection":[{"href":"https:\/\/www.moskito.cz\/de\/wp-json\/wp\/v2\/product"}],"about":[{"href":"https:\/\/www.moskito.cz\/de\/wp-json\/wp\/v2\/types\/product"}],"replies":[{"embeddable":true,"href":"https:\/\/www.moskito.cz\/de\/wp-json\/wp\/v2\/comments?post=206092"}],"wp:featuredmedia":[{"embeddable":true,"href":"https:\/\/www.moskito.cz\/de\/wp-json\/wp\/v2\/media\/206093"}],"wp:attachment":[{"href":"https:\/\/www.moskito.cz\/de\/wp-json\/wp\/v2\/media?parent=206092"}],"wp:term":[{"taxonomy":"pwb-brand","embeddable":true,"href":"https:\/\/www.moskito.cz\/de\/wp-json\/wp\/v2\/pwb-brand?post=206092"},{"taxonomy":"product_brand","embeddable":true,"href":"https:\/\/www.moskito.cz\/de\/wp-json\/wp\/v2\/product_brand?post=206092"},{"taxonomy":"product_cat","embeddable":true,"href":"https:\/\/www.moskito.cz\/de\/wp-json\/wp\/v2\/product_cat?post=206092"},{"taxonomy":"product_tag","embeddable":true,"href":"https:\/\/www.moskito.cz\/de\/wp-json\/wp\/v2\/product_tag?post=206092"}],"curies":[{"name":"wp","href":"https:\/\/api.w.org\/{rel}","templated":true}]}}