{"id":206261,"date":"2021-10-01T21:31:01","date_gmt":"2021-10-01T20:31:01","guid":{"rendered":"https:\/\/www.moskito.cz\/?post_type=product&#038;p=206261"},"modified":"2025-05-07T10:36:02","modified_gmt":"2025-05-07T09:36:02","slug":"zaviraci-nuz-sog-vision-xr-black-straight-edge","status":"publish","type":"product","link":"https:\/\/www.moskito.cz\/de\/produkt\/zaviraci-nuz-sog-vision-xr-black-straight-edge\/","title":{"rendered":"Zav\u00edrac\u00ed N\u016f\u017e SOG VISION XR BLACK STRAIGHT EDGE"},"content":{"rendered":"<p>N\u00e1\u0161 p\u0159\u00edb\u011bh za\u010d\u00edn\u00e1 ve Vietnamu, kde \u010dlenov\u00e9 vysoce utajovan\u00e9 americk\u00e9 speci\u00e1ln\u00ed opera\u010dn\u00ed jednotky \u2013 zn\u00e1m\u00e9 jako MACV \u2013<strong>SOG<\/strong>\u00a0\u2013 nesli jedine\u010dn\u00fd tajn\u00fd n\u016f\u017e do d\u017eungle na skryt\u00fdch mis\u00edch. O n\u011bkolik let pozd\u011bji, v roce 1986, tento n\u016f\u017e inspiroval mlad\u00e9ho n\u00e1vrh\u00e1\u0159e jm\u00e9nem Spencer Frazer, aby zalo\u017eil speci\u00e1ln\u00ed no\u017ee<strong>\u00a0SOG<\/strong>. Jeho posl\u00e1n\u00ed: reprodukovat p\u016fvodn\u00ed n\u016f\u017e\u00a0<strong>SOG<\/strong>\u00a0Bowie a vzd\u00e1t hold speci\u00e1ln\u00ed opera\u010dn\u00ed jednotce, kter\u00e1 jej vytvo\u0159ila. To, co za\u010dalo jako jedin\u00fd pam\u011btn\u00ed model, se brzy stalo celou \u0159adou inovativn\u00edch n\u00e1stroj\u016f \u2013 osv\u011bd\u010den\u00fdch americk\u00fdmi speci\u00e1ln\u00edmi silami, dokonce ocen\u011bn\u00fdch jako vybran\u00fd n\u016f\u017e Navy SEAL. No\u017ee SOG se dnes s jistotou nos\u00ed do t\u011bch nejn\u00e1ro\u010dn\u011bj\u0161\u00edch situac\u00ed. Kovan\u00e9 z tradice, tvrzen\u00e9 v poli, pilovan\u00e9 pro v\u00e1s.<\/p>\n<p>A\u0165 u\u017e chr\u00e1n\u00edte ostatn\u00ed nebo vedete epickou loveckou expedici, \u0159e\u0161\u00edte jednu z ka\u017edodenn\u00edch \u017eivotn\u00edch v\u00fdzev nebo se pot\u00fdk\u00e1te se sv\u00fdmi dosud nejextr\u00e9mn\u011bj\u0161\u00edmi podm\u00ednkami, ud\u011blejte si cestu se\u00a0<strong>SOG<\/strong>.<\/p>\n<p>Zav\u00edrac\u00ed N\u016f\u017e <strong>SOG<\/strong> VISION XR BLACK STRAIGHT EDGE.<\/p>\n<p>Z\u00e1kladn\u00ed n\u00e1stroj pro profesion\u00e1ly, SOG Vision XR je vybaven 3,18palcovou kryogenicky tepeln\u011b zpracovanou \u010depel\u00ed Tanto z nerezov\u00e9 oceli CTS XHP pro zv\u00fd\u0161en\u00ed pevnosti a univerz\u00e1ln\u00edho pou\u017eit\u00ed a ultra p\u0159ilnavou rukojet\u00ed G10. SOG XR Lock\u00ae umo\u017e\u0148uje plynul\u00e9 oboustrann\u00e9 otev\u00edr\u00e1n\u00ed jednou rukou t\u0159emi r\u016fzn\u00fdmi zp\u016fsoby s inovativn\u00edm pevn\u00fdm z\u00e1mkem \u010depele, jakmile je otev\u0159en, a dod\u00e1v\u00e1 pocit a d\u016fv\u011bru jako pevn\u00e1 \u010depel. SOG Vision XR je na vrcholu v\u00fdkonu a schopnost\u00ed.<\/p>\n<p>VYROBENO PRO V\u00ddKON<br \/>\nZahrnuje vylep\u0161en\u00fd provoz otvoru \u010depele, pln\u011b oboustrann\u00fd provoz a konfiguraci v\u0161ech funkc\u00ed, vylep\u0161en\u00fd design \u010depele, v\u011bt\u0161\u00ed pohodl\u00ed ruky a vylep\u0161en\u00e9 materi\u00e1ly.<\/p>\n<p>\u00da\u010cELN\u00dd DESIGN<br \/>\nTato generace je navr\u017eena pro pevnost a spolehlivost s agresivn\u00ed rukojet\u00ed G10 a zcela oboustrann\u00fdm ovl\u00e1d\u00e1n\u00edm a snadn\u00fdm pou\u017e\u00edv\u00e1n\u00edm, s XR Lock a odolnou \u010depel\u00ed ve tvaru tanto.<\/p>\n<p>XR LOCK<br \/>\nSOG XR Lock\u00ae umo\u017e\u0148uje plynul\u00e9, kontrolovan\u00e9 otev\u00edr\u00e1n\u00ed jednou rukou, pokud je to zam\u00fd\u0161leno pomoc\u00ed otv\u00edra\u010de kop\u016f, \u010depu na palec nebo podr\u017een\u00edm z\u00e1mku a vyta\u017een\u00edm \u010depele. Poskytuje maxim\u00e1ln\u00ed vestav\u011bn\u00e9 zaji\u0161t\u011bn\u00ed \u010depel\u00ed p\u0159i otev\u0159en\u00ed, kter\u00e9 vydr\u017e\u00ed 1 500 liber s\u00edly.<\/p>\n<p>CRYO CTS XHP OCEL<br \/>\nOcel s vysokou tvrdost\u00ed a odolnost\u00ed proti korozi, kter\u00e1 je kryogenicky tepeln\u011b zpracov\u00e1na podle jedine\u010dn\u00fdch v\u00fdkonnostn\u00edch specifikac\u00ed SOG. CTS XHP poskytuje ide\u00e1ln\u00ed kombinaci uchov\u00e1n\u00ed hran a trvanlivosti pro n\u00e1ro\u010dn\u00e9 pou\u017eit\u00ed s \u200b\u200bminim\u00e1ln\u00ed \u00fadr\u017ebou.<\/p>\n<p>AMBIDEXTROUS DESIGN<br \/>\nNavr\u017eeno pro obouru\u010dn\u00ed pou\u017eit\u00ed jednou rukou, se v\u0161emi funkcemi p\u0159\u00edstupn\u00fdmi ob\u011bma rukama, v\u010detn\u011b reverzn\u00edho dr\u017e\u00e1ku klipu pro no\u0161en\u00ed vlevo nebo vpravo.<\/p>\n<p>CELKOV\u00c1 D\u00c9LKA : 20 cm<br \/>\nD\u00c9LKA \u010cEPELE : 8.5 cm<br \/>\nHMOTNOST : 4,40 oz<br \/>\nTYP Z OCELOV\u00c9 \u010cEPELE : CTS XHP<br \/>\nMATERI\u00c1L RUKOJETI : G10<br \/>\nBARVA RUKOJETI : \u010cern\u00e1<br \/>\nDOKON\u010cENI : \u010cern\u00fd nitrid titanu<br \/>\nMECHANISMUS ZAMYK\u00c1N\u00cd : XR<br \/>\nOTEV\u00cdRAC\u00cd MECHANISMUS : XR, Palec, Kick<br \/>\nTVAR \u010cEPELE : Tanto<br \/>\nTYP HRANY : Rovn\u00fd<\/p>\n<p>The essential tool for professionals, SOG Vision XR features a 3.18 inch cryogenically heat-treated CTS XHP stainless steel Tanto blade for increased strength and general purpose use, and ultra-grip G10 handle. SOG\u2019s XR Lock\u00ae enables smooth ambidextrous single-handed opening in three different ways with innovative solid blade-lock once open delivering fixed-blade-like feel and confidence. SOG Vision XR is at the peak of performance and capability.<\/p>\n<p>OVERALL LENGTH<br \/>\n8.01 in<br \/>\nCLOSED LENGTH<br \/>\n4.65 in<br \/>\nBLADE LENGTH<br \/>\n3.36 in<br \/>\nWEIGHT<br \/>\n4.40 oz<br \/>\nBLADE STEEL TYPE<br \/>\nCTS XHP<br \/>\nBLADE THICKNESS<br \/>\n0.12 in<br \/>\nHANDLE MATERIAL<br \/>\nG10<br \/>\nHANDLE COLOR<br \/>\nBlack<br \/>\nFINISH<br \/>\nBlack Titanium Nitride<br \/>\nLOCKING MECHANISM<br \/>\nXR<br \/>\nOPENING MECHANISM<br \/>\nXR, Thumb stud, Kick<br \/>\nBLADE SHAPE<br \/>\nTanto<br \/>\nEDGE TYPE<br \/>\nStraight<\/p>\n<p>&nbsp;<\/p>\n","protected":false},"excerpt":{"rendered":"<p>A\u0165 u\u017e chr\u00e1n\u00edte ostatn\u00ed nebo vedete epickou loveckou expedici, \u0159e\u0161\u00edte jednu z ka\u017edodenn\u00edch \u017eivotn\u00edch v\u00fdzev nebo se pot\u00fdk\u00e1te se sv\u00fdmi dosud nejextr\u00e9mn\u011bj\u0161\u00edmi podm\u00ednkami, ud\u011blejte si cestu se\u00a0<strong>SOG<\/strong>.<\/p>\n<p><strong>Na v\u0161echny no\u017ee SOG d\u00e1v\u00e1me do\u017eivotn\u00ed z\u00e1ruku!<\/strong><\/p>\n","protected":false},"featured_media":206262,"comment_status":"open","ping_status":"closed","template":"","meta":[],"pwb-brand":[591],"product_brand":[],"product_cat":[22,17],"product_tag":[3667],"class_list":{"0":"post-206261","1":"product","2":"type-product","3":"status-publish","4":"has-post-thumbnail","6":"pwb-brand-sog","7":"product_cat-zaviraci-noze","8":"product_cat-noze","9":"product_tag-b2b","11":"first","12":"instock","13":"taxable","14":"shipping-taxable","15":"purchasable","16":"product-type-simple"},"brands":[{"id":591,"name":"SOG","slug":"sog"}],"_links":{"self":[{"href":"https:\/\/www.moskito.cz\/de\/wp-json\/wp\/v2\/product\/206261","targetHints":{"allow":["GET"]}}],"collection":[{"href":"https:\/\/www.moskito.cz\/de\/wp-json\/wp\/v2\/product"}],"about":[{"href":"https:\/\/www.moskito.cz\/de\/wp-json\/wp\/v2\/types\/product"}],"replies":[{"embeddable":true,"href":"https:\/\/www.moskito.cz\/de\/wp-json\/wp\/v2\/comments?post=206261"}],"wp:featuredmedia":[{"embeddable":true,"href":"https:\/\/www.moskito.cz\/de\/wp-json\/wp\/v2\/media\/206262"}],"wp:attachment":[{"href":"https:\/\/www.moskito.cz\/de\/wp-json\/wp\/v2\/media?parent=206261"}],"wp:term":[{"taxonomy":"pwb-brand","embeddable":true,"href":"https:\/\/www.moskito.cz\/de\/wp-json\/wp\/v2\/pwb-brand?post=206261"},{"taxonomy":"product_brand","embeddable":true,"href":"https:\/\/www.moskito.cz\/de\/wp-json\/wp\/v2\/product_brand?post=206261"},{"taxonomy":"product_cat","embeddable":true,"href":"https:\/\/www.moskito.cz\/de\/wp-json\/wp\/v2\/product_cat?post=206261"},{"taxonomy":"product_tag","embeddable":true,"href":"https:\/\/www.moskito.cz\/de\/wp-json\/wp\/v2\/product_tag?post=206261"}],"curies":[{"name":"wp","href":"https:\/\/api.w.org\/{rel}","templated":true}]}}