{"id":206781,"date":"2021-10-17T10:02:51","date_gmt":"2021-10-17T09:02:51","guid":{"rendered":"https:\/\/www.moskito.cz\/?post_type=product&#038;p=206781"},"modified":"2026-02-03T17:13:28","modified_gmt":"2026-02-03T16:13:28","slug":"multifunkcni-kleste-sog-poweraccess-assist-mt-stonewash","status":"publish","type":"product","link":"https:\/\/www.moskito.cz\/de\/produkt\/multifunkcni-kleste-sog-poweraccess-assist-mt-stonewash\/","title":{"rendered":"Multifunk\u010dn\u00ed Kle\u0161t\u011b SOG POWERACCESS ASSIST MT STONEWASH PA3001-CP"},"content":{"rendered":"<h1 data-start=\"0\" data-end=\"71\">Multifunk\u010dn\u00ed kle\u0161t\u011b <strong data-start=\"22\" data-end=\"71\">SOG POWERACCESS ASSIST MT STONEWASH PA3001\u2011CP<\/strong><\/h1>\n<p data-start=\"73\" data-end=\"452\">Jakmile vezme\u0161 do ruky <strong data-start=\"96\" data-end=\"165\">multifunk\u010dn\u00ed kle\u0161t\u011b SOG POWERACCESS ASSIST MT STONEWASH PA3001\u2011CP<\/strong>, okam\u017eit\u011b poc\u00edt\u00ed\u0161, \u017ee dr\u017e\u00ed\u0161 n\u00e1stroj, kter\u00fd <strong data-start=\"209\" data-end=\"267\">kombinuje robustn\u00ed konstrukci s promy\u0161lenou funk\u010dnost\u00ed<\/strong>. Toto nen\u00ed jen dal\u0161\u00ed sada kle\u0161t\u00ed \u2013 je to <strong data-start=\"309\" data-end=\"330\">v\u00fdkonn\u00fd multitool<\/strong>, kter\u00fd zvl\u00e1dne n\u00e1ro\u010dn\u00e9 \u00fakoly p\u0159i outdoorov\u00fdch v\u00fdprav\u00e1ch, v d\u00edln\u011b, p\u0159i ka\u017edodenn\u00edm pou\u017e\u00edv\u00e1n\u00ed i p\u0159i rychl\u00e9 oprav\u011b v ter\u00e9nu.<\/p>\n<p data-start=\"454\" data-end=\"671\">Model <strong data-start=\"460\" data-end=\"485\">POWERACCESS ASSIST MT<\/strong> je ur\u010den pro ty, kdo cht\u011bj\u00ed <strong data-start=\"514\" data-end=\"548\">spolehliv\u00e9 a v\u0161estrann\u00e9 kle\u0161t\u011b<\/strong>, kter\u00e9 dr\u017e\u00ed v ruce dob\u0159e a nab\u00edz\u00ed <strong data-start=\"583\" data-end=\"621\">rychl\u00fd p\u0159\u00edstup k u\u017eite\u010dn\u00fdm funkc\u00edm<\/strong> bez kompromis\u016f v pevnosti, v\u00fddr\u017ei a prakti\u010dnosti.<\/p>\n<hr data-start=\"673\" data-end=\"676\" \/>\n<h2 data-start=\"678\" data-end=\"705\">\ud83d\udd25 Charakter a filozofie<\/h2>\n<p data-start=\"707\" data-end=\"1015\"><strong data-start=\"707\" data-end=\"736\">SOG POWERACCESS ASSIST MT<\/strong> je navr\u017een tak, aby byl co nejrychleji p\u0159ipraven k pr\u00e1ci. D\u00edky asistovan\u00e9mu otev\u00edr\u00e1n\u00ed n\u00e1stroj\u016f zvl\u00e1dne\u0161 b\u011bhem okam\u017eiku vyt\u00e1hnout to, co zrovna pot\u0159ebuje\u0161 \u2013 a to i jednou rukou. Celkov\u00e1 konstrukce je robustn\u00ed a pevn\u00e1, tak\u017ee n\u00e1stroj zvl\u00e1dne jak drobn\u00e9 \u00fakony, tak silov\u011bj\u0161\u00ed z\u00e1sahy.<\/p>\n<p data-start=\"1017\" data-end=\"1213\">Design je vyv\u00e1\u017een\u00fd mezi <strong data-start=\"1041\" data-end=\"1091\">taktickou prakti\u010dnost\u00ed a dlouhodobou odolnost\u00ed<\/strong>. Stonewash povrch dod\u00e1v\u00e1 n\u00e1stroji nen\u00e1padn\u00fd, odoln\u00fd vzhled, kter\u00fd z\u00e1rove\u0148 maskuje drobn\u00e9 \u0161kr\u00e1bance vznikl\u00e9 p\u0159i pou\u017e\u00edv\u00e1n\u00ed.<\/p>\n<hr data-start=\"1215\" data-end=\"1218\" \/>\n<h2 data-start=\"1220\" data-end=\"1235\">\ud83c\udfed O v\u00fdrobci<\/h2>\n<p data-start=\"1237\" data-end=\"1535\"><strong data-start=\"1237\" data-end=\"1271\">SOG (Specialty Knives &amp; Tools)<\/strong> je zna\u010dka s dlouholetou tradic\u00ed v\u00fdroby kvalitn\u00edch no\u017e\u016f a multifunk\u010dn\u00edch n\u00e1stroj\u016f. Jejich v\u00fdrobky jsou oce\u0148ov\u00e1ny pro <strong data-start=\"1388\" data-end=\"1434\">odolnost, spolehlivost a promy\u0161len\u00fd design<\/strong>, kter\u00fd se osv\u011bd\u010duje v n\u00e1ro\u010dn\u00fdch podm\u00ednk\u00e1ch \u2013 a\u0165 u\u017e v p\u0159\u00edrod\u011b, v d\u00edln\u011b nebo p\u0159i ka\u017edodenn\u00edch \u00fakolech.<\/p>\n<hr data-start=\"1537\" data-end=\"1540\" \/>\n<h2 data-start=\"1542\" data-end=\"1569\">\u2699\ufe0f Technick\u00e9 specifikace<\/h2>\n<div class=\"TyagGW_tableContainer\">\n<div class=\"group TyagGW_tableWrapper flex flex-col-reverse w-fit\" tabindex=\"-1\">\n<table class=\"w-fit min-w-(--thread-content-width)\" data-start=\"1571\" data-end=\"2100\">\n<thead data-start=\"1571\" data-end=\"1591\">\n<tr data-start=\"1571\" data-end=\"1591\">\n<th data-start=\"1571\" data-end=\"1580\" data-col-size=\"sm\">Parametr<\/th>\n<th data-start=\"1580\" data-end=\"1591\" data-col-size=\"md\">Hodnota<\/th>\n<\/tr>\n<\/thead>\n<tbody data-start=\"1602\" data-end=\"2100\">\n<tr data-start=\"1602\" data-end=\"1661\">\n<td data-start=\"1602\" data-end=\"1612\" data-col-size=\"sm\"><strong data-start=\"1602\" data-end=\"1611\">Model<\/strong><\/td>\n<td data-start=\"1612\" data-end=\"1661\" data-col-size=\"md\">SOG POWERACCESS ASSIST MT STONEWASH PA3001\u2011CP<\/td>\n<\/tr>\n<tr data-start=\"1662\" data-end=\"1705\">\n<td data-start=\"1662\" data-end=\"1670\" data-col-size=\"sm\"><strong data-start=\"1662\" data-end=\"1669\">Typ<\/strong><\/td>\n<td data-start=\"1670\" data-end=\"1705\" data-col-size=\"md\">Multifunk\u010dn\u00ed kle\u0161t\u011b (multitool)<\/td>\n<\/tr>\n<tr data-start=\"1706\" data-end=\"1765\">\n<td data-start=\"1706\" data-end=\"1730\" data-col-size=\"sm\"><strong data-start=\"1706\" data-end=\"1729\">Materi\u00e1l konstrukce<\/strong><\/td>\n<td data-start=\"1730\" data-end=\"1765\" data-col-size=\"md\">pevn\u00e1 ocel s stonewash povrchem<\/td>\n<\/tr>\n<tr data-start=\"1766\" data-end=\"1854\">\n<td data-start=\"1766\" data-end=\"1777\" data-col-size=\"sm\"><strong data-start=\"1766\" data-end=\"1776\">Funkce<\/strong><\/td>\n<td data-start=\"1777\" data-end=\"1854\" data-col-size=\"md\">plnohodnotn\u00e9 kle\u0161t\u011b + \u0159ada n\u00e1stroj\u016f (nap\u0159. no\u017ee, \u0161roubov\u00e1ky, piln\u00edk atd.)<\/td>\n<\/tr>\n<tr data-start=\"1855\" data-end=\"1887\">\n<td data-start=\"1855\" data-end=\"1880\" data-col-size=\"sm\"><strong data-start=\"1855\" data-end=\"1879\">Asistovan\u00e9 otev\u00edr\u00e1n\u00ed<\/strong><\/td>\n<td data-start=\"1880\" data-end=\"1887\" data-col-size=\"md\">ano<\/td>\n<\/tr>\n<tr data-start=\"1888\" data-end=\"1926\">\n<td data-start=\"1888\" data-end=\"1902\" data-col-size=\"sm\"><strong data-start=\"1888\" data-end=\"1901\">Ergonomie<\/strong><\/td>\n<td data-start=\"1902\" data-end=\"1926\" data-col-size=\"md\">ergonomick\u00e9 rukojeti<\/td>\n<\/tr>\n<tr data-start=\"1927\" data-end=\"1959\">\n<td data-start=\"1927\" data-end=\"1939\" data-col-size=\"sm\"><strong data-start=\"1927\" data-end=\"1938\">Pouzdro<\/strong><\/td>\n<td data-start=\"1939\" data-end=\"1959\" data-col-size=\"md\">taktick\u00e9 pouzdro<\/td>\n<\/tr>\n<tr data-start=\"1960\" data-end=\"2024\">\n<td data-start=\"1960\" data-end=\"1973\" data-col-size=\"sm\"><strong data-start=\"1960\" data-end=\"1972\">Hmotnost<\/strong><\/td>\n<td data-start=\"1973\" data-end=\"2024\" data-col-size=\"md\">robustn\u00ed konstrukce (st\u0159edn\u00ed a\u017e vy\u0161\u0161\u00ed hmotnost)<\/td>\n<\/tr>\n<tr data-start=\"2025\" data-end=\"2100\">\n<td data-start=\"2025\" data-end=\"2039\" data-col-size=\"sm\"><strong data-start=\"2025\" data-end=\"2038\">Kategorie<\/strong><\/td>\n<td data-start=\"2039\" data-end=\"2100\" data-col-size=\"md\">multifunk\u010dn\u00ed n\u00e1stroj \/ outdoor \/ d\u00edlna \/ ka\u017edodenn\u00ed pou\u017eit\u00ed<\/td>\n<\/tr>\n<\/tbody>\n<\/table>\n<\/div>\n<\/div>\n<p data-start=\"2102\" data-end=\"2180\"><em data-start=\"2102\" data-end=\"2180\">(P\u0159esn\u00e9 rozm\u011bry a seznam funkc\u00ed se mohou m\u00edrn\u011b li\u0161it podle v\u00fdrobn\u00edch s\u00e9ri\u00ed.)<\/em><\/p>\n<hr data-start=\"2182\" data-end=\"2185\" \/>\n<h2 data-start=\"2187\" data-end=\"2205\">\u2705 Hlavn\u00ed v\u00fdhody<\/h2>\n<ul data-start=\"2207\" data-end=\"2572\">\n<li data-start=\"2207\" data-end=\"2277\">\n<p data-start=\"2209\" data-end=\"2277\"><strong data-start=\"2209\" data-end=\"2242\">Asistovan\u00e9 otev\u00edr\u00e1n\u00ed n\u00e1stroj\u016f<\/strong> \u2013 rychl\u00e9 nasazen\u00ed i jednou rukou<\/p>\n<\/li>\n<li data-start=\"2278\" data-end=\"2343\">\n<p data-start=\"2280\" data-end=\"2343\"><strong data-start=\"2280\" data-end=\"2303\">Robustn\u00ed konstrukce<\/strong> \u2013 pevnost a odolnost p\u0159i tvrd\u0161\u00ed pr\u00e1ci<\/p>\n<\/li>\n<li data-start=\"2344\" data-end=\"2415\">\n<p data-start=\"2346\" data-end=\"2415\"><strong data-start=\"2346\" data-end=\"2366\">Stonewash povrch<\/strong> \u2013 sni\u017euje viditelnost od\u011brek, zvy\u0161uje odolnost<\/p>\n<\/li>\n<li data-start=\"2416\" data-end=\"2513\">\n<p data-start=\"2418\" data-end=\"2513\"><strong data-start=\"2418\" data-end=\"2441\">V\u0161estrann\u00e9 n\u00e1stroje<\/strong> \u2013 \u0161ir\u0161\u00ed spektrum pou\u017eit\u00ed: od \u0161roubov\u00e1k\u016f, piln\u00edk\u016f a\u017e po ost\u0159\u00ed a kle\u0161t\u011b<\/p>\n<\/li>\n<li data-start=\"2514\" data-end=\"2572\">\n<p data-start=\"2516\" data-end=\"2572\"><strong data-start=\"2516\" data-end=\"2540\">Ergonomick\u00e9 rukojeti<\/strong> \u2013 jist\u00fd \u00fachop i p\u0159i del\u0161\u00ed pr\u00e1ci<\/p>\n<\/li>\n<\/ul>\n<hr data-start=\"2574\" data-end=\"2577\" \/>\n<h2 data-start=\"2579\" data-end=\"2598\">\u26a0\ufe0f Mo\u017en\u00e1 omezen\u00ed<\/h2>\n<ul data-start=\"2600\" data-end=\"2810\">\n<li data-start=\"2600\" data-end=\"2671\">\n<p data-start=\"2602\" data-end=\"2671\"><strong data-start=\"2602\" data-end=\"2620\">Vy\u0161\u0161\u00ed hmotnost<\/strong> \u2013 oproti leh\u010d\u00edm multitool\u016fm m\u016f\u017ee b\u00fdt t\u011b\u017e\u0161\u00ed nosit<\/p>\n<\/li>\n<li data-start=\"2672\" data-end=\"2744\">\n<p data-start=\"2674\" data-end=\"2744\"><strong data-start=\"2674\" data-end=\"2696\">Komplexnost funkc\u00ed<\/strong> \u2013 pro n\u011bkoho m\u016f\u017ee b\u00fdt po\u010det n\u00e1stroj\u016f zbyte\u010dn\u00fd<\/p>\n<\/li>\n<li data-start=\"2745\" data-end=\"2810\">\n<p data-start=\"2747\" data-end=\"2810\"><strong data-start=\"2747\" data-end=\"2778\">Design orientovan\u00fd na v\u00fdkon<\/strong> \u2013 nemus\u00ed vyhovovat minimalist\u016fm<\/p>\n<\/li>\n<\/ul>\n<hr data-start=\"2812\" data-end=\"2815\" \/>\n<h2 data-start=\"2817\" data-end=\"2837\">\ud83d\udee0\ufe0f \u00dadr\u017eba a p\u00e9\u010de<\/h2>\n<ul data-start=\"2839\" data-end=\"3267\">\n<li data-start=\"2839\" data-end=\"2929\">\n<p data-start=\"2841\" data-end=\"2929\">Po pou\u017eit\u00ed n\u00e1stroje o\u010disti a osu\u0161i jednotliv\u00e9 \u010d\u00e1sti, aby se zachovala dlouh\u00e1 \u017eivotnost<\/p>\n<\/li>\n<li data-start=\"2930\" data-end=\"2998\">\n<p data-start=\"2932\" data-end=\"2998\">Pohybliv\u00e9 \u010d\u00e1sti ob\u010das jemn\u011b nama\u017e olejem, aby se zamezilo korozi<\/p>\n<\/li>\n<li data-start=\"2999\" data-end=\"3052\">\n<p data-start=\"3001\" data-end=\"3052\">Ulo\u017e n\u00e1stroj na such\u00e9 m\u00edsto, kde nep\u016fsob\u00ed vlhkost<\/p>\n<\/li>\n<li data-start=\"3053\" data-end=\"3267\">\n<p data-start=\"3055\" data-end=\"3267\">Pokud n\u00e1stroj obsahuje ost\u0159\u00ed (nap\u0159. n\u016f\u017e), udr\u017euj ho ostr\u00e9 \u2013 doporu\u010dujeme <strong data-start=\"3128\" data-end=\"3194\">Spyderco Tri\u2011Angle Sharpmaker Complete Sharpening System 204MF<\/strong> \u2013 ide\u00e1ln\u00ed i pro hladk\u00e1 ost\u0159\u00ed. \ud83d\uded2 Koup\u00ed\u0161 na na\u0161ich str\u00e1nk\u00e1ch Moskito.cz<\/p>\n<\/li>\n<\/ul>\n<hr data-start=\"3269\" data-end=\"3272\" \/>\n<h2 data-start=\"3274\" data-end=\"3294\">\ud83c\udfaf Doporu\u010deno pro<\/h2>\n<ul data-start=\"3296\" data-end=\"3519\">\n<li data-start=\"3296\" data-end=\"3330\">\n<p data-start=\"3298\" data-end=\"3330\">Outdoorov\u00e9 a survival aktivity<\/p>\n<\/li>\n<li data-start=\"3331\" data-end=\"3365\">\n<p data-start=\"3333\" data-end=\"3365\">D\u00edlensk\u00e9 \u00fakony a rychl\u00e9 opravy<\/p>\n<\/li>\n<li data-start=\"3366\" data-end=\"3449\">\n<p data-start=\"3368\" data-end=\"3449\">Ka\u017edodenn\u00ed no\u0161en\u00ed pro u\u017eivatele, kte\u0159\u00ed cht\u011bj\u00ed m\u00edt v\u00edce funkc\u00ed v jednom n\u00e1stroji<\/p>\n<\/li>\n<li data-start=\"3450\" data-end=\"3519\">\n<p data-start=\"3452\" data-end=\"3519\">V\u0161echny situace, kde je pot\u0159eba <strong data-start=\"3484\" data-end=\"3519\">rychl\u00e1 a spolehliv\u00e1 multifunkce<\/strong><\/p>\n<\/li>\n<\/ul>\n<hr data-start=\"3521\" data-end=\"3524\" \/>\n<h2 data-start=\"3526\" data-end=\"3550\">\u2b50 Z\u00e1v\u011bre\u010dn\u00e9 hodnocen\u00ed<\/h2>\n<p data-start=\"3552\" data-end=\"3860\"><strong data-start=\"3552\" data-end=\"3601\">SOG POWERACCESS ASSIST MT STONEWASH PA3001\u2011CP<\/strong> je <strong data-start=\"3605\" data-end=\"3656\">robustn\u00ed, v\u0161estrann\u00fd a dob\u0159e vyv\u00e1\u017een\u00fd multitool<\/strong>, kter\u00fd kombinuje <strong data-start=\"3674\" data-end=\"3736\">rychl\u00e9 asistovan\u00e9 otev\u00edr\u00e1n\u00ed s v\u00fdbavou praktick\u00fdch n\u00e1stroj\u016f<\/strong>. Je to n\u00e1stroj, kter\u00fd zvl\u00e1dne n\u00e1ro\u010dn\u00e9 \u00fakoly jak v ter\u00e9nu, tak ve tv\u00e9 d\u00edln\u011b, na v\u00fdprav\u00e1ch i p\u0159i b\u011b\u017en\u00fdch oprav\u00e1ch kolem domu.<\/p>\n<p data-start=\"3862\" data-end=\"3962\">Tento multitool je <strong data-start=\"3881\" data-end=\"3954\">spolehliv\u00fd, siln\u00fd a p\u0159ipraven\u00fd k okam\u017eit\u00e9mu pou\u017eit\u00ed \u2013 bez kompromis\u016f.<\/strong> \ud83d\udee0\ufe0f\ud83d\udd25<\/p>\n<p>&nbsp;<\/p>\n<p><iframe title=\"PowerAccess Assist MT\" width=\"800\" height=\"450\" src=\"https:\/\/www.youtube.com\/embed\/36t254CorWk?feature=oembed\" frameborder=\"0\" allow=\"accelerometer; autoplay; clipboard-write; encrypted-media; gyroscope; picture-in-picture; web-share\" referrerpolicy=\"strict-origin-when-cross-origin\" allowfullscreen><\/iframe><\/p>\n<p>&nbsp;<\/p>\n<p>&nbsp;<\/p>\n","protected":false},"excerpt":{"rendered":"<p>A\u0165 u\u017e chr\u00e1n\u00edte ostatn\u00ed nebo vedete epickou loveckou expedici, \u0159e\u0161\u00edte jednu z ka\u017edodenn\u00edch \u017eivotn\u00edch v\u00fdzev nebo se pot\u00fdk\u00e1te se sv\u00fdmi dosud nejextr\u00e9mn\u011bj\u0161\u00edmi podm\u00ednkami, ud\u011blejte si cestu se\u00a0<strong>SOG<\/strong>.<\/p>\n<p><strong>Na v\u0161echny no\u017ee SOG d\u00e1v\u00e1me do\u017eivotn\u00ed z\u00e1ruku!<\/strong><\/p>\n","protected":false},"featured_media":206782,"comment_status":"open","ping_status":"closed","template":"","meta":[],"pwb-brand":[591],"product_brand":[],"product_cat":[50],"product_tag":[3667],"class_list":{"0":"post-206781","1":"product","2":"type-product","3":"status-publish","4":"has-post-thumbnail","6":"pwb-brand-sog","7":"product_cat-multi-tool","8":"product_tag-b2b","10":"first","11":"instock","12":"taxable","13":"shipping-taxable","14":"purchasable","15":"product-type-simple"},"brands":[{"id":591,"name":"SOG","slug":"sog"}],"_links":{"self":[{"href":"https:\/\/www.moskito.cz\/de\/wp-json\/wp\/v2\/product\/206781","targetHints":{"allow":["GET"]}}],"collection":[{"href":"https:\/\/www.moskito.cz\/de\/wp-json\/wp\/v2\/product"}],"about":[{"href":"https:\/\/www.moskito.cz\/de\/wp-json\/wp\/v2\/types\/product"}],"replies":[{"embeddable":true,"href":"https:\/\/www.moskito.cz\/de\/wp-json\/wp\/v2\/comments?post=206781"}],"wp:featuredmedia":[{"embeddable":true,"href":"https:\/\/www.moskito.cz\/de\/wp-json\/wp\/v2\/media\/206782"}],"wp:attachment":[{"href":"https:\/\/www.moskito.cz\/de\/wp-json\/wp\/v2\/media?parent=206781"}],"wp:term":[{"taxonomy":"pwb-brand","embeddable":true,"href":"https:\/\/www.moskito.cz\/de\/wp-json\/wp\/v2\/pwb-brand?post=206781"},{"taxonomy":"product_brand","embeddable":true,"href":"https:\/\/www.moskito.cz\/de\/wp-json\/wp\/v2\/product_brand?post=206781"},{"taxonomy":"product_cat","embeddable":true,"href":"https:\/\/www.moskito.cz\/de\/wp-json\/wp\/v2\/product_cat?post=206781"},{"taxonomy":"product_tag","embeddable":true,"href":"https:\/\/www.moskito.cz\/de\/wp-json\/wp\/v2\/product_tag?post=206781"}],"curies":[{"name":"wp","href":"https:\/\/api.w.org\/{rel}","templated":true}]}}