{"id":207368,"date":"2021-10-28T21:28:00","date_gmt":"2021-10-28T20:28:00","guid":{"rendered":"https:\/\/www.moskito.cz\/?post_type=product&#038;p=207368"},"modified":"2025-05-07T10:36:09","modified_gmt":"2025-05-07T09:36:09","slug":"vystrelovaci-nuz-microtech-dirac-satin-225-4","status":"publish","type":"product","link":"https:\/\/www.moskito.cz\/de\/produkt\/vystrelovaci-nuz-microtech-dirac-satin-225-4\/","title":{"rendered":"Vyst\u0159elovac\u00ed N\u016f\u017e Microtech DIRAC Satin 225-4"},"content":{"rendered":"<p>Vyst\u0159elovac\u00ed N\u016f\u017e <strong>Microtech<\/strong> DIRAC Satin 225-4.<\/p>\n<p>Microtech no\u017ee | Dirac<br \/>\nDirac je prvn\u00ed dvou\u010dinn\u00fd n\u016f\u017e spole\u010dnosti Microtech s jezdcem pro vyst\u0159elov\u00e1n\u00ed krytu. Navrhli ergonomickou rukoje\u0165 se zak\u0159iven\u00fdmi liniemi podobn\u00fdmi H.A.L.O. pro trochu jin\u00fd pocit ve srovn\u00e1n\u00ed s jejich jin\u00fdmi rukoje\u0165mi. Po prozkoum\u00e1n\u00ed tohoto konkr\u00e9tn\u00edho O.T.F. Microtech aplikoval sv\u00e9 typick\u00e9 vlastnosti s ultra vysokou toleranc\u00ed, jako je propriet\u00e1rn\u00ed hardware, inovativn\u00ed vnit\u0159n\u00ed mechanismus a rozb\u00edje\u010d skla. S celkovou d\u00e9lkou 7,25 palce je zcela nov\u00fd Dirac tak akor\u00e1t pro ka\u017edodenn\u00ed n\u016f\u017e.<\/p>\n<p>Celkov\u00e1 d\u00e9lka: 184 mm<br \/>\nD\u00e9lka \u010depele: 274 mm<br \/>\nD\u00e9lka \u0159ezn\u00e9 hrany: 67 mm<br \/>\nTlou\u0161\u0165ka \u010depele: 2 mm<br \/>\nPovrchov\u00e1 \u00faprava \u010depele: sat\u00e9n<br \/>\nMateri\u00e1l rukojeti: \u010dern\u00fd hlin\u00edk<br \/>\nTlou\u0161\u0165ka rukojeti: 11 mm<br \/>\nKapesn\u00ed klip: Tip-Down<br \/>\nHmotnost: 2,29 oz (64,92 g)<br \/>\nV\u00fdrobce Ref. #: 225-4<br \/>\nZem\u011b p\u016fvodu: USA<\/p>\n<p>&nbsp;<\/p>\n<p>Po\u010d\u00ednaje rokem 1994 byla z bytu a pozd\u011bji skladi\u0161t\u011b ve Vero Beach na Florid\u011b vytvo\u0159ena spole\u010dnost Microtech Knives. O v\u00edce ne\u017e 20 let pozd\u011bji, nyn\u00ed se s\u00eddlem v z\u00e1padn\u00ed Severn\u00ed Karol\u00edn\u011b, Microtech Knives p\u016fsob\u00ed se stejn\u00fdm posl\u00e1n\u00edm v pop\u0159ed\u00ed v\u0161eho, co d\u011bl\u00e1me. V pr\u016fb\u011bhu v\u00fdvoje r\u016fstu a zm\u011bn je na\u0161\u00edm c\u00edlem udr\u017eovat nejvy\u0161\u0161\u00ed mo\u017en\u00e9 standardy kvality. Microtech vyu\u017e\u00edv\u00e1 v\u00fdhradn\u011b americkou v\u00fdrobu, materi\u00e1ly a pr\u00e1ci. Ka\u017ed\u00e1 sou\u010d\u00e1st, kterou pou\u017e\u00edv\u00e1me, je vyv\u00edjena ve Spojen\u00fdch st\u00e1tech a v\u00edce ne\u017e 95 % v\u0161ech na\u0161ich sou\u010d\u00e1st\u00ed vyr\u00e1b\u00edme intern\u011b, p\u0159\u00edmo n\u00e1mi. Proto\u017ee pou\u017e\u00edv\u00e1me pouze materi\u00e1ly nejvy\u0161\u0161\u00ed kvality, a abychom zajistili n\u00e1\u0161 z\u00e1vazek k dokonalosti, je ka\u017ed\u00fd n\u016f\u017e Microtech podpo\u0159en na\u0161\u00ed do\u017eivotn\u00ed z\u00e1rukou. Ka\u017ed\u00fd n\u016f\u017e vyroben\u00fd v na\u0161\u00ed provozovn\u011b je brou\u0161en ru\u010dn\u011b. P\u0159\u00edsn\u00e9 testov\u00e1n\u00ed, v\u00fdzkum a v\u00fdvoj zaji\u0161\u0165uj\u00ed, \u017ee spl\u0148ujeme bezvadn\u011b \u00fazk\u00e9 tolerance a extr\u00e9mn\u011b vysok\u00e9 standardy kvality. Na\u0161\u00edm c\u00edlem je neust\u00e1le se vyv\u00edjet a posouvat hranice o\u010dek\u00e1v\u00e1n\u00ed a dod\u00e1vat produkty, kter\u00e9 nastavuj\u00ed standard pro p\u0159esn\u00e9 p\u0159\u00edbory. Od n\u00e1s v\u0161ech z rodiny Microtech d\u011bkujeme ka\u017ed\u00e9mu z na\u0161ich z\u00e1kazn\u00edk\u016f a tak\u00e9 t\u011bm, kte\u0159\u00ed n\u00e1m a na\u0161\u00ed zemi slou\u017e\u00ed prost\u0159ednictv\u00edm arm\u00e1dy Spojen\u00fdch st\u00e1t\u016f americk\u00fdch, donucovac\u00edch org\u00e1n\u016f a slu\u017eeb prvn\u00edho z\u00e1sahu. N\u00e1\u0161 program servisn\u00edch pracovn\u00edk\u016f, navr\u017een\u00fd p\u0159esn\u011b z tohoto d\u016fvodu, si klade za c\u00edl poskytovat nejlep\u0161\u00ed mo\u017en\u00e9 n\u00e1stroje t\u011bm, kte\u0159\u00ed na n\u011b nejv\u00edce spol\u00e9haj\u00ed. D\u00edky va\u0161emu z\u00e1vazku k nekompromisn\u00ed kvalit\u011b jsme schopni plnit na\u0161e posl\u00e1n\u00ed vytv\u00e1\u0159et nejlep\u0161\u00ed \u0159ezn\u00e9 n\u00e1stroje na sv\u011bt\u011b. Na\u0161\u00edm c\u00edlem je neust\u00e1le se vyv\u00edjet a posouvat hranice o\u010dek\u00e1v\u00e1n\u00ed a dod\u00e1vat produkty, kter\u00e9 nastavuj\u00ed standard pro p\u0159esn\u00e9 p\u0159\u00edbory. Od n\u00e1s v\u0161ech z rodiny Microtech d\u011bkujeme ka\u017ed\u00e9mu z na\u0161ich z\u00e1kazn\u00edk\u016f a tak\u00e9 t\u011bm, kte\u0159\u00ed n\u00e1m a na\u0161\u00ed zemi slou\u017e\u00ed prost\u0159ednictv\u00edm arm\u00e1dy Spojen\u00fdch st\u00e1t\u016f americk\u00fdch, donucovac\u00edch org\u00e1n\u016f a slu\u017eeb prvn\u00edho z\u00e1sahu. N\u00e1\u0161 program servisn\u00edch pracovn\u00edk\u016f, navr\u017een\u00fd p\u0159esn\u011b z tohoto d\u016fvodu, si klade za c\u00edl poskytovat nejlep\u0161\u00ed mo\u017en\u00e9 n\u00e1stroje t\u011bm, kte\u0159\u00ed na n\u011b nejv\u00edce spol\u00e9haj\u00ed. D\u00edky va\u0161emu z\u00e1vazku k nekompromisn\u00ed kvalit\u011b jsme schopni plnit na\u0161e posl\u00e1n\u00ed vytv\u00e1\u0159et nejlep\u0161\u00ed \u0159ezn\u00e9 n\u00e1stroje na sv\u011bt\u011b. Na\u0161\u00edm c\u00edlem je neust\u00e1le se vyv\u00edjet a posouvat hranice o\u010dek\u00e1v\u00e1n\u00ed a dod\u00e1vat produkty, kter\u00e9 nastavuj\u00ed standard pro p\u0159esn\u00e9 p\u0159\u00edbory. Od n\u00e1s v\u0161ech z rodiny Microtech d\u011bkujeme ka\u017ed\u00e9mu z na\u0161ich z\u00e1kazn\u00edk\u016f a tak\u00e9 t\u011bm, kte\u0159\u00ed n\u00e1m a na\u0161\u00ed zemi slou\u017e\u00ed prost\u0159ednictv\u00edm arm\u00e1dy Spojen\u00fdch st\u00e1t\u016f americk\u00fdch, donucovac\u00edch org\u00e1n\u016f a slu\u017eeb prvn\u00edho z\u00e1sahu. N\u00e1\u0161 program servisn\u00edch pracovn\u00edk\u016f, navr\u017een\u00fd p\u0159esn\u011b z tohoto d\u016fvodu, si klade za c\u00edl poskytovat nejlep\u0161\u00ed mo\u017en\u00e9 n\u00e1stroje t\u011bm, kte\u0159\u00ed na n\u011b nejv\u00edce spol\u00e9haj\u00ed. D\u00edky va\u0161emu z\u00e1vazku k nekompromisn\u00ed kvalit\u011b jsme schopni plnit na\u0161e posl\u00e1n\u00ed vytv\u00e1\u0159et nejlep\u0161\u00ed \u0159ezn\u00e9 n\u00e1stroje na sv\u011bt\u011b. stejn\u011b jako ti, kte\u0159\u00ed n\u00e1m a na\u0161\u00ed zemi slou\u017e\u00ed prost\u0159ednictv\u00edm arm\u00e1dy Spojen\u00fdch st\u00e1t\u016f americk\u00fdch, donucovac\u00edch org\u00e1n\u016f a slu\u017eeb prvn\u00edho z\u00e1sahu. N\u00e1\u0161 program servisn\u00edch pracovn\u00edk\u016f, navr\u017een\u00fd p\u0159esn\u011b z tohoto d\u016fvodu, si klade za c\u00edl poskytovat nejlep\u0161\u00ed mo\u017en\u00e9 n\u00e1stroje t\u011bm, kte\u0159\u00ed na n\u011b nejv\u00edce spol\u00e9haj\u00ed. D\u00edky va\u0161emu z\u00e1vazku k nekompromisn\u00ed kvalit\u011b jsme schopni plnit na\u0161e posl\u00e1n\u00ed vytv\u00e1\u0159et nejlep\u0161\u00ed \u0159ezn\u00e9 n\u00e1stroje na sv\u011bt\u011b. stejn\u011b jako ti, kte\u0159\u00ed n\u00e1m a na\u0161\u00ed zemi slou\u017e\u00ed prost\u0159ednictv\u00edm arm\u00e1dy Spojen\u00fdch st\u00e1t\u016f americk\u00fdch, donucovac\u00edch org\u00e1n\u016f a slu\u017eeb prvn\u00edho z\u00e1sahu. N\u00e1\u0161 program servisn\u00edch pracovn\u00edk\u016f, navr\u017een\u00fd p\u0159esn\u011b z tohoto d\u016fvodu, si klade za c\u00edl poskytovat nejlep\u0161\u00ed mo\u017en\u00e9 n\u00e1stroje t\u011bm, kte\u0159\u00ed na n\u011b nejv\u00edce spol\u00e9haj\u00ed. D\u00edky va\u0161emu z\u00e1vazku k nekompromisn\u00ed kvalit\u011b jsme schopni plnit na\u0161e posl\u00e1n\u00ed vytv\u00e1\u0159et nejlep\u0161\u00ed \u0159ezn\u00e9 n\u00e1stroje na sv\u011bt\u011b.<\/p>\n<p>&nbsp;<\/p>\n<p>The Dirac is Microtech&#8217;s first double action knife with a cover firing slider. They designed the ergonomic chassis with curved lines similar to the H.A.L.O. for a slightly different feel, compared to their other handles. After researching this particular O.T.F. design, Microtech applied their signature ultra-high tolerance features such as proprietary hardware, innovative internal mechanism, and glass breaker. With an overall length of 7.25 inches, the all-new Dirac is just right for an everyday knife.<\/p>\n<p>Overall Length: 7.25&#8243; (184mm)<br \/>\nBlade Length: 2.92&#8243; (74mm)<br \/>\nCutting Edge Length: 2.64&#8243; (67mm)<br \/>\nBlade Thickness: 0.079&#8243; (2mm)<br \/>\nBlade Finish: Satin<br \/>\nHandle Material: Black Aluminum<br \/>\nHandle Thickness: 0.44&#8243; (11mm)<br \/>\nPocket Clip: Tip-Down<br \/>\nWeight: 2.29oz (64.92g)<br \/>\nManufacturer Ref. #: 225-4<br \/>\nCountry of Origin: USA<\/p>\n","protected":false},"excerpt":{"rendered":"<p>V pr\u016fb\u011bhu let M<strong>icrotech\u00ae Knives<\/strong>\u00a0naplnil v\u00e1\u0161n\u00ed a dovednost\u00ed v\u00fdrobu no\u017e\u016f, a\u017e z nich vytvo\u0159il t\u00e9m\u011b\u0159 um\u011bleck\u00e1 d\u00edla,kter\u00e9 jsou vrcholem funk\u010dnosti. V\u0161echny d\u00edly jsou vyrodeny v USA.<br \/>\n<strong>Na v\u0161echny no\u017ee Microtech je do\u017eivotn\u00ed z\u00e1ruka.<\/strong><\/p>\n<p><strong>Doprava zdarma.<\/strong><\/p>\n","protected":false},"featured_media":207369,"comment_status":"open","ping_status":"closed","template":"","meta":[],"pwb-brand":[431],"product_brand":[],"product_cat":[2019,17],"product_tag":[3667],"class_list":{"0":"post-207368","1":"product","2":"type-product","3":"status-publish","4":"has-post-thumbnail","6":"pwb-brand-microtech","7":"product_cat-vystrelovaci-noze","8":"product_cat-noze","9":"product_tag-b2b","11":"first","12":"outofstock","13":"taxable","14":"shipping-taxable","15":"purchasable","16":"product-type-simple"},"brands":[{"id":431,"name":"Microtech","slug":"microtech"}],"_links":{"self":[{"href":"https:\/\/www.moskito.cz\/de\/wp-json\/wp\/v2\/product\/207368","targetHints":{"allow":["GET"]}}],"collection":[{"href":"https:\/\/www.moskito.cz\/de\/wp-json\/wp\/v2\/product"}],"about":[{"href":"https:\/\/www.moskito.cz\/de\/wp-json\/wp\/v2\/types\/product"}],"replies":[{"embeddable":true,"href":"https:\/\/www.moskito.cz\/de\/wp-json\/wp\/v2\/comments?post=207368"}],"wp:featuredmedia":[{"embeddable":true,"href":"https:\/\/www.moskito.cz\/de\/wp-json\/wp\/v2\/media\/207369"}],"wp:attachment":[{"href":"https:\/\/www.moskito.cz\/de\/wp-json\/wp\/v2\/media?parent=207368"}],"wp:term":[{"taxonomy":"pwb-brand","embeddable":true,"href":"https:\/\/www.moskito.cz\/de\/wp-json\/wp\/v2\/pwb-brand?post=207368"},{"taxonomy":"product_brand","embeddable":true,"href":"https:\/\/www.moskito.cz\/de\/wp-json\/wp\/v2\/product_brand?post=207368"},{"taxonomy":"product_cat","embeddable":true,"href":"https:\/\/www.moskito.cz\/de\/wp-json\/wp\/v2\/product_cat?post=207368"},{"taxonomy":"product_tag","embeddable":true,"href":"https:\/\/www.moskito.cz\/de\/wp-json\/wp\/v2\/product_tag?post=207368"}],"curies":[{"name":"wp","href":"https:\/\/api.w.org\/{rel}","templated":true}]}}