{"id":210768,"date":"2022-01-16T20:46:42","date_gmt":"2022-01-16T19:46:42","guid":{"rendered":"https:\/\/www.moskito.cz\/?post_type=product&#038;p=210768"},"modified":"2025-05-07T10:37:13","modified_gmt":"2025-05-07T09:37:13","slug":"vystrelovaci-nuz-microtech-exocet-money-clip-apocalyptic-157-3obs","status":"publish","type":"product","link":"https:\/\/www.moskito.cz\/de\/produkt\/vystrelovaci-nuz-microtech-exocet-money-clip-apocalyptic-157-3obs\/","title":{"rendered":"Vyst\u0159elovac\u00ed N\u016f\u017e Microtech Exocet Money Clip Apocalyptic 157-3OBS"},"content":{"rendered":"<p>Model <strong>Exocet<\/strong> m\u00e1 \u010depel ve tvaru d\u00fdky s eloxovanou hlin\u00edkovou rukojet\u00ed.<\/p>\n<p><strong>Exocet<\/strong> je robustn\u00ed automat Cali-Legal OTF od v\u00fdrobce no\u017e\u016f Microtech. N\u016f\u017e m\u00e1 \u0161irokou \u010depel s dvojitou hranou a eloxovanou hlin\u00edkovou rukoje\u0165 s palcovou pojistkou. Z\u00edskejte v\u00fdkon\u00fd Microtech v kompaktn\u00edm balen\u00ed Exocet. N\u016f\u017e m\u00e1 velkou \u0161irokou kapesn\u00ed sponu, tak\u017ee ji m\u016f\u017eete m\u00edt p\u0159ipnutou uvnit\u0159 kapsy nebo ji pou\u017e\u00edt jako super cool sponu na pen\u00edze. P\u0159idejte tento v\u0161estrann\u00fd n\u016f\u017e do sv\u00e9 sb\u00edrky je\u0161t\u011b dnes!<\/p>\n<p>Vyst\u0159elovac\u00ed N\u016f\u017e <strong>Microtech<\/strong> Exocet Money Clip Apocalyptic 157-3OBS<\/p>\n<p>Hlin\u00edkov\u00e1 rukoje\u0165<br \/>\n\u010cepel z ocelov\u00e9ho d\u00fdka CTS-204P.<br \/>\nOvl\u00e1d\u00e1n\u00ed jedn\u00edm palcem<br \/>\nOboustrann\u00fd kapesn\u00ed klip, kter\u00fd funguje jako klip na pen\u00edze.<\/p>\n<p>D\u00e9lka \u010depele: 5 cm<br \/>\nCelkov\u00e1 d\u00e9lka no\u017ee: 13.5 cm<br \/>\nTlou\u0161\u0165ka \u010depele: 0,15 cm<br \/>\nMateri\u00e1l \u010depele: CTS-204P<br \/>\nStyl \u010depele: D\u00fdka<\/p>\n<p><iframe title=\"Microtech Combat Troodon Torture Test\" width=\"800\" height=\"450\" src=\"https:\/\/www.youtube.com\/embed\/xE9TeOFYEjg?feature=oembed\" frameborder=\"0\" allow=\"accelerometer; autoplay; clipboard-write; encrypted-media; gyroscope; picture-in-picture; web-share\" referrerpolicy=\"strict-origin-when-cross-origin\" allowfullscreen><\/iframe><\/p>\n<p>&nbsp;<\/p>\n","protected":false},"excerpt":{"rendered":"<p>V pr\u016fb\u011bhu let\u00a0<strong>Microtech\u00ae<\/strong>\u00a0Knives naplnil v\u00e1\u0161n\u00ed a dovednost\u00ed v\u00fdrobu no\u017e\u016f, a\u017e z nich vytvo\u0159il t\u00e9m\u011b\u0159 um\u011bleck\u00e1 d\u00edla,kter\u00e9 jsou vrcholem funk\u010dnosti. I nad\u00e1le posouv\u00e1 hranice a vylep\u0161uje je.V\u0161echny d\u00edly jsou vyrodeny v USA.<br \/>\n<strong>Na v\u0161echny no\u017ee Microtech je do\u017eivotn\u00ed z\u00e1ruka.<\/strong><\/p>\n<p><strong>Doprava zdarma.<\/strong><\/p>\n","protected":false},"featured_media":210769,"comment_status":"open","ping_status":"closed","template":"","meta":[],"pwb-brand":[431],"product_brand":[],"product_cat":[2019,17],"product_tag":[3667],"class_list":{"0":"post-210768","1":"product","2":"type-product","3":"status-publish","4":"has-post-thumbnail","6":"pwb-brand-microtech","7":"product_cat-vystrelovaci-noze","8":"product_cat-noze","9":"product_tag-b2b","11":"first","12":"outofstock","13":"taxable","14":"shipping-taxable","15":"purchasable","16":"product-type-simple"},"brands":[{"id":431,"name":"Microtech","slug":"microtech"}],"_links":{"self":[{"href":"https:\/\/www.moskito.cz\/de\/wp-json\/wp\/v2\/product\/210768","targetHints":{"allow":["GET"]}}],"collection":[{"href":"https:\/\/www.moskito.cz\/de\/wp-json\/wp\/v2\/product"}],"about":[{"href":"https:\/\/www.moskito.cz\/de\/wp-json\/wp\/v2\/types\/product"}],"replies":[{"embeddable":true,"href":"https:\/\/www.moskito.cz\/de\/wp-json\/wp\/v2\/comments?post=210768"}],"wp:featuredmedia":[{"embeddable":true,"href":"https:\/\/www.moskito.cz\/de\/wp-json\/wp\/v2\/media\/210769"}],"wp:attachment":[{"href":"https:\/\/www.moskito.cz\/de\/wp-json\/wp\/v2\/media?parent=210768"}],"wp:term":[{"taxonomy":"pwb-brand","embeddable":true,"href":"https:\/\/www.moskito.cz\/de\/wp-json\/wp\/v2\/pwb-brand?post=210768"},{"taxonomy":"product_brand","embeddable":true,"href":"https:\/\/www.moskito.cz\/de\/wp-json\/wp\/v2\/product_brand?post=210768"},{"taxonomy":"product_cat","embeddable":true,"href":"https:\/\/www.moskito.cz\/de\/wp-json\/wp\/v2\/product_cat?post=210768"},{"taxonomy":"product_tag","embeddable":true,"href":"https:\/\/www.moskito.cz\/de\/wp-json\/wp\/v2\/product_tag?post=210768"}],"curies":[{"name":"wp","href":"https:\/\/api.w.org\/{rel}","templated":true}]}}