{"id":210916,"date":"2022-01-21T14:51:41","date_gmt":"2022-01-21T13:51:41","guid":{"rendered":"https:\/\/www.moskito.cz\/?post_type=product&#038;p=210916"},"modified":"2025-05-07T10:37:16","modified_gmt":"2025-05-07T09:37:16","slug":"zaviraci-nuz-magnum-boker-the-milled-one","status":"publish","type":"product","link":"https:\/\/www.moskito.cz\/de\/produkt\/zaviraci-nuz-magnum-boker-the-milled-one\/","title":{"rendered":"Zav\u00edrac\u00ed N\u016f\u017e Magnum B\u00f6ker The Milled One"},"content":{"rendered":"<p>Modern\u00ed Magnum The Milled One zaujme jednoduchou celoocelovou konstrukc\u00ed se vzru\u0161uj\u00edc\u00edm povrchem. Fr\u00e9zovan\u00e1 plni\u010dka sat\u00e9nov\u011b upraven\u00e9 \u010depele z nerezu 7Cr17MoV, kter\u00e1 vyb\u00edh\u00e1 ke \u0161pi\u010dce \u010depele, slou\u017e\u00ed jako pom\u016fcka p\u0159i otev\u00edr\u00e1n\u00ed a je ve zv\u011bt\u0161en\u00e9m m\u011b\u0159\u00edtku zahrnuta do designov\u00e9ho jazyka rukojeti z matn\u00e9 nerezov\u00e9 oceli. T\u00edm se z no\u017ee stane nezni\u010diteln\u00e1 slo\u017eka, kter\u00e1 m\u00e1 st\u00e1le to jist\u00e9. O zamyk\u00e1n\u00ed se star\u00e1 stabiln\u00ed r\u00e1mov\u00fd z\u00e1mek. S praktickou sponou pro hlubok\u00e9 no\u0161en\u00ed (sklopn\u00e1\/r).<\/p>\n<p>Zav\u00edrac\u00ed N\u016f\u017e M<strong>agnum<\/strong> B\u00f6ker The Milled One:<\/p>\n<p>Typ polo\u017eky: kapesn\u00ed n\u016f\u017e<br \/>\nCelkov\u00e1 d\u00e9lka: 19,5 cm<br \/>\nD\u00e9lka \u010depele: 8,4 cm<br \/>\nS\u00edla \u010depele: 3,5 mm<br \/>\nHmotnost: 136 g<br \/>\nMateri\u00e1l \u010depele: 7Cr17MoV<br \/>\nMateri\u00e1l rukojeti: nerezov\u00e1 ocel<br \/>\nPomoc p\u0159i otev\u00edr\u00e1n\u00ed: nick na nehty<br \/>\nOtev\u00edrac\u00ed: Ru\u010dn\u011b<br \/>\nSpona: r\u00e1mov\u00fd z\u00e1mek<br \/>\nBarva: st\u0159\u00edbrn\u00fd<br \/>\nBarva \u010depele: nepota\u017een\u00e9<br \/>\n\u010c\u00edslo polo\u017eky: 01SC083<\/p>\n<p>&nbsp;<\/p>\n<p>&nbsp;<\/p>\n","protected":false},"excerpt":{"rendered":"<p>No\u017e\u00ed\u0159sk\u00e1 manufaktura <strong>B\u00f6ker<\/strong> se postupem \u010dasu vypracovala na glob\u00e1ln\u00edho inova\u010dn\u00edho l\u00eddra a nejv\u011bt\u0161\u00edho v\u00fdrobce sportovn\u00edch no\u017e\u016f, taktick\u00fdch no\u017e\u016f a sb\u011bratelsk\u00fdch no\u017e\u016f v Evrop\u011b.<\/p>\n","protected":false},"featured_media":210917,"comment_status":"open","ping_status":"closed","template":"","meta":[],"pwb-brand":[140],"product_brand":[],"product_cat":[22,17],"product_tag":[],"class_list":{"0":"post-210916","1":"product","2":"type-product","3":"status-publish","4":"has-post-thumbnail","6":"pwb-brand-boker","7":"product_cat-zaviraci-noze","8":"product_cat-noze","10":"first","11":"instock","12":"taxable","13":"shipping-taxable","14":"purchasable","15":"product-type-simple"},"brands":[{"id":140,"name":"Boker","slug":"boker"}],"_links":{"self":[{"href":"https:\/\/www.moskito.cz\/de\/wp-json\/wp\/v2\/product\/210916","targetHints":{"allow":["GET"]}}],"collection":[{"href":"https:\/\/www.moskito.cz\/de\/wp-json\/wp\/v2\/product"}],"about":[{"href":"https:\/\/www.moskito.cz\/de\/wp-json\/wp\/v2\/types\/product"}],"replies":[{"embeddable":true,"href":"https:\/\/www.moskito.cz\/de\/wp-json\/wp\/v2\/comments?post=210916"}],"wp:featuredmedia":[{"embeddable":true,"href":"https:\/\/www.moskito.cz\/de\/wp-json\/wp\/v2\/media\/210917"}],"wp:attachment":[{"href":"https:\/\/www.moskito.cz\/de\/wp-json\/wp\/v2\/media?parent=210916"}],"wp:term":[{"taxonomy":"pwb-brand","embeddable":true,"href":"https:\/\/www.moskito.cz\/de\/wp-json\/wp\/v2\/pwb-brand?post=210916"},{"taxonomy":"product_brand","embeddable":true,"href":"https:\/\/www.moskito.cz\/de\/wp-json\/wp\/v2\/product_brand?post=210916"},{"taxonomy":"product_cat","embeddable":true,"href":"https:\/\/www.moskito.cz\/de\/wp-json\/wp\/v2\/product_cat?post=210916"},{"taxonomy":"product_tag","embeddable":true,"href":"https:\/\/www.moskito.cz\/de\/wp-json\/wp\/v2\/product_tag?post=210916"}],"curies":[{"name":"wp","href":"https:\/\/api.w.org\/{rel}","templated":true}]}}