{"id":212603,"date":"2022-03-06T21:53:14","date_gmt":"2022-03-06T20:53:14","guid":{"rendered":"https:\/\/www.moskito.cz\/?post_type=product&#038;p=212603"},"modified":"2025-05-07T10:37:45","modified_gmt":"2025-05-07T09:37:45","slug":"vystrelovaci-nuz-heretic-knives-h031-8a-jade","status":"publish","type":"product","link":"https:\/\/www.moskito.cz\/de\/produkt\/vystrelovaci-nuz-heretic-knives-h031-8a-jade\/","title":{"rendered":"Vyst\u0159elovac\u00ed N\u016f\u017e Heretic Knives H031-8A-JADE"},"content":{"rendered":"<p>Vyst\u0159elovac\u00ed N\u016f\u017e <strong>Heretic Knives<\/strong> H031-8A-JADE.<\/p>\n<p>Manticore od Heretic Knives je fenomen\u00e1ln\u00ed n\u016f\u017e OTF pro ka\u017ed\u00e9ho, kdo hled\u00e1 n\u011bco velk\u00e9ho, ale snadno p\u0159enosn\u00e9ho. Kluci z Heretic Knives na Florid\u011b se v tomhle opravdu trefili z parku. Pr\u00e9miov\u00e1 ocel Elmax, hladk\u00e1 dvojit\u00e1 akce, hrot na rozb\u00edjen\u00ed skla, spona na hlubokou kapsu a otvor pro \u0161\u0148\u016frku. Akce m\u00e1 dobr\u00fd z\u00e1b\u011br, ani\u017e by byla p\u0159\u00edli\u0161 tvrd\u00e1 na nasazen\u00ed nebo p\u0159\u00edli\u0161 m\u011bkk\u00e1.<\/p>\n<p>Manticore se dod\u00e1v\u00e1 v r\u016fzn\u00fdch stylech a povrchov\u00fdch \u00faprav\u00e1ch.<\/p>\n<p>Toto Manticore je speci\u00e1ln\u00ed edice. Tanto \u010depel m\u00e1 \u010dernou bitevn\u00ed \u00fapravu a je vyrobena z Elmax oceli. Rukoje\u0165 m\u00e1 \u010dernou hlin\u00edkovou rukoje\u0165 se zadn\u00edmi kryty Jade G-10.<\/p>\n<p>Tanto v \u010dern\u00e9m bojov\u00e9m proveden\u00ed<br \/>\n\u010cern\u00e1 eloxovan\u00e1 hlin\u00edkov\u00e1 rukoje\u0165 a zadn\u00ed kryty Jade G-10<br \/>\nAutomatick\u00e9 otev\u00edr\u00e1n\u00ed vp\u0159edu<br \/>\nKapesn\u00ed spona pro velk\u00e9 zat\u00ed\u017een\u00ed s kole\u010dkem<\/p>\n<p>Celkov\u00e1 d\u00e9lka: 23 cm<br \/>\nD\u00e9lka \u010depele: 9.25 cm<br \/>\nMateri\u00e1l \u010depele: ELMAX<br \/>\nStyl \u010depele: Tanto<br \/>\nDokon\u010den\u00ed: Battleweard<br \/>\nBarva: \u010cern\u00e1 horn\u00ed\/Jade Green G-10 Spodn\u00ed \u010d\u00e1st<br \/>\nHmotnost: 4,5 oz<\/p>\n<p>Vyrobeno v USA<\/p>\n<p><iframe title=\"Heretic Shop Video\" width=\"800\" height=\"450\" src=\"https:\/\/www.youtube.com\/embed\/7qUL5q7Cvgo?feature=oembed\" frameborder=\"0\" allow=\"accelerometer; autoplay; clipboard-write; encrypted-media; gyroscope; picture-in-picture; web-share\" referrerpolicy=\"strict-origin-when-cross-origin\" allowfullscreen><\/iframe><\/p>\n<p>&nbsp;<\/p>\n","protected":false},"excerpt":{"rendered":"<p>V\u0161echny na\u0161e no\u017ee jsou vyrobeny v USA a tak to zachov\u00e1me.\u00a0Kdy\u017e si koup\u00edte n\u011bkter\u00fd z na\u0161ich no\u017e\u016f, m\u016f\u017eete m\u00edt d\u016fv\u011bru ve sv\u016fj n\u00e1stroj s v\u011bdom\u00edm, \u017ee je podporov\u00e1n americkou spole\u010dnost\u00ed.\u00a0Na\u0161e no\u017ee jsou vyr\u00e1b\u011bny v mal\u00fdch s\u00e9ri\u00edch, abychom zajistili, \u017ee dostanete kvalitn\u00ed n\u016f\u017e, kter\u00e9mu se nedost\u00e1v\u00e1 pozornosti, jak\u00e9 se nedost\u00e1v\u00e1 jin\u00fdm s\u00e9riov\u011b vyr\u00e1b\u011bn\u00fdm no\u017e\u016fm.<\/p>\n<p><strong>Doprava zdarma.<\/strong><\/p>\n","protected":false},"featured_media":212607,"comment_status":"open","ping_status":"closed","template":"","meta":[],"pwb-brand":[318],"product_brand":[],"product_cat":[2019,17],"product_tag":[],"class_list":{"0":"post-212603","1":"product","2":"type-product","3":"status-publish","4":"has-post-thumbnail","6":"pwb-brand-heretic-knives","7":"product_cat-vystrelovaci-noze","8":"product_cat-noze","10":"first","11":"outofstock","12":"taxable","13":"shipping-taxable","14":"purchasable","15":"product-type-simple"},"brands":[{"id":318,"name":"Heretic Knives","slug":"heretic-knives"}],"_links":{"self":[{"href":"https:\/\/www.moskito.cz\/de\/wp-json\/wp\/v2\/product\/212603","targetHints":{"allow":["GET"]}}],"collection":[{"href":"https:\/\/www.moskito.cz\/de\/wp-json\/wp\/v2\/product"}],"about":[{"href":"https:\/\/www.moskito.cz\/de\/wp-json\/wp\/v2\/types\/product"}],"replies":[{"embeddable":true,"href":"https:\/\/www.moskito.cz\/de\/wp-json\/wp\/v2\/comments?post=212603"}],"wp:featuredmedia":[{"embeddable":true,"href":"https:\/\/www.moskito.cz\/de\/wp-json\/wp\/v2\/media\/212607"}],"wp:attachment":[{"href":"https:\/\/www.moskito.cz\/de\/wp-json\/wp\/v2\/media?parent=212603"}],"wp:term":[{"taxonomy":"pwb-brand","embeddable":true,"href":"https:\/\/www.moskito.cz\/de\/wp-json\/wp\/v2\/pwb-brand?post=212603"},{"taxonomy":"product_brand","embeddable":true,"href":"https:\/\/www.moskito.cz\/de\/wp-json\/wp\/v2\/product_brand?post=212603"},{"taxonomy":"product_cat","embeddable":true,"href":"https:\/\/www.moskito.cz\/de\/wp-json\/wp\/v2\/product_cat?post=212603"},{"taxonomy":"product_tag","embeddable":true,"href":"https:\/\/www.moskito.cz\/de\/wp-json\/wp\/v2\/product_tag?post=212603"}],"curies":[{"name":"wp","href":"https:\/\/api.w.org\/{rel}","templated":true}]}}