{"id":212803,"date":"2022-03-09T22:01:42","date_gmt":"2022-03-09T21:01:42","guid":{"rendered":"https:\/\/www.moskito.cz\/?post_type=product&#038;p=212803"},"modified":"2025-05-07T10:37:47","modified_gmt":"2025-05-07T09:37:47","slug":"zaviraci-nuz-rikeknife-mini-b","status":"publish","type":"product","link":"https:\/\/www.moskito.cz\/de\/produkt\/zaviraci-nuz-rikeknife-mini-b\/","title":{"rendered":"Zav\u00edrac\u00ed N\u016f\u017e RikeKnife Mini &#8211; B"},"content":{"rendered":"<p>Zav\u00edrac\u00ed N\u016f\u017e <strong>RikeKnife<\/strong> Mini &#8211; B.<\/p>\n<p>Rikeknife je origin\u00e1ln\u00ed zna\u010dka navr\u017een\u00e1 na\u0161\u00edm zakladatelem Richardem Wu. Je dlouholet\u00fdm nad\u0161encem do no\u017e\u016f, m\u00e1 zku\u0161enosti s mechanick\u00fdm designem a v\u00fdrobou, neust\u00e1le usiluje o dokonalost a detailn\u00ed dokonalost ve v\u0161ech designech no\u017e\u016f vyr\u00e1b\u011bn\u00fdch Rikeknife.<\/p>\n<p>N\u00e1zev zna\u010dky byl odvozen od prvn\u00edch dvou p\u00edsmen jeho jm\u00e9na, pot\u00e9 se zm\u011bnil a pojmenoval Rike. Rikeknife je nov\u011b vznikaj\u00edc\u00ed origin\u00e1ln\u00ed zna\u010dka no\u017e\u016f, kter\u00e1 je p\u0159edstavitelem vysoce kvalitn\u00ed \u010d\u00ednsk\u00e9 v\u00fdroby.<\/p>\n<p>Na\u0161e zna\u010dka je zalo\u017eena v origin\u00e1ln\u00edm designu, pro kter\u00fd m\u00e1me profesion\u00e1ln\u00ed design\u00e9rsk\u00fd t\u00fdm a vlastn\u00ed nez\u00e1vislou tov\u00e1rnu. Trouf\u00e1me si st\u00e1t se inov\u00e1tory a zpochybnit tradi\u010dn\u00ed postupy tradi\u010dn\u00edch i modern\u00edch zna\u010dek no\u017e\u016f. V\u017edy se budeme sna\u017eit pou\u017e\u00edvat ty nejlep\u0161\u00ed materi\u00e1ly k v\u00fdrob\u011b no\u017e\u016f vynikaj\u00edc\u00ed kvality pro z\u00e1kazn\u00edky po cel\u00e9m sv\u011bt\u011b.<\/p>\n<p>Model Rike Mini<br \/>\n: Hummingbird Celkov\u00e1 d\u00e9lka: 3,93&#8243;\/(10 cm)<br \/>\nD\u00e9lka \u010depele: 1,57&#8243;\/(37 mm)<br \/>\nTlou\u0161\u0165ka \u010depele: 0,09&#8243;\/(2,5 mm)<br \/>\nMateri\u00e1l \u010depele: R\u016f\u017eov\u00e1 Dama\u0161kov\u00e1 ocel<br \/>\nStyl \u010depele: Drop Point<br \/>\nTvrdost \u010depele: HRC58-59<br \/>\nD\u00e9lka rukojeti: 2,36 &#8222;\/(6 cm)<br \/>\nTlou\u0161\u0165ka rukojeti: 0,19&#8220; \/ (0,5 cm)<br \/>\nMateri\u00e1l rukojeti: TC4 titanov\u00fd<br \/>\n\u0161roub Materi\u00e1l: TC4 titanov\u00e1<br \/>\nspona Materi\u00e1l: TC4 titanov\u00e9<br \/>\npodlo\u017eky Materi\u00e1l: keramick\u00e9 kuli\u010dkov\u00e9 lo\u017eisko<br \/>\nBarva: modr\u00e1<br \/>\nHmotnost: 0,59 oz.\/( 17g)<br \/>\nOtv\u00edr\u00e1k:Flipper<br \/>\nLock Typ:Frame Lock<\/p>\n","protected":false},"excerpt":{"rendered":"<div class=\"elementor-element elementor-element-bbb542b elementor-widget elementor-widget-woocommerce-product-short-description\" data-id=\"bbb542b\" data-element_type=\"widget\" data-widget_type=\"woocommerce-product-short-description.default\">\n<div class=\"elementor-widget-container\">\n<div class=\"woocommerce-product-details__short-description\">\n<p><strong>Rikeknife<\/strong>\u00a0je origin\u00e1ln\u00ed zna\u010dka navr\u017een\u00e1 na\u0161\u00edm zakladatelem Richardem Wu.\u00a0Je dlouholet\u00fdm nad\u0161encem do no\u017e\u016f, m\u00e1 zku\u0161enosti s mechanick\u00fdm designem a v\u00fdrobou, neust\u00e1le usiluje o dokonalost a detailn\u00ed dokonalost ve v\u0161ech designech no\u017e\u016f vyr\u00e1b\u011bn\u00fdch\u00a0<strong>Rikeknife.<\/strong><\/p>\n<\/div>\n<\/div>\n<\/div>\n<section class=\"elementor-section elementor-inner-section elementor-element elementor-element-ee51d4b elementor-section-boxed elementor-section-height-default elementor-section-height-default\" data-particle_enable=\"false\" data-particle-mobile-disabled=\"false\" data-id=\"ee51d4b\" data-element_type=\"section\">\n<div class=\"elementor-container elementor-column-gap-no\">\n<div class=\"elementor-row\">\n<div class=\"elementor-column elementor-col-50 elementor-inner-column elementor-element elementor-element-2fbed19\" data-id=\"2fbed19\" data-element_type=\"column\">\n<div class=\"elementor-column-wrap elementor-element-populated\">\n<div class=\"elementor-widget-wrap\">\n<div class=\"elementor-element elementor-element-0450112 elementor-widget elementor-widget-heading\" data-id=\"0450112\" data-element_type=\"widget\" data-widget_type=\"heading.default\">\n<div class=\"elementor-widget-container\"><\/div>\n<\/div>\n<\/div>\n<\/div>\n<\/div>\n<div class=\"elementor-column elementor-col-50 elementor-inner-column elementor-element elementor-element-d6b2f22\" data-id=\"d6b2f22\" data-element_type=\"column\">\n<div class=\"elementor-column-wrap elementor-element-populated\">\n<div class=\"elementor-widget-wrap\">\n<div class=\"elementor-element elementor-element-be33838 elementor-widget elementor-widget-woocommerce-product-stock\" data-id=\"be33838\" data-element_type=\"widget\" data-widget_type=\"woocommerce-product-stock.default\">\n<div class=\"elementor-widget-container\">\n<p class=\"stock in-stock\"><strong>Doprava zdarma.<\/strong><\/p>\n<\/div>\n<\/div>\n<\/div>\n<\/div>\n<\/div>\n<\/div>\n<\/div>\n<\/section>\n","protected":false},"featured_media":212804,"comment_status":"open","ping_status":"closed","template":"","meta":[],"pwb-brand":[1318],"product_brand":[],"product_cat":[22,17],"product_tag":[],"class_list":{"0":"post-212803","1":"product","2":"type-product","3":"status-publish","4":"has-post-thumbnail","6":"pwb-brand-rike-knife","7":"product_cat-zaviraci-noze","8":"product_cat-noze","10":"first","11":"instock","12":"taxable","13":"shipping-taxable","14":"purchasable","15":"product-type-simple"},"brands":[{"id":1318,"name":"Rike Knife","slug":"rike-knife"}],"_links":{"self":[{"href":"https:\/\/www.moskito.cz\/de\/wp-json\/wp\/v2\/product\/212803","targetHints":{"allow":["GET"]}}],"collection":[{"href":"https:\/\/www.moskito.cz\/de\/wp-json\/wp\/v2\/product"}],"about":[{"href":"https:\/\/www.moskito.cz\/de\/wp-json\/wp\/v2\/types\/product"}],"replies":[{"embeddable":true,"href":"https:\/\/www.moskito.cz\/de\/wp-json\/wp\/v2\/comments?post=212803"}],"wp:featuredmedia":[{"embeddable":true,"href":"https:\/\/www.moskito.cz\/de\/wp-json\/wp\/v2\/media\/212804"}],"wp:attachment":[{"href":"https:\/\/www.moskito.cz\/de\/wp-json\/wp\/v2\/media?parent=212803"}],"wp:term":[{"taxonomy":"pwb-brand","embeddable":true,"href":"https:\/\/www.moskito.cz\/de\/wp-json\/wp\/v2\/pwb-brand?post=212803"},{"taxonomy":"product_brand","embeddable":true,"href":"https:\/\/www.moskito.cz\/de\/wp-json\/wp\/v2\/product_brand?post=212803"},{"taxonomy":"product_cat","embeddable":true,"href":"https:\/\/www.moskito.cz\/de\/wp-json\/wp\/v2\/product_cat?post=212803"},{"taxonomy":"product_tag","embeddable":true,"href":"https:\/\/www.moskito.cz\/de\/wp-json\/wp\/v2\/product_tag?post=212803"}],"curies":[{"name":"wp","href":"https:\/\/api.w.org\/{rel}","templated":true}]}}