{"id":214289,"date":"2022-04-12T22:02:49","date_gmt":"2022-04-12T21:02:49","guid":{"rendered":"https:\/\/www.moskito.cz\/?post_type=product&#038;p=214289"},"modified":"2025-05-07T10:38:07","modified_gmt":"2025-05-07T09:38:07","slug":"pevny-nuz-boker-magnum-persian-fixed-02lg115","status":"publish","type":"product","link":"https:\/\/www.moskito.cz\/de\/produkt\/pevny-nuz-boker-magnum-persian-fixed-02lg115\/","title":{"rendered":"Pevn\u00fd N\u016f\u017e B\u00f6ker Magnum Persian Fixed 02LG115"},"content":{"rendered":"<p>Pevn\u00fd N\u016f\u017e <strong>B\u00f6ker<\/strong> Magnum Persian Fixed 02LG115<\/p>\n<p>Magnum Persian Fixed je plnohodnotn\u00fd outdoorov\u00fd n\u016f\u017e s persk\u00fdmi ko\u0159eny. \u010cepel 440A je navr\u017eena ve form\u011b upraven\u00e9 \u010depele drop point. Design rukojeti m\u00e1 orient\u00e1ln\u00ed vliv, kter\u00fd se \u010dasto vyskytuje u persk\u00fdch no\u017e\u016f. V\u00fdrazn\u00e9 vybr\u00e1n\u00ed pro ukazov\u00e1\u010dek a dol\u016f zak\u0159iven\u00e1 rukoje\u0165 jsou indik\u00e1tory tohoto p\u016fvodu. Cel\u00e1 konstrukce tang je zakon\u010dena \u0161pi\u010dat\u00fdm drti\u010dem lebek. Zelen\u00e9 \u0161upiny G10 jsou p\u0159\u00edjemn\u011b strukturovan\u00e9. S kydexov\u00fdm pouzdrem, dr\u017e\u00e1kem na opasek a otvorem pro \u0161\u0148\u016frku .<\/p>\n<p>Typ polo\u017eky: Pevn\u00fd n\u016f\u017e<br \/>\nCelkov\u00e1 d\u00e9lka: 25,00 cm<br \/>\nD\u00e9lka \u010depele: 12,00 cm<br \/>\nS\u00edla \u010depele: 4,90 mm<br \/>\nHmotnost: 220,00 g<br \/>\nMateri\u00e1l \u010depele: 440A<br \/>\nMateri\u00e1l rukojeti: G10<br \/>\nBarva: Zelen\u00e1<br \/>\nBarva \u010depele: \u0160ed\u00e1<br \/>\nMateri\u00e1l pl\u00e1\u0161t\u011b: Kydex<br \/>\n\u010c\u00edslo polo\u017eky: 02LG115<\/p>\n<p>The Magnum Persian Fixed is a full-sized outdoor knife with Persian roots. The 440 stainless steel blade was conceived in the shape of a modified drop-point blade. The grip design features an oriental influence that is frequently found on Persian knives. The distinctive index finger groove and the downward sloping grip are indicators of its origins. The full tang construction terminates in a skull crusher with tapered point. The green G10 scales have a pleasant texture. With lanyard hole, kydex sheath and belt adapter.<\/p>\n<p>Type:<br \/>\nFixed Blade<br \/>\nOverall Length:<br \/>\n25,00 cm<br \/>\nBlade Length:<br \/>\n12,00 cm<br \/>\nBlade Thickness:<br \/>\n4,90 mm<br \/>\nWeight:<br \/>\n220,00 g<br \/>\nBlade Material:<br \/>\n440A<br \/>\nHandle Material:<br \/>\nG10<br \/>\nMade in:<br \/>\nAsia<br \/>\nColor:<br \/>\nGreen<br \/>\nBlade Color:<br \/>\nGray<br \/>\nSheath Material:<br \/>\nKydex<br \/>\nItem Number:<br \/>\n02LG115<\/p>\n","protected":false},"excerpt":{"rendered":"<p>No\u017e\u00ed\u0159sk\u00e1 manufaktura\u00a0<strong>B\u00f6ker<\/strong>\u00a0se postupem \u010dasu vypracovala na glob\u00e1ln\u00edho inova\u010dn\u00edho l\u00eddra a nejv\u011bt\u0161\u00edho v\u00fdrobce sportovn\u00edch no\u017e\u016f, taktick\u00fdch no\u017e\u016f a sb\u011bratelsk\u00fdch no\u017e\u016f v Evrop\u011b.<\/p>\n","protected":false},"featured_media":214290,"comment_status":"open","ping_status":"closed","template":"","meta":[],"pwb-brand":[140],"product_brand":[],"product_cat":[23,17],"product_tag":[3667],"class_list":{"0":"post-214289","1":"product","2":"type-product","3":"status-publish","4":"has-post-thumbnail","6":"pwb-brand-boker","7":"product_cat-pevne-noze","8":"product_cat-noze","9":"product_tag-b2b","11":"first","12":"instock","13":"taxable","14":"shipping-taxable","15":"purchasable","16":"product-type-simple"},"brands":[{"id":140,"name":"Boker","slug":"boker"}],"_links":{"self":[{"href":"https:\/\/www.moskito.cz\/de\/wp-json\/wp\/v2\/product\/214289","targetHints":{"allow":["GET"]}}],"collection":[{"href":"https:\/\/www.moskito.cz\/de\/wp-json\/wp\/v2\/product"}],"about":[{"href":"https:\/\/www.moskito.cz\/de\/wp-json\/wp\/v2\/types\/product"}],"replies":[{"embeddable":true,"href":"https:\/\/www.moskito.cz\/de\/wp-json\/wp\/v2\/comments?post=214289"}],"wp:featuredmedia":[{"embeddable":true,"href":"https:\/\/www.moskito.cz\/de\/wp-json\/wp\/v2\/media\/214290"}],"wp:attachment":[{"href":"https:\/\/www.moskito.cz\/de\/wp-json\/wp\/v2\/media?parent=214289"}],"wp:term":[{"taxonomy":"pwb-brand","embeddable":true,"href":"https:\/\/www.moskito.cz\/de\/wp-json\/wp\/v2\/pwb-brand?post=214289"},{"taxonomy":"product_brand","embeddable":true,"href":"https:\/\/www.moskito.cz\/de\/wp-json\/wp\/v2\/product_brand?post=214289"},{"taxonomy":"product_cat","embeddable":true,"href":"https:\/\/www.moskito.cz\/de\/wp-json\/wp\/v2\/product_cat?post=214289"},{"taxonomy":"product_tag","embeddable":true,"href":"https:\/\/www.moskito.cz\/de\/wp-json\/wp\/v2\/product_tag?post=214289"}],"curies":[{"name":"wp","href":"https:\/\/api.w.org\/{rel}","templated":true}]}}