{"id":214749,"date":"2022-04-17T10:12:43","date_gmt":"2022-04-17T09:12:43","guid":{"rendered":"https:\/\/www.moskito.cz\/?post_type=product&#038;p=214749"},"modified":"2025-05-07T10:38:11","modified_gmt":"2025-05-07T09:38:11","slug":"pevny-nuz-boker-falun-green","status":"publish","type":"product","link":"https:\/\/www.moskito.cz\/de\/produkt\/pevny-nuz-boker-falun-green\/","title":{"rendered":"Pevn\u00fd N\u016f\u017e B\u00f6ker Magnum Falun Green"},"content":{"rendered":"<p>Pevn\u00fd N\u016f\u017e <strong>B\u00f6ker<\/strong> Magnum Falun Green<\/p>\n<p>N\u016f\u017e Magnum Falun Green je zaveden\u00fdm pracantem skandin\u00e1vsk\u00fdch les\u016f, pob\u0159e\u017e\u00ed a jezer. Olivov\u011b zelen\u00e1 plastov\u00e1 rukoje\u0165 s protiskluzov\u00fdm vroubkovan\u00fdm pogumov\u00e1n\u00edm d\u011bl\u00e1 z no\u017ee nejen dokonal\u00fd n\u00e1stroj pro ryb\u00e1\u0159e, ale d\u00edky tlumen\u00e9mu barevn\u00e9mu proveden\u00ed je vhodn\u00fd i pro lov nebo vojensk\u00e9 pou\u017eit\u00ed. \u010cepel z nerezov\u00e9 oceli 420 je neodd\u011bliteln\u011b spojena s plastovou rukojet\u00ed odolnou proti zlomen\u00ed. Nezni\u010diteln\u00fd, v\u0161estrann\u00fd, hygienick\u00fd, levn\u00fd. Plastov\u00e9 pouzdro je odoln\u00e9 proti prop\u00edchnut\u00ed a je opat\u0159eno integrovan\u00fdm klipem. Dren\u00e1\u017en\u00ed otvor nav\u00edc zaji\u0161\u0165uje, \u017ee se v pouzd\u0159e nem\u016f\u017ee hromadit ne\u017e\u00e1douc\u00ed vlhkost.<\/p>\n<p>Popis produktu<\/p>\n<p>Celkov\u00e1 d\u00e9lka: 21,5 cm<br \/>\nD\u00e9lka \u010depele: 10 cm<br \/>\nTlou\u0161\u0165ka \u010depele: 1,9 mm<br \/>\nHmotnost: 64 g<br \/>\nMateri\u00e1l \u010depele: 420<br \/>\nMateri\u00e1l rukojeti: Plast<br \/>\nDod\u00e1v\u00e1n v kvalitn\u00edm \u010dern\u00e9m pouzd\u0159e ze syntetick\u00e9ho materi\u00e1lu<\/p>\n<p>The Magnum Falun is the established workhorse of Scandinavian forests, coasts and lakes. The olive green plastic handle with non-slip textured rubber coating makes the knife not only the perfect companion for anglers and fishermen, but is also suitable for hunting or military use thanks to the muted colour scheme. The 420 stainless steel blade is inseparable from the break-proof plastic handle. Indestructible, versatile, hygienic, inexpensive. The puncture and cut resistant plastic quiver sheath features an integrated clip and provides a snug and secure fit for the knife. A drainage hole also ensures that moisture cannot collect in the sheath.<\/p>\n<p>Available<\/p>\n<p>Type:<br \/>\nFixed Blade<br \/>\nOverall Length:<br \/>\n21,50 cm<br \/>\nBlade Length:<br \/>\n10,00 cm<br \/>\nBlade Thickness:<br \/>\n1,90 mm<br \/>\nWeight:<br \/>\n64,00 g<br \/>\nBlade Material:<br \/>\n420<br \/>\nHandle Material:<br \/>\nSynthetic<br \/>\nMade in:<br \/>\nAsia<br \/>\nColor:<br \/>\nOlive<br \/>\nBlade Color:<br \/>\nUncoated<br \/>\nItem Number:<br \/>\n02RY103<\/p>\n<p>&nbsp;<\/p>\n","protected":false},"excerpt":{"rendered":"<p>No\u017e\u00ed\u0159sk\u00e1 manufaktura <strong>B\u00f6ker<\/strong> se postupem \u010dasu vypracovala na glob\u00e1ln\u00edho inova\u010dn\u00edho l\u00eddra a nejv\u011bt\u0161\u00edho v\u00fdrobce sportovn\u00edch no\u017e\u016f, taktick\u00fdch no\u017e\u016f a sb\u011bratelsk\u00fdch no\u017e\u016f v Evrop\u011b.<\/p>\n","protected":false},"featured_media":214751,"comment_status":"open","ping_status":"closed","template":"","meta":[],"pwb-brand":[140],"product_brand":[],"product_cat":[23,17],"product_tag":[3667],"class_list":{"0":"post-214749","1":"product","2":"type-product","3":"status-publish","4":"has-post-thumbnail","6":"pwb-brand-boker","7":"product_cat-pevne-noze","8":"product_cat-noze","9":"product_tag-b2b","11":"first","12":"outofstock","13":"taxable","14":"shipping-taxable","15":"purchasable","16":"product-type-simple"},"brands":[{"id":140,"name":"Boker","slug":"boker"}],"_links":{"self":[{"href":"https:\/\/www.moskito.cz\/de\/wp-json\/wp\/v2\/product\/214749","targetHints":{"allow":["GET"]}}],"collection":[{"href":"https:\/\/www.moskito.cz\/de\/wp-json\/wp\/v2\/product"}],"about":[{"href":"https:\/\/www.moskito.cz\/de\/wp-json\/wp\/v2\/types\/product"}],"replies":[{"embeddable":true,"href":"https:\/\/www.moskito.cz\/de\/wp-json\/wp\/v2\/comments?post=214749"}],"wp:featuredmedia":[{"embeddable":true,"href":"https:\/\/www.moskito.cz\/de\/wp-json\/wp\/v2\/media\/214751"}],"wp:attachment":[{"href":"https:\/\/www.moskito.cz\/de\/wp-json\/wp\/v2\/media?parent=214749"}],"wp:term":[{"taxonomy":"pwb-brand","embeddable":true,"href":"https:\/\/www.moskito.cz\/de\/wp-json\/wp\/v2\/pwb-brand?post=214749"},{"taxonomy":"product_brand","embeddable":true,"href":"https:\/\/www.moskito.cz\/de\/wp-json\/wp\/v2\/product_brand?post=214749"},{"taxonomy":"product_cat","embeddable":true,"href":"https:\/\/www.moskito.cz\/de\/wp-json\/wp\/v2\/product_cat?post=214749"},{"taxonomy":"product_tag","embeddable":true,"href":"https:\/\/www.moskito.cz\/de\/wp-json\/wp\/v2\/product_tag?post=214749"}],"curies":[{"name":"wp","href":"https:\/\/api.w.org\/{rel}","templated":true}]}}