{"id":214906,"date":"2022-04-17T16:44:11","date_gmt":"2022-04-17T15:44:11","guid":{"rendered":"https:\/\/www.moskito.cz\/?post_type=product&#038;p=214906"},"modified":"2025-05-07T10:38:18","modified_gmt":"2025-05-07T09:38:18","slug":"cold-steel-viking-sword-sax-blade","status":"publish","type":"product","link":"https:\/\/www.moskito.cz\/de\/produkt\/cold-steel-viking-sword-sax-blade\/","title":{"rendered":"Cold Steel VIKING SWORD SAX BLADE"},"content":{"rendered":"<p><strong>Cold Steel<\/strong> VIKING SWORD SAX BLADE.<\/p>\n<p>Pokud v\u00e1m v \u017eil\u00e1ch koluje krev bojovn\u00edka, pak m\u00e1me dv\u011b zbran\u011b, kter\u00e9 mus\u00edte milovat. Dama\u0161kov\u00fd vikingsk\u00fd me\u010d a jeho spole\u010dn\u00edk Long Sax jsou ru\u010dn\u011b kovan\u00e9 z na\u0161\u00ed nejlep\u0161\u00ed dama\u0161kov\u00e9 oceli a jsou pln\u011b nabrou\u0161en\u00e9 a p\u0159ipraven\u00e9 k boji. Bylo va\u0161\u00edm osudem st\u00e1t se vikingsk\u00fdm hrab\u011btem? Pokud v\u00e1m v \u017eil\u00e1ch koluje krev bojovn\u00edka, pak m\u00e1me dv\u011b zbran\u011b, kter\u00e9 mus\u00edte milovat. Dama\u0161kov\u00fd vikingsk\u00fd me\u010d a jeho spole\u010dn\u00edk Long Sax jsou ru\u010dn\u011b kovan\u00e9 z na\u0161\u00ed nejlep\u0161\u00ed dama\u0161kov\u00e9 oceli a jsou pln\u011b nabrou\u0161en\u00e9 a p\u0159ipraven\u00e9 k boji. Zahrnuj\u00ed n\u011bkolik skv\u011bl\u00fdch dopl\u0148k\u016f, z nich\u017e ka\u017ed\u00e1 m\u00e1 kr\u00e1snou rukoje\u0165 z palisandru a klasicky stylizovan\u00fd z\u00e1\u0161titu a hlavici vyrobenou z mosazi a oceli, kter\u00e1 je oblo\u017eena starov\u011bkou m\u00f3dou a vyle\u0161t\u011bn\u00e1 do leskl\u00e9ho lesku. Me\u010d je dod\u00e1v\u00e1n s p\u016fsobivou d\u0159ev\u011bnou a ko\u017eenou pochvou, kter\u00e1 obsahuje poutko na opasek a mosazn\u00e9 hrdlo a \u010depici, kter\u00e1 je zv\u00fdrazn\u011bna hluboce reli\u00e9fn\u00edmi dekorativn\u00edmi prvky. Long Sax je dod\u00e1v\u00e1n s historicky spr\u00e1vnou, tlustou ko\u017eenou pochvou s vyra\u017een\u00fdm mosazn\u00fdm lemem, lemem a nosn\u00fdmi krou\u017eky.<\/p>\n<p>PARAMETRY PRODUKTU<br \/>\nD\u00e9lka \u010depele : 438 mm<br \/>\nD\u00e9lka rukojeti : 165 mm<br \/>\nCelkov\u00e1 velikost : 603 mm<br \/>\nOcel : Damascus<br \/>\nTlou\u0161\u0165ka \u010depele : 7 mm<br \/>\nHmotnost : 1315 g<\/p>\n<p>If youve got warrior blood in your veins, then we have two weapons youre bound to love. The Damascus Viking Sword and its companion, Long Sax are hand forged from our finest Damascus steel and come fully sharpened and ready for battle. Was it your destiny to be a Viking Earl? If youve got warrior blood in your veins, then we have two weapons youre bound to love. The Damascus Viking Sword and its companion, Long Sax are hand forged from our finest Damascus steel and come fully sharpened and ready for battle. They include some superb appointments, each featuring a beautiful Rosewood grip, and a classically styled guard and pommel made from brass and steel thats sandwiched in the ancient fashion, and polished to a lustrous shine. The sword comes with an impressive wood and leather scabbard that includes a belt loop and a brass throat and chape, thats accented by deeply embossed decorative elements. The Long Sax comes with an historically correct, thick leather scabbard complete with an embossed brass welt, chape, and carrying rings.<\/p>\n<p>Weight: 36.4oz Blade Thickness: 7mm Blade Length: 17-1\/4in Handle Length\/Material: 6-1\/2in Overall Length: 23-3\/4in Blade Length Range: 10-20 in Steel Family: Damascus Sword Style: Viking<\/p>\n","protected":false},"excerpt":{"rendered":"<p>Dama\u0161kov\u00fd vikingsk\u00fd me\u010d.<\/p>\n<p><strong>Doprava zdarma.<\/strong><\/p>\n","protected":false},"featured_media":214907,"comment_status":"open","ping_status":"closed","template":"","meta":[],"pwb-brand":[211],"product_brand":[],"product_cat":[24,1942],"product_tag":[3667],"class_list":{"0":"post-214906","1":"product","2":"type-product","3":"status-publish","4":"has-post-thumbnail","6":"pwb-brand-cold-steel","7":"product_cat-katany-a-mece","8":"product_cat-mece-dyky-repliky","9":"product_tag-b2b","11":"first","12":"instock","13":"taxable","14":"shipping-taxable","15":"purchasable","16":"product-type-simple"},"brands":[{"id":211,"name":"Cold Steel","slug":"cold-steel"}],"_links":{"self":[{"href":"https:\/\/www.moskito.cz\/de\/wp-json\/wp\/v2\/product\/214906","targetHints":{"allow":["GET"]}}],"collection":[{"href":"https:\/\/www.moskito.cz\/de\/wp-json\/wp\/v2\/product"}],"about":[{"href":"https:\/\/www.moskito.cz\/de\/wp-json\/wp\/v2\/types\/product"}],"replies":[{"embeddable":true,"href":"https:\/\/www.moskito.cz\/de\/wp-json\/wp\/v2\/comments?post=214906"}],"wp:featuredmedia":[{"embeddable":true,"href":"https:\/\/www.moskito.cz\/de\/wp-json\/wp\/v2\/media\/214907"}],"wp:attachment":[{"href":"https:\/\/www.moskito.cz\/de\/wp-json\/wp\/v2\/media?parent=214906"}],"wp:term":[{"taxonomy":"pwb-brand","embeddable":true,"href":"https:\/\/www.moskito.cz\/de\/wp-json\/wp\/v2\/pwb-brand?post=214906"},{"taxonomy":"product_brand","embeddable":true,"href":"https:\/\/www.moskito.cz\/de\/wp-json\/wp\/v2\/product_brand?post=214906"},{"taxonomy":"product_cat","embeddable":true,"href":"https:\/\/www.moskito.cz\/de\/wp-json\/wp\/v2\/product_cat?post=214906"},{"taxonomy":"product_tag","embeddable":true,"href":"https:\/\/www.moskito.cz\/de\/wp-json\/wp\/v2\/product_tag?post=214906"}],"curies":[{"name":"wp","href":"https:\/\/api.w.org\/{rel}","templated":true}]}}