{"id":215456,"date":"2022-04-23T20:34:22","date_gmt":"2022-04-23T19:34:22","guid":{"rendered":"https:\/\/www.moskito.cz\/?post_type=product&#038;p=215456"},"modified":"2025-05-07T10:38:32","modified_gmt":"2025-05-07T09:38:32","slug":"vystrelovaci-nuz-heretic-wraith-v-2-automatic-purple-cf-ti-h000-6a-pucf","status":"publish","type":"product","link":"https:\/\/www.moskito.cz\/de\/produkt\/vystrelovaci-nuz-heretic-wraith-v-2-automatic-purple-cf-ti-h000-6a-pucf\/","title":{"rendered":"Vyst\u0159elovac\u00ed N\u016f\u017e Heretic Wraith V.2 Automatic Purple CF\/ Ti  H000-6A-PUCF"},"content":{"rendered":"<p>Vyst\u0159elovac\u00ed N\u016f\u017e <strong>Heretic<\/strong> Wraith V.2 Automatic Purple CF\/ Ti H000-6A-PUCF<\/p>\n<p>Jako mnoho jin\u00fdch v\u011bc\u00ed v \u017eivot\u011b, i Wraithov\u00e9 se s v\u011bkem zlep\u0161uj\u00ed. Vlajkov\u00fd model spole\u010dnosti Heretic pro\u0161el v roce 2020 p\u0159epracov\u00e1n\u00edm. Nejpozoruhodn\u011bj\u0161\u00ed je, \u017ee p\u0159id\u00e1n\u00ed v\u011bt\u0161\u00edho, texturovan\u00e9ho tla\u010d\u00edtka obd\u00e9ln\u00edkov\u00e9ho tvaru podporuje snadn\u00e9 nasazen\u00ed. J\u00edzda na klecov\u00fdch z\u00e1vodn\u00edch lo\u017eisc\u00edch, otev\u00edr\u00e1n\u00ed a zav\u00edr\u00e1n\u00ed je hladk\u00e9 jako sklo. N\u016f\u017e si zachoval svou vroubkovanou rukoje\u0165 s h\u0159ebenov\u00fdm h\u0159betem, kan\u00e1lky na l\u00edci byly um\u00edst\u011bny se vzorem lomu. Kapesn\u00ed spona byla upgradov\u00e1na na jednohrotovou sponu s kuli\u010dkov\u00fdm lo\u017eiskem Heretic, co\u017e umo\u017e\u0148uje no\u017ei udr\u017eet bezpe\u010dn\u00e9 uchopen\u00ed a st\u00e1le hladce klouzat dovnit\u0159 a ven z kapsy.<\/p>\n<p>Funkce:<\/p>\n<p>Automatick\u00e9 tla\u010d\u00edtko<br \/>\nElmax ocelov\u00e1 \u010depel<br \/>\nDLC Coated Blade<br \/>\nIntegr\u00e1ln\u00ed rukoje\u0165 z uhl\u00edkov\u00fdch vl\u00e1ken s titanov\u00fdm Bbolsterem<br \/>\nSpecifikace:<\/p>\n<p>Typ no\u017ee Automatick\u00fd Typ \u010depele Drop Point<br \/>\nModel H000-6A-ORCF Povrchov\u00e1 \u00faprava \u010depele DLC \/ \u010dern\u00e1<br \/>\nCelkov\u00e1 d\u00e9lka : 22 cm<\/p>\n<p>Materi\u00e1l rukojeti : Karbon \/ titan<br \/>\nUzav\u0159en\u00e1 d\u00e9lka 12.67 cm<\/p>\n<p>Barva rukojeti Oran\u017eov\u00e1 a \u010dern\u00e1<br \/>\nD\u00e9lka \u010depele 9 cm<\/p>\n<p>Materi\u00e1l klipu : Kuli\u010dkov\u00e9 lo\u017eisko s jedn\u00edm hrotem<br \/>\nTlou\u0161\u0165ka \u010depele 0.425 cm<\/p>\n<p>Materi\u00e1l \u010depele Elmax<\/p>\n<p>Hmotnost 5,1 oz<br \/>\nTvrdost \u010depele 61-62 HRC<br \/>\nP\u016fvod Vyrobeno v USA<\/p>\n<p><iframe title=\"Heretic Shop Video\" width=\"800\" height=\"450\" src=\"https:\/\/www.youtube.com\/embed\/7qUL5q7Cvgo?feature=oembed\" frameborder=\"0\" allow=\"accelerometer; autoplay; clipboard-write; encrypted-media; gyroscope; picture-in-picture; web-share\" referrerpolicy=\"strict-origin-when-cross-origin\" allowfullscreen><\/iframe><\/p>\n","protected":false},"excerpt":{"rendered":"<p>V\u0161echny no\u017ee jsou vyr\u00e1b\u011bny v\u00a0<strong>USA<\/strong>\u00a0a bude to tak i nad\u00e1le. Ka\u017ed\u00fd n\u016f\u017e, kter\u00fd opust\u00ed v\u00fdrobnu, je bezvadn\u00fdm um\u011bleck\u00fdm d\u00edlem,\u00a0 kter\u00fd ur\u010dit\u011b zap\u016fsob\u00ed!<\/p>\n<p><strong>Doprava zdarma.<\/strong><\/p>\n","protected":false},"featured_media":215457,"comment_status":"open","ping_status":"closed","template":"","meta":[],"pwb-brand":[318],"product_brand":[],"product_cat":[2019,17],"product_tag":[],"class_list":{"0":"post-215456","1":"product","2":"type-product","3":"status-publish","4":"has-post-thumbnail","6":"pwb-brand-heretic-knives","7":"product_cat-vystrelovaci-noze","8":"product_cat-noze","10":"first","11":"outofstock","12":"taxable","13":"shipping-taxable","14":"purchasable","15":"product-type-simple"},"brands":[{"id":318,"name":"Heretic Knives","slug":"heretic-knives"}],"_links":{"self":[{"href":"https:\/\/www.moskito.cz\/de\/wp-json\/wp\/v2\/product\/215456","targetHints":{"allow":["GET"]}}],"collection":[{"href":"https:\/\/www.moskito.cz\/de\/wp-json\/wp\/v2\/product"}],"about":[{"href":"https:\/\/www.moskito.cz\/de\/wp-json\/wp\/v2\/types\/product"}],"replies":[{"embeddable":true,"href":"https:\/\/www.moskito.cz\/de\/wp-json\/wp\/v2\/comments?post=215456"}],"wp:featuredmedia":[{"embeddable":true,"href":"https:\/\/www.moskito.cz\/de\/wp-json\/wp\/v2\/media\/215457"}],"wp:attachment":[{"href":"https:\/\/www.moskito.cz\/de\/wp-json\/wp\/v2\/media?parent=215456"}],"wp:term":[{"taxonomy":"pwb-brand","embeddable":true,"href":"https:\/\/www.moskito.cz\/de\/wp-json\/wp\/v2\/pwb-brand?post=215456"},{"taxonomy":"product_brand","embeddable":true,"href":"https:\/\/www.moskito.cz\/de\/wp-json\/wp\/v2\/product_brand?post=215456"},{"taxonomy":"product_cat","embeddable":true,"href":"https:\/\/www.moskito.cz\/de\/wp-json\/wp\/v2\/product_cat?post=215456"},{"taxonomy":"product_tag","embeddable":true,"href":"https:\/\/www.moskito.cz\/de\/wp-json\/wp\/v2\/product_tag?post=215456"}],"curies":[{"name":"wp","href":"https:\/\/api.w.org\/{rel}","templated":true}]}}