{"id":215486,"date":"2022-04-23T22:01:14","date_gmt":"2022-04-23T21:01:14","guid":{"rendered":"https:\/\/www.moskito.cz\/?post_type=product&#038;p=215486"},"modified":"2025-05-07T10:38:32","modified_gmt":"2025-05-07T09:38:32","slug":"vystrelovaci-nuz-heretic-knives-manticore-e-tanto-h027-8a-blu","status":"publish","type":"product","link":"https:\/\/www.moskito.cz\/de\/produkt\/vystrelovaci-nuz-heretic-knives-manticore-e-tanto-h027-8a-blu\/","title":{"rendered":"Vyst\u0159elovac\u00ed N\u016f\u017e Heretic Knives Manticore-E Tanto H027-8A-BLU"},"content":{"rendered":"<p>Vyst\u0159elovac\u00ed N\u016f\u017e <strong>Heretic Knives<\/strong> Manticore-E Tanto H027-8A-BLU<\/p>\n<p>Manticore-E je st\u0159edn\u011b velk\u00fd, dvou\u010dinn\u00fd, p\u0159edn\u00ed, automatick\u00fd a \u0159e\u0161en\u00ed Everyday Carry v \u0159ad\u011b Manticore od Heretic Knives. Dr\u00e1\u017ekovan\u00e9 hlin\u00edkov\u00e9 rukojeti leteck\u00e9 t\u0159\u00eddy s trak\u010dn\u00edmi vroubky a obrysy nab\u00edzej\u00ed bezpe\u010dn\u00fd a pohodln\u00fd \u00fachop s rychl\u00fdm dvoj\u010dinn\u00fdm ovl\u00e1d\u00e1n\u00edm. Tato verze je dod\u00e1v\u00e1na s dvoubarevnou \u010depel\u00ed Battleworn Black Elmax Tanto a modr\u00fdmi eloxovan\u00fdmi rukoje\u0165mi.<\/p>\n<p>Zcela nov\u00e9, p\u0159\u00edmo od Heretic Knives.<\/p>\n<p>\u010cepel: Dlouh\u00e1 \u010depel Tanto m\u00e1 silnou \u0161pi\u010dku a \u0161avli brous\u00edc\u00ed pro odolnost a v\u00fdkon p\u0159i propichov\u00e1n\u00ed, kr\u00e1jen\u00ed a pr\u00e1ci na rovn\u00fdch ploch\u00e1ch. \u010cepel m\u00e1 odolnou povrchovou \u00fapravu Battleworn Black Cerakote na brusn\u00fdch ploch\u00e1ch pro elegantn\u00ed vzhled, kter\u00fd skryje opot\u0159eben\u00ed p\u0159i pou\u017e\u00edv\u00e1n\u00ed. Dvoj\u010dinn\u00fd automatick\u00fd provoz je rychl\u00fd, hladk\u00fd a spolehliv\u00fd. Stisknut\u00edm posuvn\u00e9 \u010d\u00e1sti nahoru se rozvine a dol\u016f pro zata\u017een\u00ed.<\/p>\n<p>Rukoje\u0165: Eloxovan\u00e9 hlin\u00edkov\u00e9 desky nab\u00edzej\u00ed v\u00edce ne\u017e 4,5 palce rukojeti, dostate\u010dn\u011b dlouh\u00e9 pro velk\u00e9 ruce a z\u00e1rove\u0148 se snadno p\u0159en\u00e1\u0161ej\u00ed. Hladk\u00e9 zkosen\u00e9 hrany ve spojen\u00ed se strategicky um\u00edst\u011bn\u00fdmi vroubky a r\u00fdhovan\u00fdm fr\u00e9zov\u00e1n\u00edm nab\u00edzej\u00ed dokonalou kombinaci pohodl\u00ed a trakce. P\u0159edn\u00ed a zadn\u00ed strana jsou steriln\u00ed se v\u0161emi zna\u010dkami na h\u0159bet\u011b pro \u010dist\u00fd vzhled spolu se zadn\u00edm titanov\u00fdm Torx hardwarem.<\/p>\n<p>P\u0159en\u00e1\u0161\u00ed se pomoc\u00ed prav\u00e9ho klipu z nerezov\u00e9 oceli.<\/p>\n<p>Bohler Elmax: Bohler Elmax je obl\u00edbenou volbou pro \u0161pi\u010dkov\u00e9 no\u017ee pro u\u017eivatele. Elmax je srovnateln\u00fd s americk\u00fdm CPM-S30V\/S35VN z hlediska zachov\u00e1n\u00ed hran, hou\u017eevnatosti a ost\u0159en\u00ed s m\u00edrn\u00fdm zlep\u0161en\u00edm odolnosti proti korozi.<\/p>\n<p>Specifikace:<br \/>\nCelkov\u00e1 d\u00e9lka 20 cm<br \/>\nD\u00e9lka \u010depele 8 cm<br \/>\nTlou\u0161\u0165ka \u010depele 0.3 cm<br \/>\nMateri\u00e1l \u010depele Elmax<br \/>\nTyp \u010depele Nerez<br \/>\nMateri\u00e1l rukojeti Hlin\u00edk<br \/>\nKlip Nerezov\u00e1 ocel<br \/>\nPozice klipu Tip-dol\u016f<br \/>\nHmotnost 3,60 oz<br \/>\nzem\u011b v\u00fdroby Spojen\u00e9 st\u00e1ty<\/p>\n<p><iframe title=\"Heretic Shop Video\" width=\"800\" height=\"450\" src=\"https:\/\/www.youtube.com\/embed\/7qUL5q7Cvgo?feature=oembed\" frameborder=\"0\" allow=\"accelerometer; autoplay; clipboard-write; encrypted-media; gyroscope; picture-in-picture; web-share\" referrerpolicy=\"strict-origin-when-cross-origin\" allowfullscreen><\/iframe><\/p>\n<p>&nbsp;<\/p>\n","protected":false},"excerpt":{"rendered":"<p>V\u0161echny na\u0161e no\u017ee jsou vyrobeny v USA a my to tak zachov\u00e1me. Kdy\u017e si koup\u00edte n\u011bkter\u00fd z na\u0161ich no\u017e\u016f, m\u016f\u017eete m\u00edt d\u016fv\u011bru ve sv\u016fj n\u00e1stroj s v\u011bdom\u00edm, \u017ee je podporov\u00e1n americkou spole\u010dnost\u00ed. Na\u0161e no\u017ee jsou vyr\u00e1b\u011bny v mal\u00fdch s\u00e9ri\u00edch, abychom zajistili, \u017ee dostanete kvalitn\u00ed n\u016f\u017e, kter\u00e9mu se nev\u011bnuje pozornost, kterou jin\u00e9 s\u00e9riov\u011b vyr\u00e1b\u011bn\u00e9 no\u017ee nedost\u00e1vaj\u00ed.<\/p>\n<p><strong>Doprava zdarma.<\/strong><\/p>\n","protected":false},"featured_media":215487,"comment_status":"open","ping_status":"closed","template":"","meta":[],"pwb-brand":[318],"product_brand":[],"product_cat":[2019,17],"product_tag":[],"class_list":{"0":"post-215486","1":"product","2":"type-product","3":"status-publish","4":"has-post-thumbnail","6":"pwb-brand-heretic-knives","7":"product_cat-vystrelovaci-noze","8":"product_cat-noze","10":"first","11":"instock","12":"taxable","13":"shipping-taxable","14":"purchasable","15":"product-type-simple"},"brands":[{"id":318,"name":"Heretic Knives","slug":"heretic-knives"}],"_links":{"self":[{"href":"https:\/\/www.moskito.cz\/de\/wp-json\/wp\/v2\/product\/215486","targetHints":{"allow":["GET"]}}],"collection":[{"href":"https:\/\/www.moskito.cz\/de\/wp-json\/wp\/v2\/product"}],"about":[{"href":"https:\/\/www.moskito.cz\/de\/wp-json\/wp\/v2\/types\/product"}],"replies":[{"embeddable":true,"href":"https:\/\/www.moskito.cz\/de\/wp-json\/wp\/v2\/comments?post=215486"}],"wp:featuredmedia":[{"embeddable":true,"href":"https:\/\/www.moskito.cz\/de\/wp-json\/wp\/v2\/media\/215487"}],"wp:attachment":[{"href":"https:\/\/www.moskito.cz\/de\/wp-json\/wp\/v2\/media?parent=215486"}],"wp:term":[{"taxonomy":"pwb-brand","embeddable":true,"href":"https:\/\/www.moskito.cz\/de\/wp-json\/wp\/v2\/pwb-brand?post=215486"},{"taxonomy":"product_brand","embeddable":true,"href":"https:\/\/www.moskito.cz\/de\/wp-json\/wp\/v2\/product_brand?post=215486"},{"taxonomy":"product_cat","embeddable":true,"href":"https:\/\/www.moskito.cz\/de\/wp-json\/wp\/v2\/product_cat?post=215486"},{"taxonomy":"product_tag","embeddable":true,"href":"https:\/\/www.moskito.cz\/de\/wp-json\/wp\/v2\/product_tag?post=215486"}],"curies":[{"name":"wp","href":"https:\/\/api.w.org\/{rel}","templated":true}]}}