{"id":215562,"date":"2022-04-24T21:34:35","date_gmt":"2022-04-24T20:34:35","guid":{"rendered":"https:\/\/www.moskito.cz\/?post_type=product&#038;p=215562"},"modified":"2026-02-05T15:29:25","modified_gmt":"2026-02-05T14:29:25","slug":"vystrelovaci-nuz-sog-au-tanto-partially-serrated","status":"publish","type":"product","link":"https:\/\/www.moskito.cz\/de\/produkt\/vystrelovaci-nuz-sog-au-tanto-partially-serrated\/","title":{"rendered":"Vyst\u0159elovac\u00ed N\u016f\u017e SOG Tac AU TANTO SOG-15-304-57"},"content":{"rendered":"<p>Vyst\u0159elovac\u00ed N\u016f\u017e<strong> SOG<\/strong> AU TANTO PARTIALLY SERRATED.<\/p>\n<p>SOG-TAC AU je automatick\u00fd zav\u00edrac\u00ed n\u016f\u017e, kter\u00fd je navr\u017een\u00fd pro profesion\u00e1ln\u00ed a defenzivn\u00ed u\u017eivatele, s automatick\u00fdm zav\u00edrac\u00edm no\u017eem, kter\u00fd obsahuje z\u00e1mek SOG XR do jedine\u010dn\u00e9ho otev\u00edrac\u00edho mechanismu. Pln\u011b oboustrann\u00fd z\u00e1mek AU-XR od SOG-TAC se snadno otev\u00edr\u00e1 i zamyk\u00e1 s dvoj\u010dinnou pojistkou, kter\u00e1 se pohybuje jednoduch\u00fdm stisknut\u00edm prstu. SOG-TAC AU s 3,43palcovou ocelovou \u010depel\u00ed CRYO D2 a tvrd\u011b eloxovanou hlin\u00edkovou rukojet\u00ed je vyst\u0159elovac\u00ed \u010depel pro ty, kte\u0159\u00ed vy\u017eaduj\u00ed spolehlivost.<\/p>\n<p>BEZPE\u010cN\u00c9 J\u00cdT JEDN\u00cdM TAHNUT\u00cdM<br \/>\nInovativn\u00ed uzamyk\u00e1n\u00ed \u010depele, kter\u00e9 v\u00e1m umo\u017en\u00ed p\u0159ej\u00edt z bezpe\u010dn\u00e9ho na \u010depel otev\u0159enou jedn\u00edm tahem, s funkc\u00ed SOG Double-action Safety.<\/p>\n<p>MIKRO-TEXTUROVAN\u00c9, NE P\u0158ETEXTUROVAN\u00c9<br \/>\nHlin\u00edkov\u00e1 rukoje\u0165 SOG-TAC AU m\u00e1 obroben\u00fd povrch s mikrotexturou, kter\u00fd poskytuje spr\u00e1vnou \u00farove\u0148 \u00fachopu \u2013 na v\u0161ech spr\u00e1vn\u00fdch m\u00edstech \u2013 bez opot\u0159eben\u00ed ruky nebo kapsy.<\/p>\n<h3 class=\"headline\">SHRNUT\u00cd VLASTNOST\u00cd<\/h3>\n<div class=\"copy\">SOG-TAC AU je zcela modern\u00ed \u0159e\u0161en\u00ed tvrd\u00e9ho automatick\u00e9ho no\u017ee.\u00a0Vyzna\u010duje se siln\u00fdm uzamykac\u00edm mechanismem SOG AU-XR, ocel\u00ed CRYO D2 a rychl\u00fdm otev\u00edr\u00e1n\u00edm.<\/div>\n<div>CRYO D2 STEEL<\/div>\n<div>V\u0161estrann\u00e1 n\u00e1strojov\u00e1 ocel s vysok\u00fdm obsahem uhl\u00edku kryogenn\u011b tepeln\u011b zpracovan\u00e1 podle jedine\u010dn\u00fdch v\u00fdkonov\u00fdch specifikac\u00ed SOG. D2 poskytuje ide\u00e1ln\u00ed kombinaci zachov\u00e1n\u00ed hran a odolnosti pro dlouhodob\u00e9 pou\u017e\u00edv\u00e1n\u00ed se snadnou \u00fadr\u017ebou<\/div>\n<div><\/div>\n<div>MIKROTEXTUROVAN\u00c9 RUKOJETI<br \/>\nHlin\u00edkov\u00e1 rukoje\u0165 SOG-TAC AU m\u00e1 obroben\u00fd povrch s mikrotexturou, kter\u00fd poskytuje spr\u00e1vnou \u00farove\u0148 \u00fachopu \u2013 na v\u0161ech spr\u00e1vn\u00fdch m\u00edstech \u2013 bez opot\u0159eben\u00ed ruky nebo kapsy.<\/div>\n<div><\/div>\n<div>DVOJ\u00da\u010cINN\u00c1 BEZPE\u010cNOST<br \/>\nDvoj\u010dinn\u00e1 bezpe\u010dnost, integrovan\u00e1 do jedin\u00e9ho rozhran\u00ed, zabra\u0148uje n\u00e1hodn\u00e9mu rozvinut\u00ed \u010depele a z\u00e1rove\u0148 poskytuje jist\u00e9 a konzistentn\u00ed otev\u0159en\u00ed na vy\u017e\u00e1d\u00e1n\u00ed.<\/div>\n<div><\/div>\n<div>TLOU\u0160\u0164KA \u010cEPELE : 2,8 MM<br \/>\nMATERI\u00c1L RUKOJETI : AL 6061 T6<br \/>\nD\u00c9LKA \u010cEPELE : 8,7 CM<br \/>\nCELKOV\u00c1 VELIKOST : 20,4 CM<br \/>\nBARVA : Black<br \/>\nHMOTNOST : 11,1G<br \/>\nD\u00c9LKA RUKOJETI : 11,7 CM<br \/>\nOCEL : CRYO D2<\/div>\n<div><\/div>\n<p>&nbsp;<\/p>\n<p><iframe title=\"SOG-TAC AU Automatic Folding Knife\" width=\"800\" height=\"450\" src=\"https:\/\/www.youtube.com\/embed\/QbInOoD89k0?feature=oembed\" frameborder=\"0\" allow=\"accelerometer; autoplay; clipboard-write; encrypted-media; gyroscope; picture-in-picture; web-share\" referrerpolicy=\"strict-origin-when-cross-origin\" allowfullscreen><\/iframe><\/p>\n<p>&nbsp;<\/p>\n","protected":false},"excerpt":{"rendered":"<p>A\u0165 u\u017e chr\u00e1n\u00edte ostatn\u00ed nebo vedete epickou loveckou expedici, \u0159e\u0161\u00edte jednu z ka\u017edodenn\u00edch \u017eivotn\u00edch v\u00fdzev nebo se pot\u00fdk\u00e1te se sv\u00fdmi dosud nejextr\u00e9mn\u011bj\u0161\u00edmi podm\u00ednkami, ud\u011blejte si cestu se\u00a0<strong>SOG<\/strong>.<\/p>\n<p><strong>Na v\u0161echny no\u017ee SOG d\u00e1v\u00e1me do\u017eivotn\u00ed z\u00e1ruku!<\/strong><\/p>\n","protected":false},"featured_media":215563,"comment_status":"open","ping_status":"closed","template":"","meta":[],"pwb-brand":[591],"product_brand":[],"product_cat":[2019,17],"product_tag":[3667],"class_list":{"0":"post-215562","1":"product","2":"type-product","3":"status-publish","4":"has-post-thumbnail","6":"pwb-brand-sog","7":"product_cat-vystrelovaci-noze","8":"product_cat-noze","9":"product_tag-b2b","11":"first","12":"instock","13":"taxable","14":"shipping-taxable","15":"purchasable","16":"product-type-simple"},"brands":[{"id":591,"name":"SOG","slug":"sog"}],"_links":{"self":[{"href":"https:\/\/www.moskito.cz\/de\/wp-json\/wp\/v2\/product\/215562","targetHints":{"allow":["GET"]}}],"collection":[{"href":"https:\/\/www.moskito.cz\/de\/wp-json\/wp\/v2\/product"}],"about":[{"href":"https:\/\/www.moskito.cz\/de\/wp-json\/wp\/v2\/types\/product"}],"replies":[{"embeddable":true,"href":"https:\/\/www.moskito.cz\/de\/wp-json\/wp\/v2\/comments?post=215562"}],"wp:featuredmedia":[{"embeddable":true,"href":"https:\/\/www.moskito.cz\/de\/wp-json\/wp\/v2\/media\/215563"}],"wp:attachment":[{"href":"https:\/\/www.moskito.cz\/de\/wp-json\/wp\/v2\/media?parent=215562"}],"wp:term":[{"taxonomy":"pwb-brand","embeddable":true,"href":"https:\/\/www.moskito.cz\/de\/wp-json\/wp\/v2\/pwb-brand?post=215562"},{"taxonomy":"product_brand","embeddable":true,"href":"https:\/\/www.moskito.cz\/de\/wp-json\/wp\/v2\/product_brand?post=215562"},{"taxonomy":"product_cat","embeddable":true,"href":"https:\/\/www.moskito.cz\/de\/wp-json\/wp\/v2\/product_cat?post=215562"},{"taxonomy":"product_tag","embeddable":true,"href":"https:\/\/www.moskito.cz\/de\/wp-json\/wp\/v2\/product_tag?post=215562"}],"curies":[{"name":"wp","href":"https:\/\/api.w.org\/{rel}","templated":true}]}}